{"id":83014,"date":"2021-01-13T12:32:59","date_gmt":"2021-01-13T12:32:59","guid":{"rendered":"https:\/\/futllermo.com\/tienda\/producto\/vello-espinilleras-de-piel-para-empeine-mma-pierna-de-gel-muay-thai-kick-boxing-color-azul-y-blanco\/"},"modified":"2022-01-13T09:59:14","modified_gmt":"2022-01-13T09:59:14","slug":"vello-espinilleras-de-piel-para-empeine-mma-pierna-de-gel-muay-thai-kick-boxing-color-azul-y-blanco","status":"publish","type":"product","link":"https:\/\/futllermo.com\/tienda\/producto\/vello-espinilleras-de-piel-para-empeine-mma-pierna-de-gel-muay-thai-kick-boxing-color-azul-y-blanco\/","title":{"rendered":"VELO. Espinilleras de piel para empeine de artes marciales mixtas y artes marciales mixtas, para Muay Thai, Kick Boxing\u2026"},"content":{"rendered":"<div class=\"disclaim\"> Tama\u00f1o:<strong>L<\/strong> <\/div>\n<p> <!-- show up to 2 reviews by default --> <\/p>\n<p>Espinilleras VELO de piel vacuna con especial atenci\u00f3n para una m\u00e1xima protecci\u00f3n para la parte delantera y las zonas alrededor de los m\u00fasculos inferiores de la pierna y las zonas justo debajo de las rodillas. La espinillera profesional VELO fue creada para combinar los m\u00e1s altos est\u00e1ndares posibles de comodidad con los est\u00e1ndares de seguridad profesionales requeridos. Las espinilleras profesionales de cuero de vaca MMA han presentado paneles de espuma articulados sobre el tobillo y el empeine que proporcionan comodidad adicional y estructuras de rendimiento mejorado con 100%. Esta combinaci\u00f3n de materiales de alta tecnolog\u00eda y tradicionales te da comodidad moderna y durabilidad y resistencia. El dise\u00f1o \u00fanico de las espinilleras de boxeo tailand\u00e9s, MMA Amateur Grappling te ofrece la m\u00e1xima protecci\u00f3n sin restringir tu movilidad. Esta libertad de movimiento separa estos protectores de otras espinilleras voluminosas que te dan una ventaja en entrenamiento y competiciones. <\/p>\n<p>Caracter\u00edsticas: <\/p>\n<ul>\n<li>Espinilleras de piel de vaca de larga duraci\u00f3n. <\/li>\n<li>Correas ajustables de velcro con cierre fuerte. <\/li>\n<li>Hecho de un aut\u00e9ntico material de piel de vacuno. <\/li>\n<li>Correas de velcro muy seguras. <\/li>\n<li>La parte trasera de lona proporciona un uso antideslizante. <\/li>\n<li>Cobertura envolvente con acolchado de gel de espuma de doble capa. <\/li>\n<li>Paneles de espuma articulados que cubren el tobillo y el empeine para mayor comodidad y rendimiento mejorado. <\/li>\n<li>Asegura el protector al pie y la espinilla incluso a trav\u00e9s de las peleas m\u00e1s intensas. <\/li>\n<\/ul>\n<p>Espinillera de piel de vacuno de dise\u00f1o VELO con especial atenci\u00f3n para la m\u00e1xima protecci\u00f3n para la parte delantera y \u00e1reas alrededor de los m\u00fasculos y \u00e1reas inferiores de la pierna justo debajo de las rodilleras. La espinillera profesional VELO fue creada para combinar los m\u00e1s altos est\u00e1ndares de comodidad posibles con los est\u00e1ndares de seguridad profesionales requeridos.<br \/>\nLas espinilleras profesionales de cuero de vaca MMA tienen paneles de espuma articulada sobre el tobillo y empeine que proporcionan comodidad adicional y estructuras de rendimiento mejorado con 100%. Esta combinaci\u00f3n de materiales de alta tecnolog\u00eda y tradicionales le da comodidad moderna y durabilidad y resistencia.<br \/>\nEl dise\u00f1o \u00fanico del boxeo tailand\u00e9s, MMA Amateur Grappling Shin-Instep Guards te ofrece la m\u00e1xima protecci\u00f3n sin restringir tu movilidad. Esta libertad de movimiento separa estos protectores de otras espinilleras Bulkier que te da una ventaja en entrenamiento y competiciones.<br \/>\nEspinilleras de piel de vacuno de larga duraci\u00f3n, cierre fuerte con velcro ajustable correas hechas de un material de piel de vacuno genuino, correas de gancho y lazo realmente seguras<br \/>\nParte trasera de lona que proporciona un uso antideslizante Cobertura envolvente con acolchado de espuma de gel de doble capa, paneles de espuma articulada cubierta tobillo y empeine para mayor comodidad y un rendimiento mejorado que asegura la protecci\u00f3n al pie y la espinilla, incluso a trav\u00e9s de los ara\u00f1azos m\u00e1s intensos.<br \/>\n<\/p>\n","protected":false},"excerpt":{"rendered":"<p>Espinillera de piel de vacuno de dise\u00f1o VELO con especial atenci\u00f3n para la m\u00e1xima protecci\u00f3n para la parte delantera y \u00e1reas alrededor de los m\u00fasculos y \u00e1reas inferiores de la pierna justo debajo de las rodilleras. La espinillera profesional VELO fue creada para combinar los m\u00e1s altos est\u00e1ndares de comodidad posibles con los est\u00e1ndares de seguridad profesionales requeridos.<br \/>\nLas espinilleras profesionales de cuero de vaca MMA tienen paneles de espuma articulada sobre el tobillo y empeine que proporcionan comodidad adicional y estructuras de rendimiento mejorado con 100%. Esta combinaci\u00f3n de materiales de alta tecnolog\u00eda y tradicionales le da comodidad moderna y durabilidad y resistencia.<br \/>\nEl dise\u00f1o \u00fanico del boxeo tailand\u00e9s, MMA Amateur Grappling Shin-Instep Guards te ofrece la m\u00e1xima protecci\u00f3n sin restringir tu movilidad. Esta libertad de movimiento separa estos protectores de otras espinilleras Bulkier que te da una ventaja en entrenamiento y competiciones.<\/p>\n","protected":false},"featured_media":83015,"comment_status":"open","ping_status":"closed","template":"","meta":{"_kadence_starter_templates_imported_post":false,"_kad_post_transparent":"","_kad_post_title":"","_kad_post_layout":"","_kad_post_sidebar_id":"","_kad_post_content_style":"","_kad_post_vertical_padding":"","_kad_post_feature":"","_kad_post_feature_position":"","_kad_post_header":false,"_kad_post_footer":false},"product_brand":[],"product_cat":[493,421],"product_tag":[],"class_list":{"0":"post-83014","1":"product","2":"type-product","3":"status-publish","4":"has-post-thumbnail","6":"product_cat-espinilleras-mma","7":"product_cat-mma","8":"pa_brand-marca-velo","10":"first","11":"instock","12":"shipping-taxable","13":"purchasable","14":"product-type-simple","15":"entry","16":"content-bg","17":"loop-entry"},"_links":{"self":[{"href":"https:\/\/futllermo.com\/tienda\/wp-json\/wp\/v2\/product\/83014","targetHints":{"allow":["GET"]}}],"collection":[{"href":"https:\/\/futllermo.com\/tienda\/wp-json\/wp\/v2\/product"}],"about":[{"href":"https:\/\/futllermo.com\/tienda\/wp-json\/wp\/v2\/types\/product"}],"replies":[{"embeddable":true,"href":"https:\/\/futllermo.com\/tienda\/wp-json\/wp\/v2\/comments?post=83014"}],"wp:featuredmedia":[{"embeddable":true,"href":"https:\/\/futllermo.com\/tienda\/wp-json\/wp\/v2\/media\/83015"}],"wp:attachment":[{"href":"https:\/\/futllermo.com\/tienda\/wp-json\/wp\/v2\/media?parent=83014"}],"wp:term":[{"taxonomy":"product_brand","embeddable":true,"href":"https:\/\/futllermo.com\/tienda\/wp-json\/wp\/v2\/product_brand?post=83014"},{"taxonomy":"product_cat","embeddable":true,"href":"https:\/\/futllermo.com\/tienda\/wp-json\/wp\/v2\/product_cat?post=83014"},{"taxonomy":"product_tag","embeddable":true,"href":"https:\/\/futllermo.com\/tienda\/wp-json\/wp\/v2\/product_tag?post=83014"}],"curies":[{"name":"wp","href":"https:\/\/api.w.org\/{rel}","templated":true}]}}