{"id":83002,"date":"2021-01-13T12:32:45","date_gmt":"2021-01-13T12:32:45","guid":{"rendered":"https:\/\/futllermo.com\/tienda\/producto\/espinilleras-buddha-top-premium\/"},"modified":"2022-01-13T09:59:14","modified_gmt":"2022-01-13T09:59:14","slug":"espinilleras-buddha-top-premium","status":"publish","type":"product","link":"https:\/\/futllermo.com\/tienda\/producto\/espinilleras-buddha-top-premium\/","title":{"rendered":"Espinilleras Buddha Top Premium"},"content":{"rendered":"<p><!-- show up to 2 reviews by default --> <\/p>\n<p>Espinilleras de muay thai, mma y kick boxing tienen todo lo que buscas en unas espinilleras, calidad, dise\u00f1o, protecci\u00f3n, comodidad; hemos mejorado nuestra espinilleras m\u00e1s vendidas, doble costura en partes sensibles y una nueva protecci\u00f3n con lycra entre la tibia y el empeine; est\u00e1n fabricados en piel sint\u00e9tica de alta calidad, con una gran calidad, vigilando y utilizando el mejor material; el cierre de velcro es ajustable para conseguir una sujeci\u00f3n perfecta. <\/p>\n<p>Espinilleras de muay thai, mma y kick boxing tienen todo lo que buscas en unas espinilleras, calidad, dise\u00f1o, protecci\u00f3n, comodidad.<br \/>\nHemos mejorado nuestra espinilleras m\u00e1s vendidas, doble costura en partes sensibles y una nueva protecci\u00f3n con lycra entre la tibia y el empeine<br \/>\nEst\u00e1n fabricados en piel sint\u00e9tica de alta calidad, con una gran calidad, vigilando y utilizando el mejor material<br \/>\nEl cierre de velcro es ajustable para conseguir una sujeci\u00f3n perfecta<br \/>\n<\/p>\n","protected":false},"excerpt":{"rendered":"<p>Espinilleras de muay thai, mma y kick boxing tienen todo lo que buscas en unas espinilleras, calidad, dise\u00f1o, protecci\u00f3n, comodidad.<br \/>\nHemos mejorado nuestra espinilleras m\u00e1s vendidas, doble costura en partes sensibles y una nueva protecci\u00f3n con lycra entre la tibia y el empeine<br \/>\nEst\u00e1n fabricados en piel sint\u00e9tica de alta calidad, con una gran calidad, vigilando y utilizando el mejor material<\/p>\n","protected":false},"featured_media":83004,"comment_status":"open","ping_status":"closed","template":"","meta":{"_kadence_starter_templates_imported_post":false,"_kad_post_transparent":"","_kad_post_title":"","_kad_post_layout":"","_kad_post_sidebar_id":"","_kad_post_content_style":"","_kad_post_vertical_padding":"","_kad_post_feature":"","_kad_post_feature_position":"","_kad_post_header":false,"_kad_post_footer":false},"product_brand":[],"product_cat":[493,421],"product_tag":[],"class_list":{"0":"post-83002","1":"product","2":"type-product","3":"status-publish","4":"has-post-thumbnail","6":"product_cat-espinilleras-mma","7":"product_cat-mma","8":"pa_brand-marca-buddha-sports","10":"first","11":"instock","12":"shipping-taxable","13":"purchasable","14":"product-type-simple","15":"entry","16":"content-bg","17":"loop-entry"},"_links":{"self":[{"href":"https:\/\/futllermo.com\/tienda\/wp-json\/wp\/v2\/product\/83002","targetHints":{"allow":["GET"]}}],"collection":[{"href":"https:\/\/futllermo.com\/tienda\/wp-json\/wp\/v2\/product"}],"about":[{"href":"https:\/\/futllermo.com\/tienda\/wp-json\/wp\/v2\/types\/product"}],"replies":[{"embeddable":true,"href":"https:\/\/futllermo.com\/tienda\/wp-json\/wp\/v2\/comments?post=83002"}],"wp:featuredmedia":[{"embeddable":true,"href":"https:\/\/futllermo.com\/tienda\/wp-json\/wp\/v2\/media\/83004"}],"wp:attachment":[{"href":"https:\/\/futllermo.com\/tienda\/wp-json\/wp\/v2\/media?parent=83002"}],"wp:term":[{"taxonomy":"product_brand","embeddable":true,"href":"https:\/\/futllermo.com\/tienda\/wp-json\/wp\/v2\/product_brand?post=83002"},{"taxonomy":"product_cat","embeddable":true,"href":"https:\/\/futllermo.com\/tienda\/wp-json\/wp\/v2\/product_cat?post=83002"},{"taxonomy":"product_tag","embeddable":true,"href":"https:\/\/futllermo.com\/tienda\/wp-json\/wp\/v2\/product_tag?post=83002"}],"curies":[{"name":"wp","href":"https:\/\/api.w.org\/{rel}","templated":true}]}}