{"id":82991,"date":"2021-01-13T12:32:27","date_gmt":"2021-01-13T12:32:27","guid":{"rendered":"https:\/\/futllermo.com\/tienda\/producto\/hudemr-las-polainas-de-boxeo-equipo-de-proteccion-de-boxeo-muay-sanda-polainas-adultos-tailandes-del-becerro-de-proteccion-combat-training-juego-multicolor-opcional-las-polainas-de-boxeo-espinilleras\/"},"modified":"2022-01-13T09:59:13","modified_gmt":"2022-01-13T09:59:13","slug":"hudemr-las-polainas-de-boxeo-equipo-de-proteccion-de-boxeo-muay-sanda-polainas-adultos-tailandes-del-becerro-de-proteccion-combat-training-juego-multicolor-opcional-las-polainas-de-boxeo-espinilleras","status":"publish","type":"product","link":"https:\/\/futllermo.com\/tienda\/producto\/hudemr-las-polainas-de-boxeo-equipo-de-proteccion-de-boxeo-muay-sanda-polainas-adultos-tailandes-del-becerro-de-proteccion-combat-training-juego-multicolor-opcional-las-polainas-de-boxeo-espinilleras\/","title":{"rendered":"HUDEMR Las Polainas de Boxeo Equipo de Protecci\u00f3n de Boxeo Muay Sanda Polainas Adultos tailand\u00e9s del Becerro de\u2026"},"content":{"rendered":"<div class=\"disclaim\"> Tama\u00f1o:<strong>Large<\/strong> | Color:<strong>Red<\/strong> <\/div>\n<p> <!-- show up to 2 reviews by default --> <\/p>\n<p>Ergon\u00f3micamente dise\u00f1ado para ser espinilleras muay thai, kickboxing o mma adecuado.Nuestros guardias de seguridad de la pierna est\u00e1n dise\u00f1ados para durar el mayor tiempo posible sin que se rompa o degradantes bajo presi\u00f3n extrema.<br \/>Longitud del producto: S 29 cm, H 30 cm, L 33 cm, XL 35 cm, XXL 36 cm.<br \/>tecnolog\u00eda Material: tela de cuero, tela de buceo interior, revestimiento de espuma.<br \/>Uso funcional: PU, la formaci\u00f3n de equipos de protecci\u00f3n, para proteger la pierna.<\/p>\n<p>Nota: hay + error de 2 cm de medici\u00f3n manual.Por favor referirse al objeto real.<\/p>\n<p>dise\u00f1o transpirable: paneles de malla maximizar la permeabilidad del producto.<br \/>Una mayor comodidad: suave forro interior y costuras planas para mayor comodidad,<br \/>En el interior: tela de buceo, no irritar la piel, un buen toque.<br \/>Tobillo protecci\u00f3n engrosamiento: Dise\u00f1o de espesamiento, la fuerza fuerte impacto, la absorci\u00f3n de energ\u00eda de alta eficiencia, buena capacidad de recuperaci\u00f3n.<\/p>\n<p>El dise\u00f1o ergon\u00f3mico est\u00e1 hecha de perfil bajo, peso ligero, flexible material de flexi\u00f3n hacia delante, ajuste peque\u00f1o y el pie superficie precisa, alta seguridad rendimiento.Las abierto garantiza de dise\u00f1o de alta estabilidad de todo el guante durante patadas sin desplazamiento.<\/p>\n<p>Si usted est\u00e1 confundido acerca de la calidad del producto o tiene alguna otra pregunta, f usted no est\u00e1 satisfecho con el producto o no son adecuados, puede ponerse en contacto con nosotros, le daremos una respuesta satisfactoria.<\/p>\n<p>Lista de embalaje: polainas 2X boxeo. <\/p>\n<p>Dise\u00f1ado para proporcionar una espinillera m\u00e1s seguro para apoyar el desarrollo de los atletas que buscan avanzar sus patadas en un superior de la espinilla guardias kickboxing.<br \/>\nHecho de esponja de alta densidad con el acolchado adicional (tibia y el empeine) para mejorar la absorci\u00f3n de choque.<br \/>\nLongitud del producto: S 29 cm, H 30 cm, L 33 cm, XL 35 cm, XXL 36 cm.<br \/>\nmejora de la protecci\u00f3n: integrado y espuma mejorada proporciona una excelente protecci\u00f3n en \u00e1reas clave.<br \/>\nsellado de precisi\u00f3n tecnolog\u00eda de costura manual, para evitar la p\u00e9rdida del proceso, m\u00e1s bella y m\u00e1s generosa.<br \/>\n<\/p>\n","protected":false},"excerpt":{"rendered":"<p>Dise\u00f1ado para proporcionar una espinillera m\u00e1s seguro para apoyar el desarrollo de los atletas que buscan avanzar sus patadas en un superior de la espinilla guardias kickboxing.<br \/>\nHecho de esponja de alta densidad con el acolchado adicional (tibia y el empeine) para mejorar la absorci\u00f3n de choque.<br \/>\nLongitud del producto: S 29 cm, H 30 cm, L 33 cm, XL 35 cm, XXL 36 cm.<\/p>\n","protected":false},"featured_media":82994,"comment_status":"open","ping_status":"closed","template":"","meta":{"_kadence_starter_templates_imported_post":false,"_kad_post_transparent":"","_kad_post_title":"","_kad_post_layout":"","_kad_post_sidebar_id":"","_kad_post_content_style":"","_kad_post_vertical_padding":"","_kad_post_feature":"","_kad_post_feature_position":"","_kad_post_header":false,"_kad_post_footer":false},"product_brand":[],"product_cat":[493,421],"product_tag":[],"class_list":{"0":"post-82991","1":"product","2":"type-product","3":"status-publish","4":"has-post-thumbnail","6":"product_cat-espinilleras-mma","7":"product_cat-mma","8":"pa_brand-marca-hudemr","9":"pa_color-red","10":"pa_marca-hudemr","11":"pa_material-skin","12":"pa_numero-de-modelo-hudemr","13":"pa_peso-del-producto-2-kg","14":"pa_producto-en-amazon-es-desde-8-julio-2020","16":"first","17":"instock","18":"shipping-taxable","19":"purchasable","20":"product-type-simple","21":"entry","22":"content-bg","23":"loop-entry"},"_links":{"self":[{"href":"https:\/\/futllermo.com\/tienda\/wp-json\/wp\/v2\/product\/82991","targetHints":{"allow":["GET"]}}],"collection":[{"href":"https:\/\/futllermo.com\/tienda\/wp-json\/wp\/v2\/product"}],"about":[{"href":"https:\/\/futllermo.com\/tienda\/wp-json\/wp\/v2\/types\/product"}],"replies":[{"embeddable":true,"href":"https:\/\/futllermo.com\/tienda\/wp-json\/wp\/v2\/comments?post=82991"}],"wp:featuredmedia":[{"embeddable":true,"href":"https:\/\/futllermo.com\/tienda\/wp-json\/wp\/v2\/media\/82994"}],"wp:attachment":[{"href":"https:\/\/futllermo.com\/tienda\/wp-json\/wp\/v2\/media?parent=82991"}],"wp:term":[{"taxonomy":"product_brand","embeddable":true,"href":"https:\/\/futllermo.com\/tienda\/wp-json\/wp\/v2\/product_brand?post=82991"},{"taxonomy":"product_cat","embeddable":true,"href":"https:\/\/futllermo.com\/tienda\/wp-json\/wp\/v2\/product_cat?post=82991"},{"taxonomy":"product_tag","embeddable":true,"href":"https:\/\/futllermo.com\/tienda\/wp-json\/wp\/v2\/product_tag?post=82991"}],"curies":[{"name":"wp","href":"https:\/\/api.w.org\/{rel}","templated":true}]}}