{"id":82957,"date":"2021-01-13T12:29:06","date_gmt":"2021-01-13T12:29:06","guid":{"rendered":"https:\/\/futllermo.com\/tienda\/producto\/boom-prime-guantes-de-boxeo-infantil-maya-piel-junior-guantes-de-boxeo-saco-de-boxeo-mma-formacion\/"},"modified":"2022-01-13T09:59:13","modified_gmt":"2022-01-13T09:59:13","slug":"boom-prime-guantes-de-boxeo-infantil-maya-piel-junior-guantes-de-boxeo-saco-de-boxeo-mma-formacion","status":"publish","type":"product","link":"https:\/\/futllermo.com\/tienda\/producto\/boom-prime-guantes-de-boxeo-infantil-maya-piel-junior-guantes-de-boxeo-saco-de-boxeo-mma-formacion\/","title":{"rendered":"BOOM Prime Guantes de boxeo para ni\u00f1os azules de 4 onzas 6 oz 8 oz de cuero maya Junior Youth Punch Bag Kickboxing Mitts\u2026"},"content":{"rendered":"<div class=\"disclaim\"> Tama\u00f1o:<strong>8oz<\/strong> <\/div>\n<p> <!-- show up to 2 reviews by default --> <\/p>\n<p>Teniendo en cuenta el hecho de que un tercio de lesiones de boxeo implica lesiones en la mano y la mayor\u00eda de ellas son causadas por el uso de guantes de boxeo inadecuados, es muy dif\u00edcil para aquellas personas que quieren entrar en el mundo del boxeo seleccionar un buen par de guantes de boxeo: algunos te costar\u00e1n una fortuna y algunos guantes m\u00e1s baratos no te proporcionar\u00e1n suficiente protecci\u00f3n, ya que son baratos por una raz\u00f3n. Por lo tanto, BOOM Prime ha dise\u00f1ado estos guantes de boxeo para ni\u00f1os de color azul, que no solo te proporcionar\u00e1n la m\u00e1xima protecci\u00f3n, sino que tambi\u00e9n vienen a un precio muy asequible. Su misi\u00f3n de BOOM Prime es proporcionar el mejor servicio de calidad y productos a precios razonables. Los guantes de boxeo Boom Prime cuentan con cuero sint\u00e9tico de alta gama transpirable que se elige debido a tener caracter\u00edsticas de absorci\u00f3n de impactos mucho mejoradas y tambi\u00e9n es ligero, lo que permite aumentar el acolchado para los guantes de boxeo proporcionando una protecci\u00f3n inigualable, tambi\u00e9n permite el flujo de aire, lo que los hace m\u00e1s c\u00f3modos de usar. El cuero de los guantes es muy premium y tiene un tacto suave en las manos debido a su elasticidad y dura mucho m\u00e1s que otros guantes de boxeo. El cuero es resistente a las manchas y permite una f\u00e1cil limpieza y tiene un dise\u00f1o resistente acolchado con n\u00facleo de espuma moldeada por inyecci\u00f3n de alta densidad y acolchado de gel multicapa que aumenta la protecci\u00f3n de tus manos y tiene un pulgar adjunto para mayor seguridad, lo que es ideal para sparring. Contiene una correa de velcro ajustable para la mu\u00f1eca que est\u00e1 dise\u00f1ada para proporcionar un mejor ajuste para dar mayor comodidad y control, y el acolchado distribuido uniformemente protege todas tus manos. Gu\u00eda de tallas: los guantes para ni\u00f1os de 4 onzas son m\u00e1s adecuados para ni\u00f1os de 3 a 6 a\u00f1os. Los guantes para ni\u00f1os de 6 onzas son m\u00e1s adecuados para ni\u00f1os de 6 a 9 a\u00f1os. Los guantes de boxeo para ni\u00f1os de 8 onzas son m\u00e1s adecuados par <\/p>\n<p>Los guantes de boxeo azul BOOM Prime Kids est\u00e1n hechos de piel maya de alta calidad que cuenta con caracter\u00edsticas de absorci\u00f3n de golpes, dise\u00f1o y construcci\u00f3n que permite una f\u00e1cil apertura de la mano para trabajos de clinch.<br \/>\nResistente y resistente a las manchas, permite una f\u00e1cil limpieza. La transpirabilidad permite el flujo de aire, lo que hace que estos guantes de boxeo para ni\u00f1os sean m\u00e1s c\u00f3modos<br \/>\nDise\u00f1o con bloqueo de pulgar para protecci\u00f3n de los ojos y tambi\u00e9n mantiene el pulgar a salvo de rotos o esguinces. Forro interior de nailon para repeler la humedad. N\u00facleo de espuma moldeada por inyecci\u00f3n de alta densidad con m\u00faltiples capas de forro de gel que proporciona una protecci\u00f3n inigualable durante el entrenamiento<br \/>\nPerfecto para ni\u00f1os de 5 a 12 a\u00f1os. Los guantes de alta calidad se ven y funcionan como los guantes profesionales para adultos. Ideal para sparring, entrenamiento, etc.<br \/>\nSi quieres un par de guantes duraderos de alta calidad que a los ni\u00f1os les encantar\u00e1. Los guantes de boxeo BOOM Prime son el par perfecto de guantes. Los guantes para ni\u00f1os de 4 onzas son m\u00e1s adecuados para ni\u00f1os de 3 a 6 a\u00f1os. Los guantes para ni\u00f1os de 6 onzas son m\u00e1s adecuados para ni\u00f1os de 6 a 9 a\u00f1os. Los guantes de boxeo para ni\u00f1os de 8 onzas son m\u00e1s adecuados para ni\u00f1os de 9 a 12 a\u00f1os. Se venden por pares. 100% garant\u00eda de calidad de devoluci\u00f3n de dinero<br \/>\n<\/p>\n","protected":false},"excerpt":{"rendered":"<p>Los guantes de boxeo azul BOOM Prime Kids est\u00e1n hechos de piel maya de alta calidad que cuenta con caracter\u00edsticas de absorci\u00f3n de golpes, dise\u00f1o y construcci\u00f3n que permite una f\u00e1cil apertura de la mano para trabajos de clinch.<br \/>\nResistente y resistente a las manchas, permite una f\u00e1cil limpieza. La transpirabilidad permite el flujo de aire, lo que hace que estos guantes de boxeo para ni\u00f1os sean m\u00e1s c\u00f3modos<br \/>\nDise\u00f1o con bloqueo de pulgar para protecci\u00f3n de los ojos y tambi\u00e9n mantiene el pulgar a salvo de rotos o esguinces. Forro interior de nailon para repeler la humedad. N\u00facleo de espuma moldeada por inyecci\u00f3n de alta densidad con m\u00faltiples capas de forro de gel que proporciona una protecci\u00f3n inigualable durante el entrenamiento<\/p>\n","protected":false},"featured_media":82959,"comment_status":"open","ping_status":"closed","template":"","meta":{"_kadence_starter_templates_imported_post":false,"_kad_post_transparent":"","_kad_post_title":"","_kad_post_layout":"","_kad_post_sidebar_id":"","_kad_post_content_style":"","_kad_post_vertical_padding":"","_kad_post_feature":"","_kad_post_feature_position":"","_kad_post_header":false,"_kad_post_footer":false},"product_brand":[],"product_cat":[492,421],"product_tag":[],"class_list":{"0":"post-82957","1":"product","2":"type-product","3":"status-publish","4":"has-post-thumbnail","6":"product_cat-guantes-de-boxeo","7":"product_cat-mma","8":"pa_brand-marca-boom-prime","10":"first","11":"instock","12":"shipping-taxable","13":"purchasable","14":"product-type-simple","15":"entry","16":"content-bg","17":"loop-entry"},"_links":{"self":[{"href":"https:\/\/futllermo.com\/tienda\/wp-json\/wp\/v2\/product\/82957","targetHints":{"allow":["GET"]}}],"collection":[{"href":"https:\/\/futllermo.com\/tienda\/wp-json\/wp\/v2\/product"}],"about":[{"href":"https:\/\/futllermo.com\/tienda\/wp-json\/wp\/v2\/types\/product"}],"replies":[{"embeddable":true,"href":"https:\/\/futllermo.com\/tienda\/wp-json\/wp\/v2\/comments?post=82957"}],"wp:featuredmedia":[{"embeddable":true,"href":"https:\/\/futllermo.com\/tienda\/wp-json\/wp\/v2\/media\/82959"}],"wp:attachment":[{"href":"https:\/\/futllermo.com\/tienda\/wp-json\/wp\/v2\/media?parent=82957"}],"wp:term":[{"taxonomy":"product_brand","embeddable":true,"href":"https:\/\/futllermo.com\/tienda\/wp-json\/wp\/v2\/product_brand?post=82957"},{"taxonomy":"product_cat","embeddable":true,"href":"https:\/\/futllermo.com\/tienda\/wp-json\/wp\/v2\/product_cat?post=82957"},{"taxonomy":"product_tag","embeddable":true,"href":"https:\/\/futllermo.com\/tienda\/wp-json\/wp\/v2\/product_tag?post=82957"}],"curies":[{"name":"wp","href":"https:\/\/api.w.org\/{rel}","templated":true}]}}