{"id":82943,"date":"2021-01-13T12:28:41","date_gmt":"2021-01-13T12:28:41","guid":{"rendered":"https:\/\/futllermo.com\/tienda\/producto\/boom-prime-guantes-de-boxeo-para-hombre-y-mujer-color-negro-mate-10oz-12oz-14oz-16oz-guantes-de-entrenamiento-de-boxeo-para-hombres-y-mujeres-kickboxing-artes-marciales-muay-thai\/"},"modified":"2022-01-13T09:58:34","modified_gmt":"2022-01-13T09:58:34","slug":"boom-prime-guantes-de-boxeo-para-hombre-y-mujer-color-negro-mate-10oz-12oz-14oz-16oz-guantes-de-entrenamiento-de-boxeo-para-hombres-y-mujeres-kickboxing-artes-marciales-muay-thai","status":"publish","type":"product","link":"https:\/\/futllermo.com\/tienda\/producto\/boom-prime-guantes-de-boxeo-para-hombre-y-mujer-color-negro-mate-10oz-12oz-14oz-16oz-guantes-de-entrenamiento-de-boxeo-para-hombres-y-mujeres-kickboxing-artes-marciales-muay-thai\/","title":{"rendered":"BOOM Prime Guantes de boxeo de 10 onzas, 12 onzas, 14 onzas, 16 onzas, guantes de entrenamiento negro mate, para hombres\u2026"},"content":{"rendered":"<p><!-- show up to 2 reviews by default --> <\/p>\n<p>BOOM Prime presenta estos guantes de boxeo BOOM Prime de color negro mate hechos de piel sint\u00e9tica de la m\u00e1s alta calidad. Estos guantes han sido fabricados con materiales de la mejor calidad y superar\u00e1n a cualquier otro producto similar disponible en el mercado = por lo que est\u00e1n disponibles a un precio inmejorable. Estos guantes de boxeo son c\u00f3modos, protectores y vers\u00e1tiles para un luchador de boxeo que lo quiere todo. Duradero y duradero. Malla transpirable utilizada en la palma. Funci\u00f3n de bloqueo de pulgar para mayor seguridad que te da m\u00e1s confianza. Nuestros guantes de boxeo cuentan con malla de nailon estrat\u00e9gicamente colocada que ofrece la m\u00e1xima ventilaci\u00f3n y transpirabilidad. Dise\u00f1o avanzado de malla con perforaciones aireadas que ayudan a mantener las manos secas, y frescas reduce cualquier posibilidad de irritaci\u00f3n a trav\u00e9s del sudor. Ajuste mejorado para una mayor comodidad. Ideal para uso profesional y de entrenamiento. Proporcionando una excelente comodidad y protecci\u00f3n, nuestros guantes son perfectos para una variedad de pr\u00e1cticas de artes marciales como boxeo, kickboxing, Muay Thai, sparring y ejercicios de saco de boxeo. Tambi\u00e9n se puede utilizar en el entrenamiento de artes marciales mixtas junto con vendas de mano. Disponible en cuatro tama\u00f1os: 10 onzas y 12 onzas son ideales para entrenamiento, trabajo con bolsa y manoplas, 14 onzas y 16 onzas son perfectos para sparring. Todo se puede utilizar para entrenamientos con sacos pesados. Se venden por pares. 100% garant\u00eda de devoluci\u00f3n de dinero. ! <\/p>\n<p>Los guantes de boxeo Boom Prime de color negro mate est\u00e1n hechos de piel premium junto con una excelente construcci\u00f3n de guante que proporciona durabilidad y funcionalidad de larga duraci\u00f3n. Estos guantes de boxeo son c\u00f3modos, protectores y vers\u00e1tiles para un luchador de MMA que lo quiere todo.<br \/>\nContiene una correa de mu\u00f1eca completa que proporciona un soporte superior para la mu\u00f1eca\/protecci\u00f3n y permite un ajuste m\u00e1s personalizable y reduce los posibles riesgos de lesiones en la mu\u00f1eca. Este cierre seguro de correa proporciona estabilidad de mu\u00f1eca para una sesi\u00f3n segura<br \/>\nAcolchado de espuma que protege las manos y los nudillos. Cierre de velcro en la mu\u00f1eca para un ajuste seguro y excelente apoyo para la mu\u00f1eca. Cada guante est\u00e1 cosido a mano para un acabado de alta calidad y est\u00e1 hecho de solo los mejores materiales, poniendo tu comodidad y seguridad en primer lugar.<br \/>\nSe adapta a la forma natural del pu\u00f1o para una m\u00e1xima comodidad \u2013 puedes entrenar durante todo el tiempo que quieras sin molestias. Perfecto para sparring, trabajo de bolsa pesada\/almohadilla y todo tipo de entrenamiento de boxeo. Se venden por pares<br \/>\nDisponible en 4 tama\u00f1os: 10 onzas, 12 onzas, 14 onzas y 16 onzas. !<br \/>\n<\/p>\n","protected":false},"excerpt":{"rendered":"<p>Los guantes de boxeo Boom Prime de color negro mate est\u00e1n hechos de piel premium junto con una excelente construcci\u00f3n de guante que proporciona durabilidad y funcionalidad de larga duraci\u00f3n. Estos guantes de boxeo son c\u00f3modos, protectores y vers\u00e1tiles para un luchador de MMA que lo quiere todo.<br \/>\nContiene una correa de mu\u00f1eca completa que proporciona un soporte superior para la mu\u00f1eca\/protecci\u00f3n y permite un ajuste m\u00e1s personalizable y reduce los posibles riesgos de lesiones en la mu\u00f1eca. Este cierre seguro de correa proporciona estabilidad de mu\u00f1eca para una sesi\u00f3n segura<br \/>\nAcolchado de espuma que protege las manos y los nudillos. Cierre de velcro en la mu\u00f1eca para un ajuste seguro y excelente apoyo para la mu\u00f1eca. Cada guante est\u00e1 cosido a mano para un acabado de alta calidad y est\u00e1 hecho de solo los mejores materiales, poniendo tu comodidad y seguridad en primer lugar.<\/p>\n","protected":false},"featured_media":82945,"comment_status":"open","ping_status":"closed","template":"","meta":{"_kadence_starter_templates_imported_post":false,"_kad_post_transparent":"","_kad_post_title":"","_kad_post_layout":"","_kad_post_sidebar_id":"","_kad_post_content_style":"","_kad_post_vertical_padding":"","_kad_post_feature":"","_kad_post_feature_position":"","_kad_post_header":false,"_kad_post_footer":false},"product_brand":[],"product_cat":[492,421],"product_tag":[],"class_list":{"0":"post-82943","1":"product","2":"type-product","3":"status-publish","4":"has-post-thumbnail","6":"product_cat-guantes-de-boxeo","7":"product_cat-mma","8":"pa_brand-marca-boom-prime","10":"first","11":"instock","12":"shipping-taxable","13":"purchasable","14":"product-type-simple","15":"entry","16":"content-bg","17":"loop-entry"},"_links":{"self":[{"href":"https:\/\/futllermo.com\/tienda\/wp-json\/wp\/v2\/product\/82943","targetHints":{"allow":["GET"]}}],"collection":[{"href":"https:\/\/futllermo.com\/tienda\/wp-json\/wp\/v2\/product"}],"about":[{"href":"https:\/\/futllermo.com\/tienda\/wp-json\/wp\/v2\/types\/product"}],"replies":[{"embeddable":true,"href":"https:\/\/futllermo.com\/tienda\/wp-json\/wp\/v2\/comments?post=82943"}],"wp:featuredmedia":[{"embeddable":true,"href":"https:\/\/futllermo.com\/tienda\/wp-json\/wp\/v2\/media\/82945"}],"wp:attachment":[{"href":"https:\/\/futllermo.com\/tienda\/wp-json\/wp\/v2\/media?parent=82943"}],"wp:term":[{"taxonomy":"product_brand","embeddable":true,"href":"https:\/\/futllermo.com\/tienda\/wp-json\/wp\/v2\/product_brand?post=82943"},{"taxonomy":"product_cat","embeddable":true,"href":"https:\/\/futllermo.com\/tienda\/wp-json\/wp\/v2\/product_cat?post=82943"},{"taxonomy":"product_tag","embeddable":true,"href":"https:\/\/futllermo.com\/tienda\/wp-json\/wp\/v2\/product_tag?post=82943"}],"curies":[{"name":"wp","href":"https:\/\/api.w.org\/{rel}","templated":true}]}}