{"id":82931,"date":"2021-01-13T12:28:25","date_gmt":"2021-01-13T12:28:25","guid":{"rendered":"https:\/\/futllermo.com\/tienda\/producto\/n-b-guantes-de-boxeo-pu-ninos-adultos-de-lucha-de-entrenamiento-sanda-guantes-de-hombres-y-mujeres-saco-de-boxeo-guantes-de-boxeo\/"},"modified":"2022-01-13T09:58:34","modified_gmt":"2022-01-13T09:58:34","slug":"n-b-guantes-de-boxeo-pu-ninos-adultos-de-lucha-de-entrenamiento-sanda-guantes-de-hombres-y-mujeres-saco-de-boxeo-guantes-de-boxeo","status":"publish","type":"product","link":"https:\/\/futllermo.com\/tienda\/producto\/n-b-guantes-de-boxeo-pu-ninos-adultos-de-lucha-de-entrenamiento-sanda-guantes-de-hombres-y-mujeres-saco-de-boxeo-guantes-de-boxeo\/","title":{"rendered":"N-B Guantes de boxeo Pu Ni\u00f1os Adultos de Lucha de Entrenamiento Sanda Guantes de Hombres Y Mujeres Saco de boxeo Guantes\u2026"},"content":{"rendered":"<div class=\"disclaim\"> Color:<strong>6haoshengao120-150 Cm<\/strong> | Tama\u00f1o:<strong>lanse<\/strong> <\/div>\n<p> <!-- show up to 2 reviews by default --> <\/p>\n<p>Categor\u00eda de producto: guantes de boxeo. <br \/>Material: poliuretano. <br \/>Estilo: vertical. <br \/>Peso: 120 kg. <br \/>Tama\u00f1o: no. 12 Altura 170-185 cm, No. 10 Altura 160-170 cm, No. 8 Altura 150-160 cm, No. Altura 6: 120-150 cm. <br \/>Color: negro, rojo, azul. <\/p>\n<p>Transpirable y c\u00f3moda: la malla transpirable mantiene tus manos secas y elimina los olores. El dise\u00f1o de la mano precurvada puede mantener el enfoque durante el entrenamiento.<br \/>\n[Cierre seguro de una sola correa]: la correa ajustable ultra ancha se puede estirar para lograr el mejor ajuste, independientemente del tama\u00f1o de tu mu\u00f1eca.<br \/>\nComodidad y dise\u00f1o adecuados: bolsillos ergon\u00f3micos para manos y pulgar que proporcionan un grado de ajuste, lo que puede eliminar la presi\u00f3n de la mano y evitar resbalones. El forro suave no solo se seca r\u00e1pidamente, sino que tambi\u00e9n es muy c\u00f3modo.<br \/>\nDetalles del producto: sigue navegando por las siguientes p\u00e1ginas para ver los par\u00e1metros detallados de este guante de boxeo.<br \/>\n[Servicio posventa]: Si tiene alguna pregunta, no dude en ponerse en contacto con nosotros, le responderemos en 24 horas y le ayudaremos a resolver el problema.<br \/>\n<\/p>\n","protected":false},"excerpt":{"rendered":"<p>Transpirable y c\u00f3moda: la malla transpirable mantiene tus manos secas y elimina los olores. El dise\u00f1o de la mano precurvada puede mantener el enfoque durante el entrenamiento.<br \/>\n[Cierre seguro de una sola correa]: la correa ajustable ultra ancha se puede estirar para lograr el mejor ajuste, independientemente del tama\u00f1o de tu mu\u00f1eca.<br \/>\nComodidad y dise\u00f1o adecuados: bolsillos ergon\u00f3micos para manos y pulgar que proporcionan un grado de ajuste, lo que puede eliminar la presi\u00f3n de la mano y evitar resbalones. El forro suave no solo se seca r\u00e1pidamente, sino que tambi\u00e9n es muy c\u00f3modo.<\/p>\n","protected":false},"featured_media":82934,"comment_status":"open","ping_status":"closed","template":"","meta":{"_kadence_starter_templates_imported_post":false,"_kad_post_transparent":"","_kad_post_title":"","_kad_post_layout":"","_kad_post_sidebar_id":"","_kad_post_content_style":"","_kad_post_vertical_padding":"","_kad_post_feature":"","_kad_post_feature_position":"","_kad_post_header":false,"_kad_post_footer":false},"product_brand":[],"product_cat":[492,421],"product_tag":[],"class_list":{"0":"post-82931","1":"product","2":"type-product","3":"status-publish","4":"has-post-thumbnail","6":"product_cat-guantes-de-boxeo","7":"product_cat-mma","8":"pa_brand-marca-n-b","9":"pa_color-6haoshengao120-150-cm","10":"pa_marca-n-b","11":"pa_producto-en-amazon-es-desde-12-enero-2021","13":"first","14":"instock","15":"shipping-taxable","16":"purchasable","17":"product-type-simple","18":"entry","19":"content-bg","20":"loop-entry"},"_links":{"self":[{"href":"https:\/\/futllermo.com\/tienda\/wp-json\/wp\/v2\/product\/82931","targetHints":{"allow":["GET"]}}],"collection":[{"href":"https:\/\/futllermo.com\/tienda\/wp-json\/wp\/v2\/product"}],"about":[{"href":"https:\/\/futllermo.com\/tienda\/wp-json\/wp\/v2\/types\/product"}],"replies":[{"embeddable":true,"href":"https:\/\/futllermo.com\/tienda\/wp-json\/wp\/v2\/comments?post=82931"}],"wp:featuredmedia":[{"embeddable":true,"href":"https:\/\/futllermo.com\/tienda\/wp-json\/wp\/v2\/media\/82934"}],"wp:attachment":[{"href":"https:\/\/futllermo.com\/tienda\/wp-json\/wp\/v2\/media?parent=82931"}],"wp:term":[{"taxonomy":"product_brand","embeddable":true,"href":"https:\/\/futllermo.com\/tienda\/wp-json\/wp\/v2\/product_brand?post=82931"},{"taxonomy":"product_cat","embeddable":true,"href":"https:\/\/futllermo.com\/tienda\/wp-json\/wp\/v2\/product_cat?post=82931"},{"taxonomy":"product_tag","embeddable":true,"href":"https:\/\/futllermo.com\/tienda\/wp-json\/wp\/v2\/product_tag?post=82931"}],"curies":[{"name":"wp","href":"https:\/\/api.w.org\/{rel}","templated":true}]}}