{"id":82930,"date":"2021-01-13T12:28:24","date_gmt":"2021-01-13T12:28:24","guid":{"rendered":"https:\/\/futllermo.com\/tienda\/producto\/profession-boxing-gloves-para-hombres-y-mujeres-adultos-guantes-de-boxeo-para-combate-kickboxing-muay-thai-thai-diseno-transpirable-de-manera-efectiva-protege-de-manera-efectiva-la-munecarojo12oz\/"},"modified":"2022-01-13T09:58:34","modified_gmt":"2022-01-13T09:58:34","slug":"profession-boxing-gloves-para-hombres-y-mujeres-adultos-guantes-de-boxeo-para-combate-kickboxing-muay-thai-thai-diseno-transpirable-de-manera-efectiva-protege-de-manera-efectiva-la-munecarojo12oz","status":"publish","type":"product","link":"https:\/\/futllermo.com\/tienda\/producto\/profession-boxing-gloves-para-hombres-y-mujeres-adultos-guantes-de-boxeo-para-combate-kickboxing-muay-thai-thai-diseno-transpirable-de-manera-efectiva-protege-de-manera-efectiva-la-munecarojo12oz\/","title":{"rendered":"Profession Boxing Gloves Para Hombres Y Mujeres Adultos, Guantes De Boxeo Para Combate Kickboxing Muay Thai Thai Dise\u00f1o\u2026"},"content":{"rendered":"<div class=\"disclaim\"> Tama\u00f1o:<strong>12OZ<\/strong> | Color:<strong>Red<\/strong> <\/div>\n<p> <!-- show up to 2 reviews by default --> <\/p>\n<p>1.Proporcionar una excelente protecci\u00f3n y suavidad para ayudar a prevenir lesiones en sus manos mientras entrenan<br \/>Forma 2.ergon\u00f3mica para un punz\u00f3n potente y r\u00e1pido.<\/p>\n<p>Especificaciones:<br \/>Nombre: Guantes de boxeo<br \/>Material: Microfibra<br \/>Estilo: Velcro<br \/>Color: Azul \/ Negro \/ Rojo<br \/>Tama\u00f1o: 8oz \/ 10oz \/ 12oz \/ 14oz \/ 16oz<\/p>\n<p>El paquete incluye:<br \/>Un par de guantes de boxeo<\/p>\n<p>Nota:<br \/>Por favor, permita errores de tama\u00f1o ligero debido a la medici\u00f3n manual.<\/p>\n<p>Ofrecemos un servicio postventa de calidad, si tiene alguna pregunta, no dude en contactarnos, \u00a1haremos todo lo posible para resolver sus problemas! <\/p>\n<p>Protecci\u00f3n suprema: gel de triple densidad y espuma de impacto con dise\u00f1o pre-curvado y material absorbente de choque de nuestros guantes de kickboxing protege las manos que brindan una seguridad \u00f3ptima, lo que hace que estos mejores guantes de kickbox.<br \/>\nProteja sus mu\u00f1ecas: un poderoso sistema de gancho y cierre de bucle significa que no tendr\u00e1 que tirar de sus golpes porque est\u00e1 preocupado por las mu\u00f1ecas. Una vez que aprietas estas correas, est\u00e1s configurado para toda la sesi\u00f3n ..<br \/>\nTranspirable y c\u00f3modo: la malla transpirable mantiene la mano y se deshace del olor. El dise\u00f1o de la mano pre-curvada permite mantener el enfoque mientras se entrena.<br \/>\nTodo el prop\u00f3sito: estos guantes de boxeo son ideales para kickboxing, combate, entrenamientos de bolsas pesadas y trabajo de Mitt para un f\u00e1cil uso de guantes de entrenamiento de boxeo.<br \/>\nInstrucciones de cuidado: No laves los guantes. Use un pa\u00f1o amortiguado por agua para limpiar los aceites y la suciedad, que puede acumularse durante el uso. Abierto completamente para secar.<br \/>\n<\/p>\n","protected":false},"excerpt":{"rendered":"<p>Protecci\u00f3n suprema: gel de triple densidad y espuma de impacto con dise\u00f1o pre-curvado y material absorbente de choque de nuestros guantes de kickboxing protege las manos que brindan una seguridad \u00f3ptima, lo que hace que estos mejores guantes de kickbox.<br \/>\nProteja sus mu\u00f1ecas: un poderoso sistema de gancho y cierre de bucle significa que no tendr\u00e1 que tirar de sus golpes porque est\u00e1 preocupado por las mu\u00f1ecas. Una vez que aprietas estas correas, est\u00e1s configurado para toda la sesi\u00f3n ..<br \/>\nTranspirable y c\u00f3modo: la malla transpirable mantiene la mano y se deshace del olor. El dise\u00f1o de la mano pre-curvada permite mantener el enfoque mientras se entrena.<\/p>\n","protected":false},"featured_media":82932,"comment_status":"open","ping_status":"closed","template":"","meta":{"_kadence_starter_templates_imported_post":false,"_kad_post_transparent":"","_kad_post_title":"","_kad_post_layout":"","_kad_post_sidebar_id":"","_kad_post_content_style":"","_kad_post_vertical_padding":"","_kad_post_feature":"","_kad_post_feature_position":"","_kad_post_header":false,"_kad_post_footer":false},"product_brand":[],"product_cat":[492,421],"product_tag":[],"class_list":{"0":"post-82930","1":"product","2":"type-product","3":"status-publish","4":"has-post-thumbnail","6":"product_cat-guantes-de-boxeo","7":"product_cat-mma","8":"pa_brand-marca-renyaya","9":"pa_color-red","10":"pa_marca-renyaya","11":"pa_numero-de-modelo-563-689-359","12":"pa_producto-en-amazon-es-desde-12-enero-2021","14":"first","15":"instock","16":"shipping-taxable","17":"purchasable","18":"product-type-simple","19":"entry","20":"content-bg","21":"loop-entry"},"_links":{"self":[{"href":"https:\/\/futllermo.com\/tienda\/wp-json\/wp\/v2\/product\/82930","targetHints":{"allow":["GET"]}}],"collection":[{"href":"https:\/\/futllermo.com\/tienda\/wp-json\/wp\/v2\/product"}],"about":[{"href":"https:\/\/futllermo.com\/tienda\/wp-json\/wp\/v2\/types\/product"}],"replies":[{"embeddable":true,"href":"https:\/\/futllermo.com\/tienda\/wp-json\/wp\/v2\/comments?post=82930"}],"wp:featuredmedia":[{"embeddable":true,"href":"https:\/\/futllermo.com\/tienda\/wp-json\/wp\/v2\/media\/82932"}],"wp:attachment":[{"href":"https:\/\/futllermo.com\/tienda\/wp-json\/wp\/v2\/media?parent=82930"}],"wp:term":[{"taxonomy":"product_brand","embeddable":true,"href":"https:\/\/futllermo.com\/tienda\/wp-json\/wp\/v2\/product_brand?post=82930"},{"taxonomy":"product_cat","embeddable":true,"href":"https:\/\/futllermo.com\/tienda\/wp-json\/wp\/v2\/product_cat?post=82930"},{"taxonomy":"product_tag","embeddable":true,"href":"https:\/\/futllermo.com\/tienda\/wp-json\/wp\/v2\/product_tag?post=82930"}],"curies":[{"name":"wp","href":"https:\/\/api.w.org\/{rel}","templated":true}]}}