{"id":82918,"date":"2021-01-13T12:28:07","date_gmt":"2021-01-13T12:28:07","guid":{"rendered":"https:\/\/futllermo.com\/tienda\/producto\/xinllm-guantillas-karate-guantes-kick-boxing-golpe-guantes-junior-guantes-de-boxeo-bolsa-de-boxeo-guantes-guantes-de-boxeo-de-cuero-pu-guantes-de-kickboxing-whitel\/"},"modified":"2022-01-13T09:58:34","modified_gmt":"2022-01-13T09:58:34","slug":"xinllm-guantillas-karate-guantes-kick-boxing-golpe-guantes-junior-guantes-de-boxeo-bolsa-de-boxeo-guantes-guantes-de-boxeo-de-cuero-pu-guantes-de-kickboxing-whitel","status":"publish","type":"product","link":"https:\/\/futllermo.com\/tienda\/producto\/xinllm-guantillas-karate-guantes-kick-boxing-golpe-guantes-junior-guantes-de-boxeo-bolsa-de-boxeo-guantes-guantes-de-boxeo-de-cuero-pu-guantes-de-kickboxing-whitel\/","title":{"rendered":"Xinllm Guantillas Karate Guantes Kick Boxing Golpe Guantes Junior Guantes de Boxeo Bolsa de Boxeo Guantes Guantes de\u2026"},"content":{"rendered":"<div class=\"disclaim\"> Color:<strong>White<\/strong> | Tama\u00f1o:<strong>Large<\/strong> <\/div>\n<p> <!-- show up to 2 reviews by default --> <\/p>\n<p>Caracter\u00edsticas:<br \/>1. Hay un orificio de ventilaci\u00f3n en la palma para disipar el calor.<br \/>2. Moldeado de una sola pieza, flexible y grueso, antigolpes, buen efecto de amortiguaci\u00f3n, puede proteger bien el pu\u00f1o.<br \/>Material principal: piel sint\u00e9tica de gran calidad<br \/>Color: como se muestra<br \/>Tama\u00f1o: como se muestra<br \/>Tipo: guantes de boxeo<br \/>Funci\u00f3n: protege las articulaciones de la mu\u00f1eca y de los dedos del boxeador y evita la dislocaci\u00f3n de los dedos.<br \/>Grupo de edad: Adultos<br \/>Adecuado para: entusiastas de la lucha libre<br \/>Crisol de grafito mini horno de oro de la antorcha de fusi\u00f3n del metal:<br \/>2 * guantes de boxeo (1 par)<br \/>Notas:<br \/>1. Debido a la diferencia del monitor y el efecto de la luz, el color real del art\u00edculo puede ser ligeramente diferente del color mostrado en las im\u00e1genes. \u00a1Gracias!<br \/>2. Permita 1-3cm de desviaci\u00f3n de medici\u00f3n debido a la medici\u00f3n manual. <\/p>\n<p>Transpiraci\u00f3n: los orificios de ventilaci\u00f3n est\u00e1n colocados en el pulgar para permitir el contacto con el aire, de modo que se pueda sujetar mejor. Mejor protecci\u00f3n de las manos<br \/>\nComodidad: dise\u00f1ado para sentarse c\u00f3modamente en las manos del usuario y proporcionar la protecci\u00f3n adecuada. La red antihumedad mantiene tus manos secas, mientras que los guantes de boxeo mantienen el olor fresco. La palma est\u00e1 forrada con espuma para aumentar la suavidad al usar guantes y hacer que los guantes sean m\u00e1s duraderos.<br \/>\nMaterial superseguro: tanto si est\u00e1 buscando guantes de boxeo para hombres, guantes de boxeo para mujeres, guantes tailandeses, guantes de Taekwondo, guantes de entrenamiento, la seguridad es esencial. Nuestros guantes de boxeo est\u00e1n dise\u00f1ados con seguridad en mente. La presi\u00f3n de impacto puede distribuirse de forma segura a trav\u00e9s de los guantes. Hacer guantes de boxeo m\u00e1s seguros y prevenir lesiones innecesarias<br \/>\nAmpliamente utilizado: Estos guantes son ideales para Sanda, boxeo, tailand\u00e9s, y tambi\u00e9n se pueden utilizar para entrenamiento y entrenamiento. Materiales seguros y c\u00f3modos de alta calidad que proporcionan mayor firmeza y mayor flexibilidad.<br \/>\nEn cuanto al transporte: Excepto d\u00edas festivos, el tiempo normal de transporte es de 25-40 d\u00edas. Debido a que es manejado por un servicio de terceros, no podemos controlar el tiempo de entrega, pero si el paquete no llega dentro del tiempo previsto, cont\u00e1ctanos a tiempo.<br \/>\n<\/p>\n","protected":false},"excerpt":{"rendered":"<p>Transpiraci\u00f3n: los orificios de ventilaci\u00f3n est\u00e1n colocados en el pulgar para permitir el contacto con el aire, de modo que se pueda sujetar mejor. Mejor protecci\u00f3n de las manos<br \/>\nComodidad: dise\u00f1ado para sentarse c\u00f3modamente en las manos del usuario y proporcionar la protecci\u00f3n adecuada. La red antihumedad mantiene tus manos secas, mientras que los guantes de boxeo mantienen el olor fresco. La palma est\u00e1 forrada con espuma para aumentar la suavidad al usar guantes y hacer que los guantes sean m\u00e1s duraderos.<br \/>\nMaterial superseguro: tanto si est\u00e1 buscando guantes de boxeo para hombres, guantes de boxeo para mujeres, guantes tailandeses, guantes de Taekwondo, guantes de entrenamiento, la seguridad es esencial. Nuestros guantes de boxeo est\u00e1n dise\u00f1ados con seguridad en mente. La presi\u00f3n de impacto puede distribuirse de forma segura a trav\u00e9s de los guantes. Hacer guantes de boxeo m\u00e1s seguros y prevenir lesiones innecesarias<\/p>\n","protected":false},"featured_media":82922,"comment_status":"open","ping_status":"closed","template":"","meta":{"_kadence_starter_templates_imported_post":false,"_kad_post_transparent":"","_kad_post_title":"","_kad_post_layout":"","_kad_post_sidebar_id":"","_kad_post_content_style":"","_kad_post_vertical_padding":"","_kad_post_feature":"","_kad_post_feature_position":"","_kad_post_header":false,"_kad_post_footer":false},"product_brand":[],"product_cat":[492,421],"product_tag":[],"class_list":{"0":"post-82918","1":"product","2":"type-product","3":"status-publish","4":"has-post-thumbnail","6":"product_cat-guantes-de-boxeo","7":"product_cat-mma","8":"pa_brand-marca-xinllm","9":"pa_color-white","10":"pa_marca-xinllm","11":"pa_numero-de-modelo-519","12":"pa_producto-en-amazon-es-desde-11-enero-2021","14":"first","15":"instock","16":"shipping-taxable","17":"purchasable","18":"product-type-simple","19":"entry","20":"content-bg","21":"loop-entry"},"_links":{"self":[{"href":"https:\/\/futllermo.com\/tienda\/wp-json\/wp\/v2\/product\/82918","targetHints":{"allow":["GET"]}}],"collection":[{"href":"https:\/\/futllermo.com\/tienda\/wp-json\/wp\/v2\/product"}],"about":[{"href":"https:\/\/futllermo.com\/tienda\/wp-json\/wp\/v2\/types\/product"}],"replies":[{"embeddable":true,"href":"https:\/\/futllermo.com\/tienda\/wp-json\/wp\/v2\/comments?post=82918"}],"wp:featuredmedia":[{"embeddable":true,"href":"https:\/\/futllermo.com\/tienda\/wp-json\/wp\/v2\/media\/82922"}],"wp:attachment":[{"href":"https:\/\/futllermo.com\/tienda\/wp-json\/wp\/v2\/media?parent=82918"}],"wp:term":[{"taxonomy":"product_brand","embeddable":true,"href":"https:\/\/futllermo.com\/tienda\/wp-json\/wp\/v2\/product_brand?post=82918"},{"taxonomy":"product_cat","embeddable":true,"href":"https:\/\/futllermo.com\/tienda\/wp-json\/wp\/v2\/product_cat?post=82918"},{"taxonomy":"product_tag","embeddable":true,"href":"https:\/\/futllermo.com\/tienda\/wp-json\/wp\/v2\/product_tag?post=82918"}],"curies":[{"name":"wp","href":"https:\/\/api.w.org\/{rel}","templated":true}]}}