{"id":82857,"date":"2021-01-13T12:24:15","date_gmt":"2021-01-13T12:24:15","guid":{"rendered":"https:\/\/futllermo.com\/tienda\/producto\/metal-boxe-pb480-guantes-de-boxeo\/"},"modified":"2022-01-13T09:58:33","modified_gmt":"2022-01-13T09:58:33","slug":"metal-boxe-pb480-guantes-de-boxeo","status":"publish","type":"product","link":"https:\/\/futllermo.com\/tienda\/producto\/metal-boxe-pb480-guantes-de-boxeo\/","title":{"rendered":"Metal Boxe PB480 &#8211; Guantes de boxeo"},"content":{"rendered":"<p><!-- show up to 2 reviews by default --> <\/p>\n<p>Guantes De Iniciaci\u00f3n Preformados De Espuma Que Proporciona Una Buena Protecci\u00f3n Y Ergonom\u00eda De Un Guante De Alto Nivel Para Servir Al Boxeo Educativo. Este Guante Ha Sido Dise\u00f1ado Con El M\u00e1ximo Cuidado. Es Especialmente Adecuado Para Los Ataques De Luz. Apretando Los Pu\u00f1os Con Velcro. \u00abMejor Precio Garantizado\u00bb. <\/p>\n<p>Un guante dise\u00f1ado para la competici\u00f3n y entrenamiento de alto nivel<br \/>\nProtecci\u00f3n lado interno, velcro el\u00e1stico ancho que proporciona la sujeci\u00f3n exacta<br \/>\nAireaci\u00f3n y ventilaci\u00f3n \u00f3ptimas a trav\u00e9s del sistema Windtec, regula la temperatura dentro de los guantes<br \/>\nCon relleno de espuma inyectado que toma una densidad y forma controlada, ofrece alta absorci\u00f3n de calzas y larga durabilidad<br \/>\n<\/p>\n","protected":false},"excerpt":{"rendered":"<p>Un guante dise\u00f1ado para la competici\u00f3n y entrenamiento de alto nivel<br \/>\nProtecci\u00f3n lado interno, velcro el\u00e1stico ancho que proporciona la sujeci\u00f3n exacta<br \/>\nAireaci\u00f3n y ventilaci\u00f3n \u00f3ptimas a trav\u00e9s del sistema Windtec, regula la temperatura dentro de los guantes<\/p>\n","protected":false},"featured_media":82859,"comment_status":"open","ping_status":"closed","template":"","meta":{"_kadence_starter_templates_imported_post":false,"_kad_post_transparent":"","_kad_post_title":"","_kad_post_layout":"","_kad_post_sidebar_id":"","_kad_post_content_style":"","_kad_post_vertical_padding":"","_kad_post_feature":"","_kad_post_feature_position":"","_kad_post_header":false,"_kad_post_footer":false},"product_brand":[],"product_cat":[492,421],"product_tag":[],"class_list":{"0":"post-82857","1":"product","2":"type-product","3":"status-publish","4":"has-post-thumbnail","6":"product_cat-guantes-de-boxeo","7":"product_cat-mma","8":"pa_brand-marca-metal-boxe","10":"first","11":"instock","12":"shipping-taxable","13":"purchasable","14":"product-type-simple","15":"entry","16":"content-bg","17":"loop-entry"},"_links":{"self":[{"href":"https:\/\/futllermo.com\/tienda\/wp-json\/wp\/v2\/product\/82857","targetHints":{"allow":["GET"]}}],"collection":[{"href":"https:\/\/futllermo.com\/tienda\/wp-json\/wp\/v2\/product"}],"about":[{"href":"https:\/\/futllermo.com\/tienda\/wp-json\/wp\/v2\/types\/product"}],"replies":[{"embeddable":true,"href":"https:\/\/futllermo.com\/tienda\/wp-json\/wp\/v2\/comments?post=82857"}],"wp:featuredmedia":[{"embeddable":true,"href":"https:\/\/futllermo.com\/tienda\/wp-json\/wp\/v2\/media\/82859"}],"wp:attachment":[{"href":"https:\/\/futllermo.com\/tienda\/wp-json\/wp\/v2\/media?parent=82857"}],"wp:term":[{"taxonomy":"product_brand","embeddable":true,"href":"https:\/\/futllermo.com\/tienda\/wp-json\/wp\/v2\/product_brand?post=82857"},{"taxonomy":"product_cat","embeddable":true,"href":"https:\/\/futllermo.com\/tienda\/wp-json\/wp\/v2\/product_cat?post=82857"},{"taxonomy":"product_tag","embeddable":true,"href":"https:\/\/futllermo.com\/tienda\/wp-json\/wp\/v2\/product_tag?post=82857"}],"curies":[{"name":"wp","href":"https:\/\/api.w.org\/{rel}","templated":true}]}}