{"id":82827,"date":"2021-01-13T12:23:28","date_gmt":"2021-01-13T12:23:28","guid":{"rendered":"https:\/\/futllermo.com\/tienda\/producto\/brace-master-mma-gloves-guantes-ufc-guantes-de-boxeo-para-hombres-mujeres-cuero-mas-acolchado-saco-de-boxeo-sin-dedos-guantes-para-kickboxing-sparring-muay-thai-y-heavy-bag-2\/"},"modified":"2022-01-13T09:58:32","modified_gmt":"2022-01-13T09:58:32","slug":"brace-master-mma-gloves-guantes-ufc-guantes-de-boxeo-para-hombres-mujeres-cuero-mas-acolchado-saco-de-boxeo-sin-dedos-guantes-para-kickboxing-sparring-muay-thai-y-heavy-bag-2","status":"publish","type":"product","link":"https:\/\/futllermo.com\/tienda\/producto\/brace-master-mma-gloves-guantes-ufc-guantes-de-boxeo-para-hombres-mujeres-cuero-mas-acolchado-saco-de-boxeo-sin-dedos-guantes-para-kickboxing-sparring-muay-thai-y-heavy-bag-2\/","title":{"rendered":"Brace Master MMA Guantes UFC Guantes de cuero M\u00e1s acolchado para hombres Mujeres Knuckle Wrist Protection, Guantes de\u2026"},"content":{"rendered":"<p><!-- show up to 2 reviews by default --> <\/p>\n<p>Guantes BraceMaster para la pr\u00e1ctica de MMA\/UFC, boxeo, etc\u2026 Nuestros guantes le ayudar\u00e1n a proteger sus dedos, manos y mu\u00f1eca de los golpes recibidos durante sus entrenamientos o luchas. Guantes profesionales de gran calidad. CARACTER\u00cdSTICAS: 1. Elaborado con cuero sint\u00e9tico de alta c\u00e1lida que garantiza una larga vida \u00fatil. 2. Almohadillado Tri-Slab sobre los nudillos para garantizarle una incre\u00edble protecci\u00f3n frente a los golpes. 3. Para una mayor protecci\u00f3n del dedo pulgar, podr\u00e1 a\u00f1adir un relleno adicional sin disminuir su movilidad. 4. Ajuste de doble vuelta con gancho y bucle para aumentar la protecci\u00f3n de su mu\u00f1eca. Material: Cuero sint\u00e9tico de alta calidad <\/p>\n<p>Guantes profesionales para la pr\u00e1ctica de MMA, especialmente combate, entrenamientos intensos, boxeo, cardio kickboxing, Muay Thay o artes marciales mixtas.<br \/>\nElaborado en cuero sint\u00e9tico de gran calidad para proporcionar una larga vida \u00fatil. En su interior cuenta con un forro que absorbe la humedad, derivada de la pr\u00e1ctica deportiva, para mantener las manos secas.<br \/>\nNuestro modelo presenta peque\u00f1as perforaciones en la palma de las manos para asegurar una correcta refrigeraci\u00f3n as\u00ed como garantizar un agarre perfecto.<br \/>\nGran protecci\u00f3n del pulgar gracias a su relleno de espuma para reducir el impacto sin ir en detrimento de su movilidad.<br \/>\nApto para: luchadores de MMA, UFC, combate, boxeo, cardio kickboxing, Muay Thai, sanda, saco de boxeo, y muchos otros m\u00e1s.<br \/>\n<\/p>\n","protected":false},"excerpt":{"rendered":"<p>Guantes profesionales para la pr\u00e1ctica de MMA, especialmente combate, entrenamientos intensos, boxeo, cardio kickboxing, Muay Thay o artes marciales mixtas.<br \/>\nElaborado en cuero sint\u00e9tico de gran calidad para proporcionar una larga vida \u00fatil. En su interior cuenta con un forro que absorbe la humedad, derivada de la pr\u00e1ctica deportiva, para mantener las manos secas.<br \/>\nNuestro modelo presenta peque\u00f1as perforaciones en la palma de las manos para asegurar una correcta refrigeraci\u00f3n as\u00ed como garantizar un agarre perfecto.<\/p>\n","protected":false},"featured_media":82829,"comment_status":"open","ping_status":"closed","template":"","meta":{"_kadence_starter_templates_imported_post":false,"_kad_post_transparent":"","_kad_post_title":"","_kad_post_layout":"","_kad_post_sidebar_id":"","_kad_post_content_style":"","_kad_post_vertical_padding":"","_kad_post_feature":"","_kad_post_feature_position":"","_kad_post_header":false,"_kad_post_footer":false},"product_brand":[],"product_cat":[492,421],"product_tag":[],"class_list":{"0":"post-82827","1":"product","2":"type-product","3":"status-publish","4":"has-post-thumbnail","6":"product_cat-guantes-de-boxeo","7":"product_cat-mma","8":"pa_brand-visita-la-store-de-brace-master","10":"first","11":"instock","12":"shipping-taxable","13":"purchasable","14":"product-type-simple","15":"entry","16":"content-bg","17":"loop-entry"},"_links":{"self":[{"href":"https:\/\/futllermo.com\/tienda\/wp-json\/wp\/v2\/product\/82827","targetHints":{"allow":["GET"]}}],"collection":[{"href":"https:\/\/futllermo.com\/tienda\/wp-json\/wp\/v2\/product"}],"about":[{"href":"https:\/\/futllermo.com\/tienda\/wp-json\/wp\/v2\/types\/product"}],"replies":[{"embeddable":true,"href":"https:\/\/futllermo.com\/tienda\/wp-json\/wp\/v2\/comments?post=82827"}],"wp:featuredmedia":[{"embeddable":true,"href":"https:\/\/futllermo.com\/tienda\/wp-json\/wp\/v2\/media\/82829"}],"wp:attachment":[{"href":"https:\/\/futllermo.com\/tienda\/wp-json\/wp\/v2\/media?parent=82827"}],"wp:term":[{"taxonomy":"product_brand","embeddable":true,"href":"https:\/\/futllermo.com\/tienda\/wp-json\/wp\/v2\/product_brand?post=82827"},{"taxonomy":"product_cat","embeddable":true,"href":"https:\/\/futllermo.com\/tienda\/wp-json\/wp\/v2\/product_cat?post=82827"},{"taxonomy":"product_tag","embeddable":true,"href":"https:\/\/futllermo.com\/tienda\/wp-json\/wp\/v2\/product_tag?post=82827"}],"curies":[{"name":"wp","href":"https:\/\/api.w.org\/{rel}","templated":true}]}}