{"id":82803,"date":"2021-01-13T12:22:55","date_gmt":"2021-01-13T12:22:55","guid":{"rendered":"https:\/\/futllermo.com\/tienda\/producto\/leon-1947-flash-guantes\/"},"modified":"2022-01-13T09:58:32","modified_gmt":"2022-01-13T09:58:32","slug":"leon-1947-flash-guantes","status":"publish","type":"product","link":"https:\/\/futllermo.com\/tienda\/producto\/leon-1947-flash-guantes\/","title":{"rendered":"Le\u00f3n 1947\u00a0Flash Guantes"},"content":{"rendered":"<div class=\"disclaim\"> Tama\u00f1o:<strong>M<\/strong> | Color:<strong>fucsia<\/strong> <\/div>\n<p> <!-- show up to 2 reviews by default --> <\/p>\n<p>Es el art\u00edculo perfecto para todos aquellos que deciden empezar la pr\u00e1ctica de los deportes de ring. El material t\u00e9cnico perforado presente en la palma y el acolchado de capas de poliuretano Flex permiten una mayor ventilaci\u00f3n de la mano y una protecci\u00f3n \u00f3ptima durante todas las sesiones de entrenamiento. \u00a1Completa la oferta una relaci\u00f3n calidad-precio realmente inmejorable! <\/p>\n<p>Guantes de boxeo sint\u00e9ticos perfectos para todos los j\u00f3venes fighters que deciden empezar la pr\u00e1ctica de los deportes de ring.<br \/>\nMaterial t\u00e9cnico perforado presente en la palma<br \/>\nAcolchado de capas de poliuretano flexible para una mayor ventilaci\u00f3n de la mano.<br \/>\nIdeal para todos aquellos que deciden empezar la pr\u00e1ctica de los deportes de ring<br \/>\n<\/p>\n","protected":false},"excerpt":{"rendered":"<p>Guantes de boxeo sint\u00e9ticos perfectos para todos los j\u00f3venes fighters que deciden empezar la pr\u00e1ctica de los deportes de ring.<br \/>\nMaterial t\u00e9cnico perforado presente en la palma<br \/>\nAcolchado de capas de poliuretano flexible para una mayor ventilaci\u00f3n de la mano.<\/p>\n","protected":false},"featured_media":82805,"comment_status":"open","ping_status":"closed","template":"","meta":{"_kadence_starter_templates_imported_post":false,"_kad_post_transparent":"","_kad_post_title":"","_kad_post_layout":"","_kad_post_sidebar_id":"","_kad_post_content_style":"","_kad_post_vertical_padding":"","_kad_post_feature":"","_kad_post_feature_position":"","_kad_post_header":false,"_kad_post_footer":false},"product_brand":[],"product_cat":[492,421],"product_tag":[],"class_list":{"0":"post-82803","1":"product","2":"type-product","3":"status-publish","4":"has-post-thumbnail","6":"product_cat-guantes-de-boxeo","7":"product_cat-mma","8":"pa_brand-marca-leone-1947","10":"first","11":"instock","12":"shipping-taxable","13":"purchasable","14":"product-type-simple","15":"entry","16":"content-bg","17":"loop-entry"},"_links":{"self":[{"href":"https:\/\/futllermo.com\/tienda\/wp-json\/wp\/v2\/product\/82803","targetHints":{"allow":["GET"]}}],"collection":[{"href":"https:\/\/futllermo.com\/tienda\/wp-json\/wp\/v2\/product"}],"about":[{"href":"https:\/\/futllermo.com\/tienda\/wp-json\/wp\/v2\/types\/product"}],"replies":[{"embeddable":true,"href":"https:\/\/futllermo.com\/tienda\/wp-json\/wp\/v2\/comments?post=82803"}],"wp:featuredmedia":[{"embeddable":true,"href":"https:\/\/futllermo.com\/tienda\/wp-json\/wp\/v2\/media\/82805"}],"wp:attachment":[{"href":"https:\/\/futllermo.com\/tienda\/wp-json\/wp\/v2\/media?parent=82803"}],"wp:term":[{"taxonomy":"product_brand","embeddable":true,"href":"https:\/\/futllermo.com\/tienda\/wp-json\/wp\/v2\/product_brand?post=82803"},{"taxonomy":"product_cat","embeddable":true,"href":"https:\/\/futllermo.com\/tienda\/wp-json\/wp\/v2\/product_cat?post=82803"},{"taxonomy":"product_tag","embeddable":true,"href":"https:\/\/futllermo.com\/tienda\/wp-json\/wp\/v2\/product_tag?post=82803"}],"curies":[{"name":"wp","href":"https:\/\/api.w.org\/{rel}","templated":true}]}}