{"id":82796,"date":"2021-01-13T12:22:43","date_gmt":"2021-01-13T12:22:43","guid":{"rendered":"https:\/\/futllermo.com\/tienda\/producto\/beast-gear-guantes-de-boxeo-guantes-entrenamiento-de-piel-de-vacuno-modelo-simian-para-sacos-de-boxeo-sparring-kickboxing\/"},"modified":"2022-01-13T09:58:32","modified_gmt":"2022-01-13T09:58:32","slug":"beast-gear-guantes-de-boxeo-guantes-entrenamiento-de-piel-de-vacuno-modelo-simian-para-sacos-de-boxeo-sparring-kickboxing","status":"publish","type":"product","link":"https:\/\/futllermo.com\/tienda\/producto\/beast-gear-guantes-de-boxeo-guantes-entrenamiento-de-piel-de-vacuno-modelo-simian-para-sacos-de-boxeo-sparring-kickboxing\/","title":{"rendered":"Beast Gear Guantes de Boxeo &#8211; Guante Deportivo de Piel Genuina para Hombre y Mujer, Boxeo, Kick Boxing, Muay Thai\u2026"},"content":{"rendered":"<p><!-- show up to 2 reviews by default --> <\/p>\n<p><b>No son solo guantes de boxeo. Estos guantes est\u00e1n hechos a mano y fabricados con por la marca de fitness independiente l\u00edder en el Reino Unido: Beast Gear<\/b><\/p>\n<p>Los guantes de entrenamiento Simian de Beast Gear han sido cuidadosamente dise\u00f1ados y fabricados para ti. S\u00ed para ti. Te mereces entrenar con los mejores guantes. Unos guantes de gama alta ya no son solo para la \u00e9lite.<\/p>\n<p><b>\u00a1Protege tus manos!<\/b><\/p>\n<p>Que usamos la tecnolog\u00eda de costura Beast Gear Tech Tri-Layer y Acolchado Multicapa en nuestros guantes. No escatimamos. No \u00abjuegas\u00bb al boxeo.<\/p>\n<p>Es vital proteger las manos durante los entrenamientos de combate, golpes y peleas. Si te haces da\u00f1o en las manos, \u00a1se acab\u00f3! \u00a1Prot\u00e9gelas de los golpes fuertes asociados con un intenso entrenamiento de combate!<\/p>\n<p><b>Los guantes de boxeo Beast Gear:<\/b><\/p>\n<p>\ud83e\udd4a Protegen tus manos, dedos y nudillos para darte m\u00e1s Confianza y Seguridad. Evita las &#8216;fracturas de boxeadores&#8217; y las lesiones metacarpianas<\/p>\n<p>\ud83d\udc4a \u00a1Reduce la fatiga de las manos, para que puedas golpear m\u00e1s fuerte y entrenar m\u00e1s!<\/p>\n<p>\ud83e\udd4a Ajuste con total comodidad: su estructura suave pero fuerte y flexible hacen que no restrinja el flujo sangu\u00edneo<\/p>\n<p>\ud83d\udc4a \u00a1P\u00f3ntelos de manera segura &#8211; la correa de sujeci\u00f3n s\u00faper fuerte se mantiene ajustada durante el entrenamiento!<\/p>\n<p>\ud83e\udd4a Mant\u00e9nte fuerte &#8211; Las t\u00e9cnicas de costura de Beast Gear Tech y las mezclas avanzadas de materiales hacen que nuestro kit dure m\u00e1s tiempo, a diferencia de los productos endebles de baja calidad<\/p>\n<p>No solo los boxeadores aman nuestros guantes. \u00a1Nuestros atletas los usan para MMA, Muay Thai y kickboxing!<\/p>\n<p><b>\u00bfPor qu\u00e9 Beast Gear es m\u00e1s caro?<\/b><\/p>\n<p>En Beast Gear, hacemos el MEJOR kit, el que utilizamos en nuestro propio entrenamiento. Utilizamos los materiales de la m\u00e1s alta calidad, la fabricaci\u00f3n m\u00e1s avanzada y ofrecemos un servicio al cliente excepcional; esto hace que nuestro kit sea un poco m\u00e1s caro que las marcas inferiores. La elecci\u00f3n es tuya;)<\/p>\n<\/p>\n<p>\ud83e\udd4a POR QU\u00c9 necesitas los Guantes de Boxeo Simian de Beast Gear \u2013 Necesitas proteger tus manos durante los deportes de combate con guantes profesionales con una combinaci\u00f3n de materiales \u00f3ptima y una fabricaci\u00f3n superior<br \/>\n\ud83d\udc4a QU\u00c9 hacen los Guantes de Boxeo Simian de Beast Gear \u2013 protegen tus manos, nudillos, dedos y mu\u00f1ecas de lesiones y sujeta las articulaciones, huesos, m\u00fasculos y tendones de tus manos durante tus sesiones de punching, golpeo y sparring<br \/>\n\ud83e\udd4a PAR QUI\u00c9N son los Guantes de Boxeo Simian de Beast Gear \u2013 Son para cualquier que golpee o participe en deportes de combate. Para fan\u00e1ticos del boxeo, artes marciales, Muay Thai y MMA.<br \/>\n\ud83d\udc4a C\u00d3MO funcionan los Guantes de Boxeo de Beast Gear &#8211; Nuestros guantes premium protegen tus nudillos, dedos, mu\u00f1ecas, huesos, tendones y m\u00fasculos cuando golpeas el saco de boxeo, las patas de oso o a tu oponente. Con relleno BG-Tech, BG Tech-Stitching y nuestros materiales y procesos de fabricaci\u00f3n exclusivos<br \/>\n\ud83e\udd4a NUESTRA PROMESA &#8211; A diferencia de otras marcas, Beast Gear utiliza s\u00f3lo materiales de la m\u00e1s alta calidad y procesos de fabricaci\u00f3n avanzados. Nuestros Guantes de Boxeo son robustos y duraderos y te ayudar\u00e1n en tus entrenamientos<br \/>\n<\/p>\n","protected":false},"excerpt":{"rendered":"<p>\ud83e\udd4a POR QU\u00c9 necesitas los Guantes de Boxeo Simian de Beast Gear \u2013 Necesitas proteger tus manos durante los deportes de combate con guantes profesionales con una combinaci\u00f3n de materiales \u00f3ptima y una fabricaci\u00f3n superior<br \/>\n\ud83d\udc4a QU\u00c9 hacen los Guantes de Boxeo Simian de Beast Gear \u2013 protegen tus manos, nudillos, dedos y mu\u00f1ecas de lesiones y sujeta las articulaciones, huesos, m\u00fasculos y tendones de tus manos durante tus sesiones de punching, golpeo y sparring<br \/>\n\ud83e\udd4a PAR QUI\u00c9N son los Guantes de Boxeo Simian de Beast Gear \u2013 Son para cualquier que golpee o participe en deportes de combate. Para fan\u00e1ticos del boxeo, artes marciales, Muay Thai y MMA.<\/p>\n","protected":false},"featured_media":82799,"comment_status":"open","ping_status":"closed","template":"","meta":{"_kadence_starter_templates_imported_post":false,"_kad_post_transparent":"","_kad_post_title":"","_kad_post_layout":"","_kad_post_sidebar_id":"","_kad_post_content_style":"","_kad_post_vertical_padding":"","_kad_post_feature":"","_kad_post_feature_position":"","_kad_post_header":false,"_kad_post_footer":false},"product_brand":[],"product_cat":[492,421],"product_tag":[],"class_list":{"0":"post-82796","1":"product","2":"type-product","3":"status-publish","4":"has-post-thumbnail","6":"product_cat-guantes-de-boxeo","7":"product_cat-mma","8":"pa_brand-marca-beast-gear","10":"first","11":"instock","12":"shipping-taxable","13":"purchasable","14":"product-type-simple","15":"entry","16":"content-bg","17":"loop-entry"},"_links":{"self":[{"href":"https:\/\/futllermo.com\/tienda\/wp-json\/wp\/v2\/product\/82796","targetHints":{"allow":["GET"]}}],"collection":[{"href":"https:\/\/futllermo.com\/tienda\/wp-json\/wp\/v2\/product"}],"about":[{"href":"https:\/\/futllermo.com\/tienda\/wp-json\/wp\/v2\/types\/product"}],"replies":[{"embeddable":true,"href":"https:\/\/futllermo.com\/tienda\/wp-json\/wp\/v2\/comments?post=82796"}],"wp:featuredmedia":[{"embeddable":true,"href":"https:\/\/futllermo.com\/tienda\/wp-json\/wp\/v2\/media\/82799"}],"wp:attachment":[{"href":"https:\/\/futllermo.com\/tienda\/wp-json\/wp\/v2\/media?parent=82796"}],"wp:term":[{"taxonomy":"product_brand","embeddable":true,"href":"https:\/\/futllermo.com\/tienda\/wp-json\/wp\/v2\/product_brand?post=82796"},{"taxonomy":"product_cat","embeddable":true,"href":"https:\/\/futllermo.com\/tienda\/wp-json\/wp\/v2\/product_cat?post=82796"},{"taxonomy":"product_tag","embeddable":true,"href":"https:\/\/futllermo.com\/tienda\/wp-json\/wp\/v2\/product_tag?post=82796"}],"curies":[{"name":"wp","href":"https:\/\/api.w.org\/{rel}","templated":true}]}}