{"id":82781,"date":"2021-01-13T12:22:19","date_gmt":"2021-01-13T12:22:19","guid":{"rendered":"https:\/\/futllermo.com\/tienda\/producto\/farabi-boxing-gloves\/"},"modified":"2022-01-13T09:58:32","modified_gmt":"2022-01-13T09:58:32","slug":"farabi-boxing-gloves","status":"publish","type":"product","link":"https:\/\/futllermo.com\/tienda\/producto\/farabi-boxing-gloves\/","title":{"rendered":"Farabi Sports Boxing Gloves"},"content":{"rendered":"<p><!-- show up to 2 reviews by default --> <\/p>\n<p>Los guantes de boxeo de la serie Farabi Dragon son otra adici\u00f3n \u00fanica en la categor\u00eda de equipos de boxeo que est\u00e1 espec\u00edficamente articulada para el prop\u00f3sito de entrenamiento. Dise\u00f1ados est\u00e9ticamente inspirados en la sensaci\u00f3n de dise\u00f1o Z-Smart de Farabi, estos guantes dan la mejor sensaci\u00f3n y comodidad en todo el uso. Las perforaciones estrat\u00e9gicamente colocadas permiten una f\u00e1cil ventilaci\u00f3n y absorben la humedad, lo que ayuda a mantener las manos secas para largas sesiones de entrenamiento y sparring. La envoltura de velcro Swift-Z proporciona un ajuste por excelencia. Hecho de cuero sint\u00e9tico de grano duradero de alta calidad que es alimentado por las propiedades de la cuero-L, estos guantes son de larga duraci\u00f3n y se consideran uno de los equipos de boxeo de alta calidad por los entrenadores profesionales. Equipado con acolchado de poliuretano de tres capas, estos guantes pueden absorber los golpes en su mejor momento. Esta serie de guantes de boxeo cosidos a mano es el extracto del avance tecnol\u00f3gico y a\u00f1os de experiencia profesional. <\/p>\n<p>Farabi guantes de boxeo de la serie Dragon es otra adici\u00f3n \u00fanica en el equipo de categor\u00eda que est\u00e1 espec\u00edficamente formulados para la formaci\u00f3n prop\u00f3sito.<br \/>\nEst\u00e9ticamente dise\u00f1ado inspirado en el dise\u00f1o z-smart Sensation desde Farabi estos guantes ofrecen el mejor tacto y confort en todo tipo de uso.<br \/>\nEl estrat\u00e9gicamente colocados perforaciones permiten un f\u00e1cil ventilaci\u00f3n y que absorbe la humedad que ayuda a mantener las manos secas para largas sesiones de entrenamiento y sparring.<br \/>\nHecho de alta calidad sint\u00e9tico duradero de piel de grano que es alimentada por las propiedades leather-l estos guantes son duraderas y se considera entre la parte superior calidad Boxing Gear por los entrenadores profesionales.<br \/>\nEquipado con Tri &#8211; capas pu-x acolchado estos guantes puede absorber el impacto en su mejor momento. esta cosida a mano guantes de boxeo Series es el extracto de los avances tecnol\u00f3gicos y a\u00f1os de experiencia profesional.<br \/>\n<\/p>\n","protected":false},"excerpt":{"rendered":"<p>Farabi guantes de boxeo de la serie Dragon es otra adici\u00f3n \u00fanica en el equipo de categor\u00eda que est\u00e1 espec\u00edficamente formulados para la formaci\u00f3n prop\u00f3sito.<br \/>\nEst\u00e9ticamente dise\u00f1ado inspirado en el dise\u00f1o z-smart Sensation desde Farabi estos guantes ofrecen el mejor tacto y confort en todo tipo de uso.<br \/>\nEl estrat\u00e9gicamente colocados perforaciones permiten un f\u00e1cil ventilaci\u00f3n y que absorbe la humedad que ayuda a mantener las manos secas para largas sesiones de entrenamiento y sparring.<\/p>\n","protected":false},"featured_media":82782,"comment_status":"open","ping_status":"closed","template":"","meta":{"_kadence_starter_templates_imported_post":false,"_kad_post_transparent":"","_kad_post_title":"","_kad_post_layout":"","_kad_post_sidebar_id":"","_kad_post_content_style":"","_kad_post_vertical_padding":"","_kad_post_feature":"","_kad_post_feature_position":"","_kad_post_header":false,"_kad_post_footer":false},"product_brand":[],"product_cat":[492,421],"product_tag":[],"class_list":{"0":"post-82781","1":"product","2":"type-product","3":"status-publish","4":"has-post-thumbnail","6":"product_cat-guantes-de-boxeo","7":"product_cat-mma","8":"pa_brand-marca-farabi","10":"first","11":"instock","12":"shipping-taxable","13":"purchasable","14":"product-type-simple","15":"entry","16":"content-bg","17":"loop-entry"},"_links":{"self":[{"href":"https:\/\/futllermo.com\/tienda\/wp-json\/wp\/v2\/product\/82781","targetHints":{"allow":["GET"]}}],"collection":[{"href":"https:\/\/futllermo.com\/tienda\/wp-json\/wp\/v2\/product"}],"about":[{"href":"https:\/\/futllermo.com\/tienda\/wp-json\/wp\/v2\/types\/product"}],"replies":[{"embeddable":true,"href":"https:\/\/futllermo.com\/tienda\/wp-json\/wp\/v2\/comments?post=82781"}],"wp:featuredmedia":[{"embeddable":true,"href":"https:\/\/futllermo.com\/tienda\/wp-json\/wp\/v2\/media\/82782"}],"wp:attachment":[{"href":"https:\/\/futllermo.com\/tienda\/wp-json\/wp\/v2\/media?parent=82781"}],"wp:term":[{"taxonomy":"product_brand","embeddable":true,"href":"https:\/\/futllermo.com\/tienda\/wp-json\/wp\/v2\/product_brand?post=82781"},{"taxonomy":"product_cat","embeddable":true,"href":"https:\/\/futllermo.com\/tienda\/wp-json\/wp\/v2\/product_cat?post=82781"},{"taxonomy":"product_tag","embeddable":true,"href":"https:\/\/futllermo.com\/tienda\/wp-json\/wp\/v2\/product_tag?post=82781"}],"curies":[{"name":"wp","href":"https:\/\/api.w.org\/{rel}","templated":true}]}}