{"id":82777,"date":"2021-01-13T12:22:07","date_gmt":"2021-01-13T12:22:07","guid":{"rendered":"https:\/\/futllermo.com\/tienda\/producto\/starpro-guantes-de-boxeo-8-oz-10-oz-12-oz-14-oz-16-oz-cuero-sintetico-guantes-de-boxeo-de-entrenamiento-muay-thai-para-unisex-adulto-azul-blanco-12-oz\/"},"modified":"2022-01-13T09:58:31","modified_gmt":"2022-01-13T09:58:31","slug":"starpro-guantes-de-boxeo-8-oz-10-oz-12-oz-14-oz-16-oz-cuero-sintetico-guantes-de-boxeo-de-entrenamiento-muay-thai-para-unisex-adulto-azul-blanco-12-oz","status":"publish","type":"product","link":"https:\/\/futllermo.com\/tienda\/producto\/starpro-guantes-de-boxeo-8-oz-10-oz-12-oz-14-oz-16-oz-cuero-sintetico-guantes-de-boxeo-de-entrenamiento-muay-thai-para-unisex-adulto-azul-blanco-12-oz\/","title":{"rendered":"Starpro T20 Guantes de Boxeo de Cuero de PU para Entrenamiento y Sparring en Muay Thai Kickboxing Fitness &#8211; Hombres y\u2026"},"content":{"rendered":"<p><!-- show up to 2 reviews by default --> <\/p>\n<p>STARPRO: All Other es un compromiso <br \/> V-Tech Formaci\u00f3n de guantes de boxeo Network &#8211; STARPRO V-Tech Formaci\u00f3n guantes proporcionan una protecci\u00f3n adecuada. <br \/> &#8211; la comodidad y la formaci\u00f3n requiere experiencia. <br \/> Lo que lo hace atractivo y \u00fanico es la forma de V Dise\u00f1o. <br \/> Estos guantes de cuadro se moldean por inyecci\u00f3n. <br \/> &#8211; Relleno de espuma disponibles para proteger a un boxeador. Guantes <br \/> V-Tech formaci\u00f3n son los guantes de boxeo avanzada. <br \/> &#8211; Especialmente dise\u00f1ado para mejorar su velocidad de impacto de aguante y tiempo de respuesta. <br \/> Tiene la firme, pero el\u00e1stico de espuma de relleno para su mano, que ofrece la m\u00e1xima protecci\u00f3n. Guantes Especificaciones T\u00e9cnicas <\/p>\n<p> V-Tech de entrenamiento est\u00e1n hechos de cuero de alta calidad material de tipo Y est\u00e1n llenas de tafet\u00e1n interior. Francia El control de humedad de malla palma de Hydra Flow asegura. <br \/> &#8211; Mantenga sus manos en seco y c\u00f3modo durante largos entrenamientos. Francia El guante se caracteriza por el dise\u00f1o en forma de V distintivo, que est\u00e1 disponible en diferentes colores. <br \/> Tama\u00f1os: 8 Oz, 10 Oz, 12 Oz, 14 Oz, 16 Oz. Colores <br \/>: Blanco, Negro, Azul Solar, blanco, rosa, blanco, azul marino, blanco, negro y blanco. <br \/>\u00bb <\/p>\n<p>Mejor protecci\u00f3n: Cuidado para las manos con una pre-forma, de dos piezas de espuma de relleno para un mejor Cierre de pu\u00f1o. El acolchado protege el tobillo y el pulgar del da\u00f1o ocasionado sin comprometer la comodidad y distribuye el choque a lo largo del guante para evitar lesiones en la mano y la mu\u00f1eca. Adem\u00e1s, el cierre seguro de la envoltura de la correa evita que su mu\u00f1eca se tuerza y ??proporciona un buen agarre para un entrenamiento eficaz Sesi\u00f3n.<br \/>\nConfort: Inyecci\u00f3n acolchado moldeado se siente c\u00f3modo a la d\u00e9cada de Manos y ofrece protecci\u00f3n integral del usuario. Hydra Flujo de malla resistente a la humedad mantiene sus manos secas y sus guantes sin olor. La palma est\u00e1 llena de espuma Hacer uso de guantes a\u00fan m\u00e1s suave y aumentar la durabilidad de los guantes. El Cierre de correa Wrap proporciona un ajuste perfecto para el mejor aprovechamiento.<br \/>\nTecnolog\u00eda Avanzada &#8211; Mejorar su progreso como un boxeador con shock relleno de espuma resistente. Adem\u00e1s, el Secure Wrap De La Correa Proporciona estabilidad para una sesi\u00f3n de Secure. El flujo de malla transpirable Hydra mantiene las manos frescas para uso prolongado. El objetivo de STARPRO es ayudar a entrenar m\u00e1s duro y alcanzar sus metas sin obst\u00e1culos con los guantes T20 esencial.<br \/>\nLo que se obtiene: te dan 3 meses de garant\u00eda en los guantes de V-Tech formaci\u00f3n y 24 horas de servicio al cliente.<br \/>\nLa calidad superior: En la etapa inicial, se puede hacer uso pleno de su potencial boxeo sin preocuparse por el desgaste. Los guantes V-Tech de entrenamiento est\u00e1n hechos de cuero de alta calidad, como el material y son una opci\u00f3n duradera y fiable para cualquier tipo de entrenamiento. Previene tafet\u00e1n forro sudor de ser absorbido por el guante de boxeo y facilita el mantenimiento. Los Guantes de entrenamiento T20 se cosen trabajadores cualificados, que le da la calidad al precio<br \/>\n<\/p>\n","protected":false},"excerpt":{"rendered":"<p>Mejor protecci\u00f3n: Cuidado para las manos con una pre-forma, de dos piezas de espuma de relleno para un mejor Cierre de pu\u00f1o. El acolchado protege el tobillo y el pulgar del da\u00f1o ocasionado sin comprometer la comodidad y distribuye el choque a lo largo del guante para evitar lesiones en la mano y la mu\u00f1eca. Adem\u00e1s, el cierre seguro de la envoltura de la correa evita que su mu\u00f1eca se tuerza y ??proporciona un buen agarre para un entrenamiento eficaz Sesi\u00f3n.<br \/>\nConfort: Inyecci\u00f3n acolchado moldeado se siente c\u00f3modo a la d\u00e9cada de Manos y ofrece protecci\u00f3n integral del usuario. Hydra Flujo de malla resistente a la humedad mantiene sus manos secas y sus guantes sin olor. La palma est\u00e1 llena de espuma Hacer uso de guantes a\u00fan m\u00e1s suave y aumentar la durabilidad de los guantes. El Cierre de correa Wrap proporciona un ajuste perfecto para el mejor aprovechamiento.<br \/>\nTecnolog\u00eda Avanzada &#8211; Mejorar su progreso como un boxeador con shock relleno de espuma resistente. Adem\u00e1s, el Secure Wrap De La Correa Proporciona estabilidad para una sesi\u00f3n de Secure. El flujo de malla transpirable Hydra mantiene las manos frescas para uso prolongado. El objetivo de STARPRO es ayudar a entrenar m\u00e1s duro y alcanzar sus metas sin obst\u00e1culos con los guantes T20 esencial.<\/p>\n","protected":false},"featured_media":82778,"comment_status":"open","ping_status":"closed","template":"","meta":{"_kadence_starter_templates_imported_post":false,"_kad_post_transparent":"","_kad_post_title":"","_kad_post_layout":"","_kad_post_sidebar_id":"","_kad_post_content_style":"","_kad_post_vertical_padding":"","_kad_post_feature":"","_kad_post_feature_position":"","_kad_post_header":false,"_kad_post_footer":false},"product_brand":[],"product_cat":[492,421],"product_tag":[],"class_list":{"0":"post-82777","1":"product","2":"type-product","3":"status-publish","4":"has-post-thumbnail","6":"product_cat-guantes-de-boxeo","7":"product_cat-mma","8":"pa_brand-visita-la-store-de-starpro","10":"first","11":"instock","12":"shipping-taxable","13":"purchasable","14":"product-type-simple","15":"entry","16":"content-bg","17":"loop-entry"},"_links":{"self":[{"href":"https:\/\/futllermo.com\/tienda\/wp-json\/wp\/v2\/product\/82777","targetHints":{"allow":["GET"]}}],"collection":[{"href":"https:\/\/futllermo.com\/tienda\/wp-json\/wp\/v2\/product"}],"about":[{"href":"https:\/\/futllermo.com\/tienda\/wp-json\/wp\/v2\/types\/product"}],"replies":[{"embeddable":true,"href":"https:\/\/futllermo.com\/tienda\/wp-json\/wp\/v2\/comments?post=82777"}],"wp:featuredmedia":[{"embeddable":true,"href":"https:\/\/futllermo.com\/tienda\/wp-json\/wp\/v2\/media\/82778"}],"wp:attachment":[{"href":"https:\/\/futllermo.com\/tienda\/wp-json\/wp\/v2\/media?parent=82777"}],"wp:term":[{"taxonomy":"product_brand","embeddable":true,"href":"https:\/\/futllermo.com\/tienda\/wp-json\/wp\/v2\/product_brand?post=82777"},{"taxonomy":"product_cat","embeddable":true,"href":"https:\/\/futllermo.com\/tienda\/wp-json\/wp\/v2\/product_cat?post=82777"},{"taxonomy":"product_tag","embeddable":true,"href":"https:\/\/futllermo.com\/tienda\/wp-json\/wp\/v2\/product_tag?post=82777"}],"curies":[{"name":"wp","href":"https:\/\/api.w.org\/{rel}","templated":true}]}}