{"id":82768,"date":"2021-01-13T12:21:57","date_gmt":"2021-01-13T12:21:57","guid":{"rendered":"https:\/\/futllermo.com\/tienda\/producto\/guantes-de-boxeo-para-muay-thai-profesional-de-boxeo-guantes-de-entrenamiento-para-sparring-kickboxing-combate-bolsa-de-boxeo-para-hombres-mujeres-juniors-ninos-blanco-283-g\/"},"modified":"2022-01-13T09:58:31","modified_gmt":"2022-01-13T09:58:31","slug":"guantes-de-boxeo-para-muay-thai-profesional-de-boxeo-guantes-de-entrenamiento-para-sparring-kickboxing-combate-bolsa-de-boxeo-para-hombres-mujeres-juniors-ninos-blanco-283-g","status":"publish","type":"product","link":"https:\/\/futllermo.com\/tienda\/producto\/guantes-de-boxeo-para-muay-thai-profesional-de-boxeo-guantes-de-entrenamiento-para-sparring-kickboxing-combate-bolsa-de-boxeo-para-hombres-mujeres-juniors-ninos-blanco-283-g\/","title":{"rendered":"Guantes de boxeo para Muay Thai Profesional de Boxeo Guantes de Entrenamiento para Sparring Kickboxing Combate Bolsa de\u2026"},"content":{"rendered":"<p><!-- show up to 2 reviews by default --> <\/p>\n<p>Tejido: poliuretano. <br \/>Aplicaci\u00f3n: Sanda, boxeo, lucha, deportes y aptitud f\u00edsica. <br \/>* Consejos para la limpieza de guantes y reducci\u00f3n de olor: <br \/>1. No prestes guantes de boxeo a otros. La mezcla de sudor de diferentes personas har\u00e1 que el olor sea peor. <br \/>2. No lavar los guantes. Limpia el interior con una toalla de papel mojada en alcohol, o pon una bolsa de t\u00e9 o una bolsa de carb\u00f3n de bamb\u00fa para reducir los olores. <br \/>3. Mant\u00e9n la ventilaci\u00f3n cuando no se utilizan guantes de boxeo. <br \/>4. Cuando entrenes, ata tus mu\u00f1ecas antes de ponerte los guantes de boxeo. <br \/>*Tama\u00f1o del guante: <br \/>* 6 onzas: generalmente disponible para ni\u00f1os. <br \/>* 8 onzas: generalmente disponible para adolescentes. <br \/>* 10 onzas: por lo general disponible para mujeres adultas\/adolescentes. <br \/>* 12 onzas: generalmente disponible para hombres adultos. <\/p>\n<p>* Dise\u00f1o transpirable: la malla transpirable se utiliza en la palma, que puede reducir la salida de sudor de la mano durante el entrenamiento, m\u00e1s c\u00f3modo de llevar.<br \/>\n*Piel sint\u00e9tica de alta calidad: nuestros guantes de boxeo est\u00e1n dise\u00f1ados pensando en la seguridad. No se deforma f\u00e1cilmente, resistente a desgarros, duradero y construido para proteger tus manos tan necesarias, f\u00e1cil de limpiar despu\u00e9s de ahorrar.<br \/>\n* Dise\u00f1o de pulsera gruesa: f\u00e1cil de llevar, m\u00e1s firmemente fijado a la mu\u00f1eca, m\u00e1s eficaz protecci\u00f3n de la mu\u00f1eca contra da\u00f1os al golpear.<br \/>\n*Mejores guantes de entrenamiento para todos los atletas: ya sea un boxeador profesional, un principiante o simplemente buscando almohadillas de boxeo o bolsas, un par fiable de guantes de boxeo seguros es imprescindible. Nuestro guante de boxeo de dise\u00f1o ergon\u00f3mico es resistente a desgarros, duradero y construido para proteger tus manos tan necesarias.<br \/>\n*Garant\u00eda de satisfacci\u00f3n: cualquier otra pregunta, no dude en ponerse en contacto con nosotros, siempre estamos aqu\u00ed para el mejor servicio para usted.<br \/>\n<\/p>\n","protected":false},"excerpt":{"rendered":"<p>* Dise\u00f1o transpirable: la malla transpirable se utiliza en la palma, que puede reducir la salida de sudor de la mano durante el entrenamiento, m\u00e1s c\u00f3modo de llevar.<br \/>\n*Piel sint\u00e9tica de alta calidad: nuestros guantes de boxeo est\u00e1n dise\u00f1ados pensando en la seguridad. No se deforma f\u00e1cilmente, resistente a desgarros, duradero y construido para proteger tus manos tan necesarias, f\u00e1cil de limpiar despu\u00e9s de ahorrar.<br \/>\n* Dise\u00f1o de pulsera gruesa: f\u00e1cil de llevar, m\u00e1s firmemente fijado a la mu\u00f1eca, m\u00e1s eficaz protecci\u00f3n de la mu\u00f1eca contra da\u00f1os al golpear.<\/p>\n","protected":false},"featured_media":82769,"comment_status":"open","ping_status":"closed","template":"","meta":{"_kadence_starter_templates_imported_post":false,"_kad_post_transparent":"","_kad_post_title":"","_kad_post_layout":"","_kad_post_sidebar_id":"","_kad_post_content_style":"","_kad_post_vertical_padding":"","_kad_post_feature":"","_kad_post_feature_position":"","_kad_post_header":false,"_kad_post_footer":false},"product_brand":[],"product_cat":[492,421],"product_tag":[],"class_list":{"0":"post-82768","1":"product","2":"type-product","3":"status-publish","4":"has-post-thumbnail","6":"product_cat-guantes-de-boxeo","7":"product_cat-mma","8":"pa_brand-marca-szwll","10":"first","11":"instock","12":"shipping-taxable","13":"purchasable","14":"product-type-simple","15":"entry","16":"content-bg","17":"loop-entry"},"_links":{"self":[{"href":"https:\/\/futllermo.com\/tienda\/wp-json\/wp\/v2\/product\/82768","targetHints":{"allow":["GET"]}}],"collection":[{"href":"https:\/\/futllermo.com\/tienda\/wp-json\/wp\/v2\/product"}],"about":[{"href":"https:\/\/futllermo.com\/tienda\/wp-json\/wp\/v2\/types\/product"}],"replies":[{"embeddable":true,"href":"https:\/\/futllermo.com\/tienda\/wp-json\/wp\/v2\/comments?post=82768"}],"wp:featuredmedia":[{"embeddable":true,"href":"https:\/\/futllermo.com\/tienda\/wp-json\/wp\/v2\/media\/82769"}],"wp:attachment":[{"href":"https:\/\/futllermo.com\/tienda\/wp-json\/wp\/v2\/media?parent=82768"}],"wp:term":[{"taxonomy":"product_brand","embeddable":true,"href":"https:\/\/futllermo.com\/tienda\/wp-json\/wp\/v2\/product_brand?post=82768"},{"taxonomy":"product_cat","embeddable":true,"href":"https:\/\/futllermo.com\/tienda\/wp-json\/wp\/v2\/product_cat?post=82768"},{"taxonomy":"product_tag","embeddable":true,"href":"https:\/\/futllermo.com\/tienda\/wp-json\/wp\/v2\/product_tag?post=82768"}],"curies":[{"name":"wp","href":"https:\/\/api.w.org\/{rel}","templated":true}]}}