{"id":82754,"date":"2021-01-13T12:21:37","date_gmt":"2021-01-13T12:21:37","guid":{"rendered":"https:\/\/futllermo.com\/tienda\/producto\/rdx-guantes-de-boxeo-para-entrenamiento-y-muay-thai-maya-hide-cuero-mitones-para-kick-boxing-sparring-boxing-gloves-para-combate-training-saco-boxeo\/"},"modified":"2022-01-13T09:58:31","modified_gmt":"2022-01-13T09:58:31","slug":"rdx-guantes-de-boxeo-para-entrenamiento-y-muay-thai-maya-hide-cuero-mitones-para-kick-boxing-sparring-boxing-gloves-para-combate-training-saco-boxeo","status":"publish","type":"product","link":"https:\/\/futllermo.com\/tienda\/producto\/rdx-guantes-de-boxeo-para-entrenamiento-y-muay-thai-maya-hide-cuero-mitones-para-kick-boxing-sparring-boxing-gloves-para-combate-training-saco-boxeo\/","title":{"rendered":"RDX Guantes de Boxeo Muay Thai Entrenamiento, Maya Hide Cuero, Ego Boxing Gloves para Sparring Kickboxing Artes\u2026"},"content":{"rendered":"<p>La construcci\u00f3n de cuero resistente Maya Hide hace que los guantes de boxeo RDX sean resistentes y duraderos. Los guantes EGO son ganadores indiscutibles del todo incluidos, muy impactados, la formaci\u00f3n y el entrenamiento. El material es resistente a grietas, roturas o roturas.<br \/>\nNuestros guantes Muay Thai proporcionan un acolchado extra grueso que protege tus manos en ganchos y golpes. Las articulaciones de las manos ofrecen una masa distinta acolchada que cubre el pu\u00f1o y el pulgar adjunto. Es perfecta para hombres y mujeres indulgentes en MMA, Kickboxe, y deportes de contacto.<br \/>\nRDX guantes de combate est\u00e1n armados con una correa extralarga que ofrece un soporte superior de mu\u00f1eca y un ajuste c\u00f3modo. La correa de ajuste EZ proporciona un apoyo \u00f3ptimo a la mu\u00f1eca. La fijaci\u00f3n segura garantiza que tu pareja m\u00e1s fiable no se deslice cuando decidas por un golpe duro.<br \/>\nRDX guantes de entrenamiento est\u00e1n fabricados utilizando la tecnolog\u00eda Elite S.P.P nuestro exclusivo dise\u00f1o pu\u00f1o y las articulaciones de los dedos ayudan a la ventilaci\u00f3n natural y disminuye el sudor mientras entrenas. Los guantes de boxeo Ego ofrecen orificios de refrigeraci\u00f3n en la palma de la malla para un secado r\u00e1pido del sudor.<br \/>\nLos guantes de boxeo EGO est\u00e1n equipados con la tecnolog\u00eda Quadro-Cupola, que es demasiado eficaz que los guantes de boxeo tradicionales con espuma de capas, esta tecnolog\u00eda intenta proporcionar una protecci\u00f3n potencial. Ayuda a la alineaci\u00f3n natural al golpear, mantiene la posici\u00f3n de la mu\u00f1eca y el pulgar.<br \/>\n<\/p>\n","protected":false},"excerpt":{"rendered":"<p>La construcci\u00f3n de cuero resistente Maya Hide hace que los guantes de boxeo RDX sean resistentes y duraderos. Los guantes EGO son ganadores indiscutibles del todo incluidos, muy impactados, la formaci\u00f3n y el entrenamiento. El material es resistente a grietas, roturas o roturas.<br \/>\nNuestros guantes Muay Thai proporcionan un acolchado extra grueso que protege tus manos en ganchos y golpes. Las articulaciones de las manos ofrecen una masa distinta acolchada que cubre el pu\u00f1o y el pulgar adjunto. Es perfecta para hombres y mujeres indulgentes en MMA, Kickboxe, y deportes de contacto.<br \/>\nRDX guantes de combate est\u00e1n armados con una correa extralarga que ofrece un soporte superior de mu\u00f1eca y un ajuste c\u00f3modo. La correa de ajuste EZ proporciona un apoyo \u00f3ptimo a la mu\u00f1eca. La fijaci\u00f3n segura garantiza que tu pareja m\u00e1s fiable no se deslice cuando decidas por un golpe duro.<\/p>\n","protected":false},"featured_media":82755,"comment_status":"open","ping_status":"closed","template":"","meta":{"_kadence_starter_templates_imported_post":false,"_kad_post_transparent":"","_kad_post_title":"","_kad_post_layout":"","_kad_post_sidebar_id":"","_kad_post_content_style":"","_kad_post_vertical_padding":"","_kad_post_feature":"","_kad_post_feature_position":"","_kad_post_header":false,"_kad_post_footer":false},"product_brand":[],"product_cat":[492,421],"product_tag":[],"class_list":{"0":"post-82754","1":"product","2":"type-product","3":"status-publish","4":"has-post-thumbnail","6":"product_cat-guantes-de-boxeo","7":"product_cat-mma","8":"pa_brand-visita-la-store-de-rdx","10":"first","11":"instock","12":"shipping-taxable","13":"purchasable","14":"product-type-simple","15":"entry","16":"content-bg","17":"loop-entry"},"_links":{"self":[{"href":"https:\/\/futllermo.com\/tienda\/wp-json\/wp\/v2\/product\/82754","targetHints":{"allow":["GET"]}}],"collection":[{"href":"https:\/\/futllermo.com\/tienda\/wp-json\/wp\/v2\/product"}],"about":[{"href":"https:\/\/futllermo.com\/tienda\/wp-json\/wp\/v2\/types\/product"}],"replies":[{"embeddable":true,"href":"https:\/\/futllermo.com\/tienda\/wp-json\/wp\/v2\/comments?post=82754"}],"wp:featuredmedia":[{"embeddable":true,"href":"https:\/\/futllermo.com\/tienda\/wp-json\/wp\/v2\/media\/82755"}],"wp:attachment":[{"href":"https:\/\/futllermo.com\/tienda\/wp-json\/wp\/v2\/media?parent=82754"}],"wp:term":[{"taxonomy":"product_brand","embeddable":true,"href":"https:\/\/futllermo.com\/tienda\/wp-json\/wp\/v2\/product_brand?post=82754"},{"taxonomy":"product_cat","embeddable":true,"href":"https:\/\/futllermo.com\/tienda\/wp-json\/wp\/v2\/product_cat?post=82754"},{"taxonomy":"product_tag","embeddable":true,"href":"https:\/\/futllermo.com\/tienda\/wp-json\/wp\/v2\/product_tag?post=82754"}],"curies":[{"name":"wp","href":"https:\/\/api.w.org\/{rel}","templated":true}]}}