{"id":82739,"date":"2021-01-13T12:21:16","date_gmt":"2021-01-13T12:21:16","guid":{"rendered":"https:\/\/futllermo.com\/tienda\/producto\/rdx-guantes-de-boxeo-mujer-para-entrenamiento-y-muay-thai-maya-hide-cuero-mitones-para-kick-boxing-sparring-boxing-gloves-para-combate-training-saco-boxeo\/"},"modified":"2022-01-13T09:58:31","modified_gmt":"2022-01-13T09:58:31","slug":"rdx-guantes-de-boxeo-mujer-para-entrenamiento-y-muay-thai-maya-hide-cuero-mitones-para-kick-boxing-sparring-boxing-gloves-para-combate-training-saco-boxeo","status":"publish","type":"product","link":"https:\/\/futllermo.com\/tienda\/producto\/rdx-guantes-de-boxeo-mujer-para-entrenamiento-y-muay-thai-maya-hide-cuero-mitones-para-kick-boxing-sparring-boxing-gloves-para-combate-training-saco-boxeo\/","title":{"rendered":"RDX Guantes de Boxeo Mujer Muay Thai Entrenamiento, Maya Hide Cuero, Ego Boxing Gloves para Sparring Kickboxing Artes\u2026"},"content":{"rendered":"<p><!-- show up to 2 reviews by default --> <\/p>\n<p>Estos fuertes guantes de boxeo para mujeres son muy robustos aunque su dise\u00f1o ofrece estilo y elegancia para complementar a la boxeadora femenina. Lo que es m\u00e1s importante, est\u00e1n dise\u00f1ados para las manos femeninas. As\u00ed puede conseguir la protecci\u00f3n que necesita para entrenar con confianza contra cualquier oponente. Hechos con piel Maya Hide duradera, estos guantes de golpeo para mujeres est\u00e1n dise\u00f1ados de forma \u00fanica para ajustarse a la anatom\u00eda de la mano de la mujer y ofrecer una resistencia imbatible a los golpes, una ventilaci\u00f3n fant\u00e1stica, un rendimiento indestructible del producto, adem\u00e1s de una banda el\u00e1stica por el interior de la mu\u00f1eca junto con Quick-EZ con gancho y bucle para proporcionar una protecci\u00f3n avanzada para mu\u00f1ecas m\u00e1s estrechas. (10 OZ RECOMENDADO PARA HASTA 14 A\u00d1OS) <\/p>\n<p>\u3010CONFECCI\u00d3N EN MAYA HIDE\u3011 La resistente confecci\u00f3n en Maya Hide hace que los guantes de boxeo de RDX sean muy duraderos. El material es resistente a las grietas, golpes y roturas.<br \/>\n\u3010ESPUMA EXTRA GRUESA SUPREMO-SHOCK\u3011Nuestros Guantes de Muay Thai proveen un acolchado extra grueso que protege las manos en los ganchos y jabs. Las articulaciones de las manos ofrecen una masa acolchada distintiva que cubre el pu\u00f1o y el pulgar adherido. Es ideal para hombres y mujeres que practican MMA, kickboxing y deportes de contacto.<br \/>\n\u3010CIERRE POR CONTACTO QUICK-EZ\u3011Los guantes de lucha RDX est\u00e1n equipados con una banda extra larga que ofrece un soporte superior para la mu\u00f1eca y un ajuste c\u00f3modo. La banda EZ reguladora proporciona un fino soporte para la mu\u00f1eca. El ajuste seguro garantiza que tu compa\u00f1ero de confianza no se resbale cuando das un golpe fuerte.<br \/>\n\u3010TECNOLOG\u00cdA DE VENTILACI\u00d3N S.P.P\u3011Los guantes de entrenamiento RDX est\u00e1n fabricados con la tecnolog\u00eda S.P.P. de \u00e9lite, nuestro exclusivo dise\u00f1o de los pu\u00f1os y las articulaciones de los dedos ayuda a la ventilaci\u00f3n natural y disminuye el sudor mientras se entrena. Los guantes de boxeo Ego ofrecen agujeros refrescantes en la palma de la malla para un r\u00e1pido secado del sudor.<br \/>\n\u3010TECNOLOG\u00cdA QUADRO-DOME\u3011 Los guantes de boxeo EGO cuentan con la tecnolog\u00eda Quadro-Dome, que es mucho m\u00e1s efectiva que los guantes de boxeo convencionales de espuma en capas, esta tecnolog\u00eda busca proporcionar una protecci\u00f3n eventual. Ayuda en la alineaci\u00f3n natural al golpear, mantiene la posici\u00f3n estable de la mu\u00f1eca y el pulgar.<br \/>\n<\/p>\n","protected":false},"excerpt":{"rendered":"<p>\u3010CONFECCI\u00d3N EN MAYA HIDE\u3011 La resistente confecci\u00f3n en Maya Hide hace que los guantes de boxeo de RDX sean muy duraderos. El material es resistente a las grietas, golpes y roturas.<br \/>\n\u3010ESPUMA EXTRA GRUESA SUPREMO-SHOCK\u3011Nuestros Guantes de Muay Thai proveen un acolchado extra grueso que protege las manos en los ganchos y jabs. Las articulaciones de las manos ofrecen una masa acolchada distintiva que cubre el pu\u00f1o y el pulgar adherido. Es ideal para hombres y mujeres que practican MMA, kickboxing y deportes de contacto.<br \/>\n\u3010CIERRE POR CONTACTO QUICK-EZ\u3011Los guantes de lucha RDX est\u00e1n equipados con una banda extra larga que ofrece un soporte superior para la mu\u00f1eca y un ajuste c\u00f3modo. La banda EZ reguladora proporciona un fino soporte para la mu\u00f1eca. El ajuste seguro garantiza que tu compa\u00f1ero de confianza no se resbale cuando das un golpe fuerte.<\/p>\n","protected":false},"featured_media":82740,"comment_status":"open","ping_status":"closed","template":"","meta":{"_kadence_starter_templates_imported_post":false,"_kad_post_transparent":"","_kad_post_title":"","_kad_post_layout":"","_kad_post_sidebar_id":"","_kad_post_content_style":"","_kad_post_vertical_padding":"","_kad_post_feature":"","_kad_post_feature_position":"","_kad_post_header":false,"_kad_post_footer":false},"product_brand":[],"product_cat":[492,421],"product_tag":[],"class_list":{"0":"post-82739","1":"product","2":"type-product","3":"status-publish","4":"has-post-thumbnail","6":"product_cat-guantes-de-boxeo","7":"product_cat-mma","8":"pa_brand-visita-la-store-de-rdx","10":"first","11":"instock","12":"shipping-taxable","13":"purchasable","14":"product-type-simple","15":"entry","16":"content-bg","17":"loop-entry"},"_links":{"self":[{"href":"https:\/\/futllermo.com\/tienda\/wp-json\/wp\/v2\/product\/82739","targetHints":{"allow":["GET"]}}],"collection":[{"href":"https:\/\/futllermo.com\/tienda\/wp-json\/wp\/v2\/product"}],"about":[{"href":"https:\/\/futllermo.com\/tienda\/wp-json\/wp\/v2\/types\/product"}],"replies":[{"embeddable":true,"href":"https:\/\/futllermo.com\/tienda\/wp-json\/wp\/v2\/comments?post=82739"}],"wp:featuredmedia":[{"embeddable":true,"href":"https:\/\/futllermo.com\/tienda\/wp-json\/wp\/v2\/media\/82740"}],"wp:attachment":[{"href":"https:\/\/futllermo.com\/tienda\/wp-json\/wp\/v2\/media?parent=82739"}],"wp:term":[{"taxonomy":"product_brand","embeddable":true,"href":"https:\/\/futllermo.com\/tienda\/wp-json\/wp\/v2\/product_brand?post=82739"},{"taxonomy":"product_cat","embeddable":true,"href":"https:\/\/futllermo.com\/tienda\/wp-json\/wp\/v2\/product_cat?post=82739"},{"taxonomy":"product_tag","embeddable":true,"href":"https:\/\/futllermo.com\/tienda\/wp-json\/wp\/v2\/product_tag?post=82739"}],"curies":[{"name":"wp","href":"https:\/\/api.w.org\/{rel}","templated":true}]}}