{"id":82727,"date":"2021-01-13T12:21:02","date_gmt":"2021-01-13T12:21:02","guid":{"rendered":"https:\/\/futllermo.com\/tienda\/producto\/rdx-guantes-de-boxeo-para-muay-thai-y-entrenamiento-convex-cuero-mitones-para-sparring-kick-boxing-boxing-gloves-para-saco-boxeo-combate-training\/"},"modified":"2022-01-13T09:58:30","modified_gmt":"2022-01-13T09:58:30","slug":"rdx-guantes-de-boxeo-para-muay-thai-y-entrenamiento-convex-cuero-mitones-para-sparring-kick-boxing-boxing-gloves-para-saco-boxeo-combate-training","status":"publish","type":"product","link":"https:\/\/futllermo.com\/tienda\/producto\/rdx-guantes-de-boxeo-para-muay-thai-y-entrenamiento-convex-cuero-mitones-para-sparring-kick-boxing-boxing-gloves-para-saco-boxeo-combate-training\/","title":{"rendered":"RDX Guantes de Boxeo Muay Thai Entrenamiento, Maya Hide Cuero, Noir Boxing Gloves para Sparring Kick Boxing Artes\u2026"},"content":{"rendered":"<p>\u3010CONVEX PIEL COMBATE CUERO\u3011 fabricado con ConVEX Skin Combat Leather, estos guantes de boxeo son c\u00f3modos, protectores y vers\u00e1tiles para un luchador de MMA que lo quiere todo.<br \/>\n\u3010EVA PADDING &amp; X-FOAM TECHNOLOGY\u3011 guante con capas de relleno de EVA para una absorci\u00f3n de impactos \u00f3ptima y X-FOAM en el \u00e1rea de la palma amortigua los disparos que pueden caer en la palma, lo que reduce las posibilidades de lesiones.<br \/>\n\u3010MOLDE QUADRO-DOME\u3011 mold Molde Quadro-Dome para mayor resistencia y forma de pu\u00f1o correcta para minimizar el riesgo de lesiones.<br \/>\n\u3010NYLON MESH PALM\u3011Nuestros guantes de boxeo cuentan con una malla de nylon colocada estrat\u00e9gicamente que brinda m\u00e1xima ventilaci\u00f3n y transpirabilidad. El dise\u00f1o avanzado de malla con perforaciones aireadas ayuda a mantener las manos secas, y el fr\u00edo reduce cualquier posibilidad de irritaci\u00f3n a trav\u00e9s del sudor.<br \/>\n\u3010STR CORREA DE GANCHO Y SOPORTE QUICK-EZ\u3011 Una correa de gancho y bucle Quick-EZ se enrolla alrededor para un ajuste f\u00e1cil y conveniente.<br \/>\n<\/p>\n","protected":false},"excerpt":{"rendered":"<p>\u3010CONVEX PIEL COMBATE CUERO\u3011 fabricado con ConVEX Skin Combat Leather, estos guantes de boxeo son c\u00f3modos, protectores y vers\u00e1tiles para un luchador de MMA que lo quiere todo.<br \/>\n\u3010EVA PADDING &amp; X-FOAM TECHNOLOGY\u3011 guante con capas de relleno de EVA para una absorci\u00f3n de impactos \u00f3ptima y X-FOAM en el \u00e1rea de la palma amortigua los disparos que pueden caer en la palma, lo que reduce las posibilidades de lesiones.<br \/>\n\u3010MOLDE QUADRO-DOME\u3011 mold Molde Quadro-Dome para mayor resistencia y forma de pu\u00f1o correcta para minimizar el riesgo de lesiones.<\/p>\n","protected":false},"featured_media":82729,"comment_status":"open","ping_status":"closed","template":"","meta":{"_kadence_starter_templates_imported_post":false,"_kad_post_transparent":"","_kad_post_title":"","_kad_post_layout":"","_kad_post_sidebar_id":"","_kad_post_content_style":"","_kad_post_vertical_padding":"","_kad_post_feature":"","_kad_post_feature_position":"","_kad_post_header":false,"_kad_post_footer":false},"product_brand":[],"product_cat":[492,421],"product_tag":[],"class_list":{"0":"post-82727","1":"product","2":"type-product","3":"status-publish","4":"has-post-thumbnail","6":"product_cat-guantes-de-boxeo","7":"product_cat-mma","8":"pa_brand-visita-la-store-de-rdx","10":"first","11":"instock","12":"shipping-taxable","13":"purchasable","14":"product-type-simple","15":"entry","16":"content-bg","17":"loop-entry"},"_links":{"self":[{"href":"https:\/\/futllermo.com\/tienda\/wp-json\/wp\/v2\/product\/82727","targetHints":{"allow":["GET"]}}],"collection":[{"href":"https:\/\/futllermo.com\/tienda\/wp-json\/wp\/v2\/product"}],"about":[{"href":"https:\/\/futllermo.com\/tienda\/wp-json\/wp\/v2\/types\/product"}],"replies":[{"embeddable":true,"href":"https:\/\/futllermo.com\/tienda\/wp-json\/wp\/v2\/comments?post=82727"}],"wp:featuredmedia":[{"embeddable":true,"href":"https:\/\/futllermo.com\/tienda\/wp-json\/wp\/v2\/media\/82729"}],"wp:attachment":[{"href":"https:\/\/futllermo.com\/tienda\/wp-json\/wp\/v2\/media?parent=82727"}],"wp:term":[{"taxonomy":"product_brand","embeddable":true,"href":"https:\/\/futllermo.com\/tienda\/wp-json\/wp\/v2\/product_brand?post=82727"},{"taxonomy":"product_cat","embeddable":true,"href":"https:\/\/futllermo.com\/tienda\/wp-json\/wp\/v2\/product_cat?post=82727"},{"taxonomy":"product_tag","embeddable":true,"href":"https:\/\/futllermo.com\/tienda\/wp-json\/wp\/v2\/product_tag?post=82727"}],"curies":[{"name":"wp","href":"https:\/\/api.w.org\/{rel}","templated":true}]}}