{"id":82712,"date":"2021-01-13T12:20:41","date_gmt":"2021-01-13T12:20:41","guid":{"rendered":"https:\/\/futllermo.com\/tienda\/producto\/starpro-c20-single-shell-guantes-de-boxeo-cuero-de-pu-blanco-y-negro-para-entrenamiento-y-sparring-en-muay-thai-kickboxing-fitness-and-boxercise-hombres-y-mujeres-8oz-10oz-12oz-14oz-16oz\/"},"modified":"2022-01-13T09:58:30","modified_gmt":"2022-01-13T09:58:30","slug":"starpro-c20-single-shell-guantes-de-boxeo-cuero-de-pu-blanco-y-negro-para-entrenamiento-y-sparring-en-muay-thai-kickboxing-fitness-and-boxercise-hombres-y-mujeres-8oz-10oz-12oz-14oz-16oz","status":"publish","type":"product","link":"https:\/\/futllermo.com\/tienda\/producto\/starpro-c20-single-shell-guantes-de-boxeo-cuero-de-pu-blanco-y-negro-para-entrenamiento-y-sparring-en-muay-thai-kickboxing-fitness-and-boxercise-hombres-y-mujeres-8oz-10oz-12oz-14oz-16oz\/","title":{"rendered":"Starpro C20 Guantes de Boxeo de Cuero PU para Entrenamiento Sparring en Muay Thai Kickboxing Fitness &#8211; Hombres y Mujeres\u2026"},"content":{"rendered":"<p><!-- show up to 2 reviews by default --> <\/p>\n<p><strong>STARPRO: CUALQUIER COSA M\u00c1S ES UN COMPONENDA<\/strong><\/p>\n<p><strong>Guantes de entrenamiento V-Tech<\/strong><br \/>Estos guantes de boxeo est\u00e1n hechos de un material similar al cuero de calidad con forro interior de tafet\u00e1n. Con la palma de malla Hydra flow que absorbe el sudor, ayuda a mantener sus manos c\u00f3modas y secas en las largas sesiones de entrenamiento \/ entrenamiento. Los guantes de kickboxing se distinguen por el dise\u00f1o distintivo en forma de V, disponible en diferentes colores.<\/p>\n<p><strong>ALTA CALIDAD:<\/strong><br \/>Los guantes de entrenamiento V-Tech son una opci\u00f3n asequible y confiable para cualquier tipo de entrenamiento. Adem\u00e1s, el forro interior de tafet\u00e1n no permite que el sudor sea absorbido por el guante de boxeo y el mantenimiento se facilita. Los guantes de entrenamiento C20 est\u00e1n cosidos por trabajadores calificados para que obtenga la calidad al precio que se merece.<\/p>\n<p><strong>SALVO Y SEGURO<\/strong> <br \/>El cierre de correa de envoltura segura evita que la mu\u00f1eca se tuerza y proporciona un buen agarre para una sesi\u00f3n de entrenamiento \/ entrenamiento eficiente.<\/p>\n<\/p>\n<p><strong>Tama\u00f1os:<\/strong> 6 oz, 8 oz, 10 oz, 12 oz, 14 oz, 16 oz<\/p>\n<p><strong>Color:<\/strong> Negro, Rosado<\/p>\n<\/p>\n<p>\u2705ALTA CALIDAD: construcci\u00f3n de cuero PU Durate de calidad para una gran durabilidad y rendimiento, tambi\u00e9n f\u00e1cil de limpiar y mantener. Dise\u00f1o profesional para boxeo, kickboxing, muay thai, MMA y entrenamiento de entrenamiento.<br \/>\n\u2705MEJOR SOPORTE Y PROTECCI\u00d3N: ensanchado ayuda a agregar m\u00e1s estabilidad a la mu\u00f1eca y lo hace mucho m\u00e1s f\u00e1cil a medida que lanza golpes, la espuma de densidad m\u00faltiple permite una absorci\u00f3n de impactos sin igual, brinda la mejor protecci\u00f3n tanto para usted como para su pareja<br \/>\n\u2705COMODIDAD SUPERIOR: la malla transpirable mantiene la mano seca, el dise\u00f1o anat\u00f3mico precurvado de la mano permite el cierre adecuado del pu\u00f1o y mantiene el enfoque durante el entrenamiento<br \/>\n\u2705CUESTIONES DE ESTILO Y TAMA\u00d1O: los guantes de boxeo Starpro vienen en varios tama\u00f1os de 6 oz, 8 oz, 10 oz, 12 oz, 14 oz y 16 oz son ideales para el entrenamiento de entrenamiento y saco de boxeo. Para obtener m\u00e1s informaci\u00f3n sobre el tama\u00f1o, consulte la tabla de tama\u00f1os en las im\u00e1genes. Amigable para todo tipo de piel y est\u00e1 disponible en tama\u00f1os de guantes de boxeo para mujeres, hombres y con la amplia gama de guantes de boxeo para hombres y mujeres.<br \/>\n\u2705LO QUE USTED OBTIENE: Los guantes de entrenamiento Starpro Kickboxing, nuestra garant\u00eda favorita de 12 meses y un servicio al cliente amigable las 24 horas, los 7 d\u00edas de la semana.<br \/>\n<\/p>\n","protected":false},"excerpt":{"rendered":"<p>\u2705ALTA CALIDAD: construcci\u00f3n de cuero PU Durate de calidad para una gran durabilidad y rendimiento, tambi\u00e9n f\u00e1cil de limpiar y mantener. Dise\u00f1o profesional para boxeo, kickboxing, muay thai, MMA y entrenamiento de entrenamiento.<br \/>\n\u2705MEJOR SOPORTE Y PROTECCI\u00d3N: ensanchado ayuda a agregar m\u00e1s estabilidad a la mu\u00f1eca y lo hace mucho m\u00e1s f\u00e1cil a medida que lanza golpes, la espuma de densidad m\u00faltiple permite una absorci\u00f3n de impactos sin igual, brinda la mejor protecci\u00f3n tanto para usted como para su pareja<br \/>\n\u2705COMODIDAD SUPERIOR: la malla transpirable mantiene la mano seca, el dise\u00f1o anat\u00f3mico precurvado de la mano permite el cierre adecuado del pu\u00f1o y mantiene el enfoque durante el entrenamiento<\/p>\n","protected":false},"featured_media":82715,"comment_status":"open","ping_status":"closed","template":"","meta":{"_kadence_starter_templates_imported_post":false,"_kad_post_transparent":"","_kad_post_title":"","_kad_post_layout":"","_kad_post_sidebar_id":"","_kad_post_content_style":"","_kad_post_vertical_padding":"","_kad_post_feature":"","_kad_post_feature_position":"","_kad_post_header":false,"_kad_post_footer":false},"product_brand":[],"product_cat":[492,421],"product_tag":[],"class_list":{"0":"post-82712","1":"product","2":"type-product","3":"status-publish","4":"has-post-thumbnail","6":"product_cat-guantes-de-boxeo","7":"product_cat-mma","8":"pa_brand-visita-la-store-de-starpro","10":"first","11":"instock","12":"shipping-taxable","13":"purchasable","14":"product-type-simple","15":"entry","16":"content-bg","17":"loop-entry"},"_links":{"self":[{"href":"https:\/\/futllermo.com\/tienda\/wp-json\/wp\/v2\/product\/82712","targetHints":{"allow":["GET"]}}],"collection":[{"href":"https:\/\/futllermo.com\/tienda\/wp-json\/wp\/v2\/product"}],"about":[{"href":"https:\/\/futllermo.com\/tienda\/wp-json\/wp\/v2\/types\/product"}],"replies":[{"embeddable":true,"href":"https:\/\/futllermo.com\/tienda\/wp-json\/wp\/v2\/comments?post=82712"}],"wp:featuredmedia":[{"embeddable":true,"href":"https:\/\/futllermo.com\/tienda\/wp-json\/wp\/v2\/media\/82715"}],"wp:attachment":[{"href":"https:\/\/futllermo.com\/tienda\/wp-json\/wp\/v2\/media?parent=82712"}],"wp:term":[{"taxonomy":"product_brand","embeddable":true,"href":"https:\/\/futllermo.com\/tienda\/wp-json\/wp\/v2\/product_brand?post=82712"},{"taxonomy":"product_cat","embeddable":true,"href":"https:\/\/futllermo.com\/tienda\/wp-json\/wp\/v2\/product_cat?post=82712"},{"taxonomy":"product_tag","embeddable":true,"href":"https:\/\/futllermo.com\/tienda\/wp-json\/wp\/v2\/product_tag?post=82712"}],"curies":[{"name":"wp","href":"https:\/\/api.w.org\/{rel}","templated":true}]}}