{"id":82707,"date":"2021-01-13T12:20:34","date_gmt":"2021-01-13T12:20:34","guid":{"rendered":"https:\/\/futllermo.com\/tienda\/producto\/guantes-de-boxeo-para-ninos\/"},"modified":"2022-01-13T09:58:29","modified_gmt":"2022-01-13T09:58:29","slug":"guantes-de-boxeo-para-ninos","status":"publish","type":"product","link":"https:\/\/futllermo.com\/tienda\/producto\/guantes-de-boxeo-para-ninos\/","title":{"rendered":"SKL Guantes de boxeo (Cartoon Sparring) para entrenamiento, lucha, Kick Boxing para ni\u00f1os"},"content":{"rendered":"<div class=\"disclaim\"> Color:<strong>Azul<\/strong> <\/div>\n<p> <!-- show up to 2 reviews by default --> <\/p>\n<p><b> \u00bfPor qu\u00e9 necesitas estos guantes de boxeo SKL? <\/b> <br \/> &#8211; Alta calidad con buen precio y el mejor servicio. <br \/> &#8211; Hermosos guantes de entrenamiento de boxeo con cuatro colores brillantes azul, verde, rojo, todos amados por ni\u00f1os y ni\u00f1as. <br \/> &#8211; Guantes de boxeo de 4 oz, adecuados para ni\u00f1os de 5 a 12 a\u00f1os, si tiene un problema de tama\u00f1o, no dude en contactarnos, brindaremos un buen servicio al cliente. <\/p>\n<p><b> Caracter\u00edstica: <\/b> <br \/> Hecho de material de alta calidad, con cierres ajustables de gancho y bucle. <br \/> Duradero para uso a largo plazo, ideal para mejorar la t\u00e9cnica de boxeo y disfrutar de la pasi\u00f3n. <br \/> Material: cuero de la PU + esponja <br \/> Color: azul, rojo, verde <br \/> Grupo adecuado: ni\u00f1os de 5 a 12 a\u00f1os <br \/> Tama\u00f1o original: 9 \u00abx 6.3\u00bb \/ 22.86 x 16 cm <br \/> Peso de la unidad: 4 oz \/ pcs <\/p>\n<p><b> Paquete incluido: <\/b> <br \/> 1 par de guantes de boxeo <\/p>\n<p>Hecho de cuero sint\u00e9tico de grano con molde hecho a m\u00e1quina en el interior.<br \/>\nLa correa de mu\u00f1eca larga con cierre de velcro de buena calidad brinda un control adecuado.<br \/>\nSe recomiendan guantes de boxeo de 4 oz para ni\u00f1os de 5 a 12 a\u00f1os.<br \/>\nConstrucci\u00f3n de cuero PU de alto rendimiento.El material duradero y de alta calidad es m\u00e1s f\u00e1cil de limpiar y mantener la espuma de protecci\u00f3n contra impactos de gel.<br \/>\nEnsures a secure fit for training while making the gloves easy to put on or take off.<br \/>\n<\/p>\n","protected":false},"excerpt":{"rendered":"<p>Hecho de cuero sint\u00e9tico de grano con molde hecho a m\u00e1quina en el interior.<br \/>\nLa correa de mu\u00f1eca larga con cierre de velcro de buena calidad brinda un control adecuado.<br \/>\nSe recomiendan guantes de boxeo de 4 oz para ni\u00f1os de 5 a 12 a\u00f1os.<\/p>\n","protected":false},"featured_media":82709,"comment_status":"open","ping_status":"closed","template":"","meta":{"_kadence_starter_templates_imported_post":false,"_kad_post_transparent":"","_kad_post_title":"","_kad_post_layout":"","_kad_post_sidebar_id":"","_kad_post_content_style":"","_kad_post_vertical_padding":"","_kad_post_feature":"","_kad_post_feature_position":"","_kad_post_header":false,"_kad_post_footer":false},"product_brand":[],"product_cat":[492,421],"product_tag":[],"class_list":{"0":"post-82707","1":"product","2":"type-product","3":"status-publish","4":"has-post-thumbnail","6":"product_cat-guantes-de-boxeo","7":"product_cat-mma","8":"pa_brand-marca-skl","10":"first","11":"instock","12":"shipping-taxable","13":"purchasable","14":"product-type-simple","15":"entry","16":"content-bg","17":"loop-entry"},"_links":{"self":[{"href":"https:\/\/futllermo.com\/tienda\/wp-json\/wp\/v2\/product\/82707","targetHints":{"allow":["GET"]}}],"collection":[{"href":"https:\/\/futllermo.com\/tienda\/wp-json\/wp\/v2\/product"}],"about":[{"href":"https:\/\/futllermo.com\/tienda\/wp-json\/wp\/v2\/types\/product"}],"replies":[{"embeddable":true,"href":"https:\/\/futllermo.com\/tienda\/wp-json\/wp\/v2\/comments?post=82707"}],"wp:featuredmedia":[{"embeddable":true,"href":"https:\/\/futllermo.com\/tienda\/wp-json\/wp\/v2\/media\/82709"}],"wp:attachment":[{"href":"https:\/\/futllermo.com\/tienda\/wp-json\/wp\/v2\/media?parent=82707"}],"wp:term":[{"taxonomy":"product_brand","embeddable":true,"href":"https:\/\/futllermo.com\/tienda\/wp-json\/wp\/v2\/product_brand?post=82707"},{"taxonomy":"product_cat","embeddable":true,"href":"https:\/\/futllermo.com\/tienda\/wp-json\/wp\/v2\/product_cat?post=82707"},{"taxonomy":"product_tag","embeddable":true,"href":"https:\/\/futllermo.com\/tienda\/wp-json\/wp\/v2\/product_tag?post=82707"}],"curies":[{"name":"wp","href":"https:\/\/api.w.org\/{rel}","templated":true}]}}