{"id":82703,"date":"2021-01-13T12:20:29","date_gmt":"2021-01-13T12:20:29","guid":{"rendered":"https:\/\/futllermo.com\/tienda\/producto\/leone-1947-shock-guantes-de-boxeo\/"},"modified":"2022-01-13T09:58:29","modified_gmt":"2022-01-13T09:58:29","slug":"leone-1947-shock-guantes-de-boxeo","status":"publish","type":"product","link":"https:\/\/futllermo.com\/tienda\/producto\/leone-1947-shock-guantes-de-boxeo\/","title":{"rendered":"Leone 1947 Shock guantes de boxeo"},"content":{"rendered":"<p><!-- show up to 2 reviews by default --> <\/p>\n<p>Estos guantes est\u00e1n hechos de piel de b\u00fafalo con relleno de poliuretano. Esta mezcla de material los hace ligeros y equilibrados, perfectos para el combate en ring. La garant\u00eda de la marca Leone 1947 es sin\u00f3nimo de calidad del producto fabricado en Italia. Dise\u00f1o muy especial con una banda blanca que envuelve el dorso de la mano. <\/p>\n<p>Adecuados tanto para boxeo cl\u00e1sico como deportes de contacto como K1, Muay Thai, Kickboxing<br \/>\nFabricado a mano en piel de alta calidad<br \/>\nCon un relleno de alta protecci\u00f3n y comodidad<br \/>\nAguantan las sesiones mas exigentes de entrenamiento y sparring<br \/>\n<\/p>\n","protected":false},"excerpt":{"rendered":"<p>Adecuados tanto para boxeo cl\u00e1sico como deportes de contacto como K1, Muay Thai, Kickboxing<br \/>\nFabricado a mano en piel de alta calidad<br \/>\nCon un relleno de alta protecci\u00f3n y comodidad<\/p>\n","protected":false},"featured_media":82704,"comment_status":"open","ping_status":"closed","template":"","meta":{"_kadence_starter_templates_imported_post":false,"_kad_post_transparent":"","_kad_post_title":"","_kad_post_layout":"","_kad_post_sidebar_id":"","_kad_post_content_style":"","_kad_post_vertical_padding":"","_kad_post_feature":"","_kad_post_feature_position":"","_kad_post_header":false,"_kad_post_footer":false},"product_brand":[],"product_cat":[492,421],"product_tag":[],"class_list":{"0":"post-82703","1":"product","2":"type-product","3":"status-publish","4":"has-post-thumbnail","6":"product_cat-guantes-de-boxeo","7":"product_cat-mma","8":"pa_brand-marca-leone-1947","10":"first","11":"instock","12":"shipping-taxable","13":"purchasable","14":"product-type-simple","15":"entry","16":"content-bg","17":"loop-entry"},"_links":{"self":[{"href":"https:\/\/futllermo.com\/tienda\/wp-json\/wp\/v2\/product\/82703","targetHints":{"allow":["GET"]}}],"collection":[{"href":"https:\/\/futllermo.com\/tienda\/wp-json\/wp\/v2\/product"}],"about":[{"href":"https:\/\/futllermo.com\/tienda\/wp-json\/wp\/v2\/types\/product"}],"replies":[{"embeddable":true,"href":"https:\/\/futllermo.com\/tienda\/wp-json\/wp\/v2\/comments?post=82703"}],"wp:featuredmedia":[{"embeddable":true,"href":"https:\/\/futllermo.com\/tienda\/wp-json\/wp\/v2\/media\/82704"}],"wp:attachment":[{"href":"https:\/\/futllermo.com\/tienda\/wp-json\/wp\/v2\/media?parent=82703"}],"wp:term":[{"taxonomy":"product_brand","embeddable":true,"href":"https:\/\/futllermo.com\/tienda\/wp-json\/wp\/v2\/product_brand?post=82703"},{"taxonomy":"product_cat","embeddable":true,"href":"https:\/\/futllermo.com\/tienda\/wp-json\/wp\/v2\/product_cat?post=82703"},{"taxonomy":"product_tag","embeddable":true,"href":"https:\/\/futllermo.com\/tienda\/wp-json\/wp\/v2\/product_tag?post=82703"}],"curies":[{"name":"wp","href":"https:\/\/api.w.org\/{rel}","templated":true}]}}