{"id":82691,"date":"2021-01-13T12:20:14","date_gmt":"2021-01-13T12:20:14","guid":{"rendered":"https:\/\/futllermo.com\/tienda\/producto\/fumei-guantes-de-boxeo-para-ninos-para-sparring-saco-de-boxeo-muay-thai-y-kick-boxing-mma-6oz\/"},"modified":"2022-01-13T09:58:29","modified_gmt":"2022-01-13T09:58:29","slug":"fumei-guantes-de-boxeo-para-ninos-para-sparring-saco-de-boxeo-muay-thai-y-kick-boxing-mma-6oz","status":"publish","type":"product","link":"https:\/\/futllermo.com\/tienda\/producto\/fumei-guantes-de-boxeo-para-ninos-para-sparring-saco-de-boxeo-muay-thai-y-kick-boxing-mma-6oz\/","title":{"rendered":"FUMEI Guantes de Boxeo para Ni\u00f1os para Sparring, Saco de Boxeo, Muay Thai y Kick Boxing, MMA, 6oz (Rojo-02)"},"content":{"rendered":"<div class=\"disclaim\"> Color:<strong>Rojo(con Palabras)<\/strong> <\/div>\n<p> <!-- show up to 2 reviews by default --> <\/p>\n<p>\u2714 6oz guantes de boxeo de los ni\u00f1os Los mitones sparring.<br \/> \u2714 Adecuado para ni\u00f1os de 3 a 10 a\u00f1os en campos de entrenamiento\/clases de entrenamiento\/escuelas\/al aire libre.<br \/>\u2714 De malla transpirable \u00e1rea de la palma para un mejor sistema de ventilaci\u00f3n de aire.<br \/>\u2714 Ajustable: la piel exterior del producto es de superficie de PU, el interior del guante es una esponja de compresi\u00f3n, la mu\u00f1eca est\u00e1 unida con un velcro y el el\u00e1stico puede ajustarse moderadamente. <\/p>\n<p>Material: Los guantes de boxeo est\u00e1n hechos de cuero sint\u00e9tico para resistir los golpes extremos y son el mejor compa\u00f1ero de la bolsa de boxeo.<br \/>\nM\u00e1s C\u00f3modo: Tiene un cierre de velcro para un mejor agarre alrededor de la mu\u00f1eca. La tecnolog\u00eda especial de absorci\u00f3n de impactos proporciona una protecci\u00f3n mejorada para las manos en el ring de boxeo y las sesiones de entrenamiento.<br \/>\nDise\u00f1o Ergon\u00f3mico: Su dise\u00f1o pre-curvado le permitir\u00e1 cerrar correctamente el pu\u00f1o sin ning\u00fan inconveniente y de manera correcta evitando lesiones mientras entrena.<br \/>\nEl Mejor Regalo para Ni\u00f1os: La guante de boxeo es mejor para ni\u00f1os como el interior transpirable poseen propiedades antimicrobianos que mantiene las manos j\u00f3venes seguro y seco. Ancho: 23cm; longitud: 14cm; adecuado para ni\u00f1os de 3-10 a\u00f1os.<br \/>\nEntrenamiento de Seguridad: Guantes de boxeo para ni\u00f1os para entrenamiento, sparring, saco de boxeo, Muay Thai y kick boxing, MMA, artes marciales.<br \/>\n<\/p>\n","protected":false},"excerpt":{"rendered":"<p>Material: Los guantes de boxeo est\u00e1n hechos de cuero sint\u00e9tico para resistir los golpes extremos y son el mejor compa\u00f1ero de la bolsa de boxeo.<br \/>\nM\u00e1s C\u00f3modo: Tiene un cierre de velcro para un mejor agarre alrededor de la mu\u00f1eca. La tecnolog\u00eda especial de absorci\u00f3n de impactos proporciona una protecci\u00f3n mejorada para las manos en el ring de boxeo y las sesiones de entrenamiento.<br \/>\nDise\u00f1o Ergon\u00f3mico: Su dise\u00f1o pre-curvado le permitir\u00e1 cerrar correctamente el pu\u00f1o sin ning\u00fan inconveniente y de manera correcta evitando lesiones mientras entrena.<\/p>\n","protected":false},"featured_media":82693,"comment_status":"open","ping_status":"closed","template":"","meta":{"_kadence_starter_templates_imported_post":false,"_kad_post_transparent":"","_kad_post_title":"","_kad_post_layout":"","_kad_post_sidebar_id":"","_kad_post_content_style":"","_kad_post_vertical_padding":"","_kad_post_feature":"","_kad_post_feature_position":"","_kad_post_header":false,"_kad_post_footer":false},"product_brand":[],"product_cat":[492,421],"product_tag":[],"class_list":{"0":"post-82691","1":"product","2":"type-product","3":"status-publish","4":"has-post-thumbnail","6":"product_cat-guantes-de-boxeo","7":"product_cat-mma","8":"pa_brand-marca-fumei","10":"first","11":"instock","12":"shipping-taxable","13":"purchasable","14":"product-type-simple","15":"entry","16":"content-bg","17":"loop-entry"},"_links":{"self":[{"href":"https:\/\/futllermo.com\/tienda\/wp-json\/wp\/v2\/product\/82691","targetHints":{"allow":["GET"]}}],"collection":[{"href":"https:\/\/futllermo.com\/tienda\/wp-json\/wp\/v2\/product"}],"about":[{"href":"https:\/\/futllermo.com\/tienda\/wp-json\/wp\/v2\/types\/product"}],"replies":[{"embeddable":true,"href":"https:\/\/futllermo.com\/tienda\/wp-json\/wp\/v2\/comments?post=82691"}],"wp:featuredmedia":[{"embeddable":true,"href":"https:\/\/futllermo.com\/tienda\/wp-json\/wp\/v2\/media\/82693"}],"wp:attachment":[{"href":"https:\/\/futllermo.com\/tienda\/wp-json\/wp\/v2\/media?parent=82691"}],"wp:term":[{"taxonomy":"product_brand","embeddable":true,"href":"https:\/\/futllermo.com\/tienda\/wp-json\/wp\/v2\/product_brand?post=82691"},{"taxonomy":"product_cat","embeddable":true,"href":"https:\/\/futllermo.com\/tienda\/wp-json\/wp\/v2\/product_cat?post=82691"},{"taxonomy":"product_tag","embeddable":true,"href":"https:\/\/futllermo.com\/tienda\/wp-json\/wp\/v2\/product_tag?post=82691"}],"curies":[{"name":"wp","href":"https:\/\/api.w.org\/{rel}","templated":true}]}}