{"id":82689,"date":"2021-01-13T12:20:11","date_gmt":"2021-01-13T12:20:11","guid":{"rendered":"https:\/\/futllermo.com\/tienda\/producto\/ringhorns-charger-guantes-de-boxeo-unisex-adulto\/"},"modified":"2022-01-13T09:58:29","modified_gmt":"2022-01-13T09:58:29","slug":"ringhorns-charger-guantes-de-boxeo-unisex-adulto","status":"publish","type":"product","link":"https:\/\/futllermo.com\/tienda\/producto\/ringhorns-charger-guantes-de-boxeo-unisex-adulto\/","title":{"rendered":"Ringhorns Charger Guantes de Boxeo, Unisex Adulto"},"content":{"rendered":"<p><!-- show up to 2 reviews by default --> <\/p>\n<p>A prop\u00f3sito de Ringhorns <br \/> Ringhorns (los cuernos del ring) es una marca que viene de California que ha sido creada en 2017 por el equipo Venum basado en Los Angeles. El objetivo de Venum con esta marca es proponer una alternativa seria a las numerosas marcas de boxeo de gama baja. El pliego de condiciones del equipo de desarrollo fue el siguiente: <br \/> &#8211; Un logotipo poderoso<br \/> &#8211; Un dise\u00f1o que jam\u00e1s deja indiferente (\u00a1gusta o no gusta. )<br \/> &#8211; Un tecnicismo dif\u00edcil de encontrar a este nivel de precio<br \/> &#8211; Una calidad elevada para una inversi\u00f3n controlada<br \/> &#8211; Proponer productos impregnados por el esp\u00edritu de las salas t\u00edpicas de boxeo del sur de California<\/p>\n<p> Guante ideal para empezar el boxeo. Ha sido concebido para ofrecer un m\u00e1ximo de comodidad y de protecci\u00f3n con un precio lo m\u00e1s bajo posible. La forma del guante proporciona una comodidad importante e in\u00e9dita a este nivel de gama. Esto reduce tambi\u00e9n considerablemente los riesgos de herida. Disponible en varios colores. <\/p>\n<p>Sistema multicapas que garantizan una buena absorci\u00f3n de los impactos<br \/>\nSkintex flexible y resistente<br \/>\nPulgar completamente adjunto para minimizar el riesgo de torsi\u00f3n<br \/>\nDise\u00f1o que pone por delante el logotipo<br \/>\nGran cierre de velcro para un ajuste seguro<br \/>\n<\/p>\n","protected":false},"excerpt":{"rendered":"<p>Sistema multicapas que garantizan una buena absorci\u00f3n de los impactos<br \/>\nSkintex flexible y resistente<br \/>\nPulgar completamente adjunto para minimizar el riesgo de torsi\u00f3n<\/p>\n","protected":false},"featured_media":82690,"comment_status":"open","ping_status":"closed","template":"","meta":{"_kadence_starter_templates_imported_post":false,"_kad_post_transparent":"","_kad_post_title":"","_kad_post_layout":"","_kad_post_sidebar_id":"","_kad_post_content_style":"","_kad_post_vertical_padding":"","_kad_post_feature":"","_kad_post_feature_position":"","_kad_post_header":false,"_kad_post_footer":false},"product_brand":[],"product_cat":[492,421],"product_tag":[],"class_list":{"0":"post-82689","1":"product","2":"type-product","3":"status-publish","4":"has-post-thumbnail","6":"product_cat-guantes-de-boxeo","7":"product_cat-mma","8":"pa_brand-visita-la-store-de-ringhorns","10":"first","11":"instock","12":"shipping-taxable","13":"purchasable","14":"product-type-simple","15":"entry","16":"content-bg","17":"loop-entry"},"_links":{"self":[{"href":"https:\/\/futllermo.com\/tienda\/wp-json\/wp\/v2\/product\/82689","targetHints":{"allow":["GET"]}}],"collection":[{"href":"https:\/\/futllermo.com\/tienda\/wp-json\/wp\/v2\/product"}],"about":[{"href":"https:\/\/futllermo.com\/tienda\/wp-json\/wp\/v2\/types\/product"}],"replies":[{"embeddable":true,"href":"https:\/\/futllermo.com\/tienda\/wp-json\/wp\/v2\/comments?post=82689"}],"wp:featuredmedia":[{"embeddable":true,"href":"https:\/\/futllermo.com\/tienda\/wp-json\/wp\/v2\/media\/82690"}],"wp:attachment":[{"href":"https:\/\/futllermo.com\/tienda\/wp-json\/wp\/v2\/media?parent=82689"}],"wp:term":[{"taxonomy":"product_brand","embeddable":true,"href":"https:\/\/futllermo.com\/tienda\/wp-json\/wp\/v2\/product_brand?post=82689"},{"taxonomy":"product_cat","embeddable":true,"href":"https:\/\/futllermo.com\/tienda\/wp-json\/wp\/v2\/product_cat?post=82689"},{"taxonomy":"product_tag","embeddable":true,"href":"https:\/\/futllermo.com\/tienda\/wp-json\/wp\/v2\/product_tag?post=82689"}],"curies":[{"name":"wp","href":"https:\/\/api.w.org\/{rel}","templated":true}]}}