{"id":82674,"date":"2021-01-13T12:19:52","date_gmt":"2021-01-13T12:19:52","guid":{"rendered":"https:\/\/futllermo.com\/tienda\/producto\/rehomy-guantes-de-boxeo-guantes-de-entrenamiento-de-kickboxing-de-calidad-profesional-para-entrenamiento-de-muay-thai-para-hombres-y-mujeres\/"},"modified":"2022-01-13T09:58:29","modified_gmt":"2022-01-13T09:58:29","slug":"rehomy-guantes-de-boxeo-guantes-de-entrenamiento-de-kickboxing-de-calidad-profesional-para-entrenamiento-de-muay-thai-para-hombres-y-mujeres","status":"publish","type":"product","link":"https:\/\/futllermo.com\/tienda\/producto\/rehomy-guantes-de-boxeo-guantes-de-entrenamiento-de-kickboxing-de-calidad-profesional-para-entrenamiento-de-muay-thai-para-hombres-y-mujeres\/","title":{"rendered":"Rehomy Guantes de Boxeo Guantes de Entrenamiento de Kickboxing de Calidad Profesional para Entrenamiento de Muay Thai\u2026"},"content":{"rendered":"<p><!-- show up to 2 reviews by default --> <\/p>\n<p><b> 1 par \/ set boxeo adulto luchando muay thai sparring golpeando kickboxing agarrando guantes de saco de arena <\/p>\n<p>descripci\u00f3n: <\/b> <br \/>este par de guantes est\u00e1 especialmente dise\u00f1ado para entrenar muay, thai, kickboxeo, saco de boxeo y combate, lo que mejora su sensibilidad, capacidad de reacci\u00f3n, desarrollo saludable de la mente y el cuerpo y la constituci\u00f3n. <br \/>El material de PU con dise\u00f1o acolchado y medio dedo en el pulgar puede proteger sus manos y mantenerlo fresco al mismo tiempo. <br \/>El cierre de gancho y bucle es f\u00e1cil de usar y c\u00f3modo de llevar. <br \/>El dise\u00f1o ergon\u00f3mico puede mejorar la comodidad y la seguridad en gran medida durante el boxeo. <\/p>\n<p><b> Especificaciones: <\/b> <br \/>Material: PU <br \/>Color: Rojo + Negro <br \/>Tama\u00f1o: Talla \u00fanica <br \/>Adecuado para: ?14 a\u00f1os \/ Adulto <br \/>Cantidad: 1 par \/ juego <br \/>Peso del paquete: 130 g <br \/>Tipo: Guantes de boxeo <\/p>\n<p><b> El paquete incluye: <\/b> <br \/>1 x par de guantes de boxeo para adultos <\/p>\n<p>?Alta calidad? Nuestros guantes de entrenamiento est\u00e1n hechos de material de PU que es duradero para uso a largo plazo<br \/>\nConfort Comodidad superior? Las partes estresadas con dise\u00f1o acolchado son resistentes, lo que puede amortiguar el impacto de los golpes y reducir el dolor<br \/>\n?Dise\u00f1o seguro? Dise\u00f1o ergon\u00f3mico conforme. El cierre de gancho y bucle es flexible y ajustable para un ajuste c\u00f3modo y seguro, que puede proteger mejor su mu\u00f1eca durante el boxeo<br \/>\n?Transpirable? El dise\u00f1o de medio dedo en el pulgar es c\u00f3modo, transpirable y fresco<br \/>\n?Uso amplio? Estos guantes de boxeo son ideales para el kickboxing, el combate, los entrenamientos de bolsas pesadas y el trabajo con guantes<br \/>\n<\/p>\n","protected":false},"excerpt":{"rendered":"<p>?Alta calidad? Nuestros guantes de entrenamiento est\u00e1n hechos de material de PU que es duradero para uso a largo plazo<br \/>\nConfort Comodidad superior? Las partes estresadas con dise\u00f1o acolchado son resistentes, lo que puede amortiguar el impacto de los golpes y reducir el dolor<br \/>\n?Dise\u00f1o seguro? Dise\u00f1o ergon\u00f3mico conforme. El cierre de gancho y bucle es flexible y ajustable para un ajuste c\u00f3modo y seguro, que puede proteger mejor su mu\u00f1eca durante el boxeo<\/p>\n","protected":false},"featured_media":82676,"comment_status":"open","ping_status":"closed","template":"","meta":{"_kadence_starter_templates_imported_post":false,"_kad_post_transparent":"","_kad_post_title":"","_kad_post_layout":"","_kad_post_sidebar_id":"","_kad_post_content_style":"","_kad_post_vertical_padding":"","_kad_post_feature":"","_kad_post_feature_position":"","_kad_post_header":false,"_kad_post_footer":false},"product_brand":[],"product_cat":[492,421],"product_tag":[],"class_list":{"0":"post-82674","1":"product","2":"type-product","3":"status-publish","4":"has-post-thumbnail","6":"product_cat-guantes-de-boxeo","7":"product_cat-mma","8":"pa_brand-marca-rehomy","10":"first","11":"instock","12":"shipping-taxable","13":"purchasable","14":"product-type-simple","15":"entry","16":"content-bg","17":"loop-entry"},"_links":{"self":[{"href":"https:\/\/futllermo.com\/tienda\/wp-json\/wp\/v2\/product\/82674","targetHints":{"allow":["GET"]}}],"collection":[{"href":"https:\/\/futllermo.com\/tienda\/wp-json\/wp\/v2\/product"}],"about":[{"href":"https:\/\/futllermo.com\/tienda\/wp-json\/wp\/v2\/types\/product"}],"replies":[{"embeddable":true,"href":"https:\/\/futllermo.com\/tienda\/wp-json\/wp\/v2\/comments?post=82674"}],"wp:featuredmedia":[{"embeddable":true,"href":"https:\/\/futllermo.com\/tienda\/wp-json\/wp\/v2\/media\/82676"}],"wp:attachment":[{"href":"https:\/\/futllermo.com\/tienda\/wp-json\/wp\/v2\/media?parent=82674"}],"wp:term":[{"taxonomy":"product_brand","embeddable":true,"href":"https:\/\/futllermo.com\/tienda\/wp-json\/wp\/v2\/product_brand?post=82674"},{"taxonomy":"product_cat","embeddable":true,"href":"https:\/\/futllermo.com\/tienda\/wp-json\/wp\/v2\/product_cat?post=82674"},{"taxonomy":"product_tag","embeddable":true,"href":"https:\/\/futllermo.com\/tienda\/wp-json\/wp\/v2\/product_tag?post=82674"}],"curies":[{"name":"wp","href":"https:\/\/api.w.org\/{rel}","templated":true}]}}