{"id":82660,"date":"2021-01-13T12:19:32","date_gmt":"2021-01-13T12:19:32","guid":{"rendered":"https:\/\/futllermo.com\/tienda\/producto\/huining-guantes-de-boxeo-para-ninos-guantes-de-boxeo-guantes-de-artes-marciales-mixtas-guantes-de-entrenamiento-de-dibujos-animados-4-onzas-para-edades-de-3-a-12-anos\/"},"modified":"2022-01-13T09:58:29","modified_gmt":"2022-01-13T09:58:29","slug":"huining-guantes-de-boxeo-para-ninos-guantes-de-boxeo-guantes-de-artes-marciales-mixtas-guantes-de-entrenamiento-de-dibujos-animados-4-onzas-para-edades-de-3-a-12-anos","status":"publish","type":"product","link":"https:\/\/futllermo.com\/tienda\/producto\/huining-guantes-de-boxeo-para-ninos-guantes-de-boxeo-guantes-de-artes-marciales-mixtas-guantes-de-entrenamiento-de-dibujos-animados-4-onzas-para-edades-de-3-a-12-anos\/","title":{"rendered":"HUINING Ni\u00f1os Ni\u00f1os Cartoon Sparring Dajn Guantes de Boxeo Entrenamiento Edad 3-12 a\u00f1os"},"content":{"rendered":"<div class=\"disclaim\"> Color:<strong>azul (Blue1)<\/strong> <\/div>\n<p> <!-- show up to 2 reviews by default --> <\/p>\n<p>Material: poliuretano. <br \/>Personas aplicables: ni\u00f1os. <br \/>Peso del paquete: 0,400 kg. <br \/>Tama\u00f1o del paquete: 15 cm x 10 cm x 9 cm. <\/p>\n<p>Rango de edad adecuado: 5 a 12 a\u00f1os: el regalo de Navidad para ni\u00f1os m\u00e1s popular en 2019.<br \/>\n\u3010Hecho de piel sint\u00e9tica duradera\u3011Los guantes de entrenamiento utilizan cuero sint\u00e9tico de alta calidad, duradero y f\u00e1cil de lavar.<br \/>\nBuena protecci\u00f3n: con espuma de protecci\u00f3n que absorbe los golpes, proporciona una mayor potencia de amortiguaci\u00f3n y una excelente protecci\u00f3n para evitar lesiones accidentales durante el entrenamiento.<br \/>\nCorrea de mu\u00f1eca c\u00f3moda y segura: con cierre de velcro largo y ajustable, los mitones Muay Thai para ni\u00f1os proporcionan un ajuste ajustable y un soporte de mu\u00f1eca superior. Es f\u00e1cil para los ni\u00f1os de ponerse o quitarse.<br \/>\nEstilo de dibujos animados: los guantes de boxeo para ni\u00f1os est\u00e1n dise\u00f1ados con patr\u00f3n catoon y color brillante (4 colores para tu opci\u00f3n: rosa, rojo, verde y azul), que ser\u00e1n amados por los ni\u00f1os y los hacen buenos regalos para ni\u00f1os.<br \/>\n<\/p>\n","protected":false},"excerpt":{"rendered":"<p>Rango de edad adecuado: 5 a 12 a\u00f1os: el regalo de Navidad para ni\u00f1os m\u00e1s popular en 2019.<br \/>\n\u3010Hecho de piel sint\u00e9tica duradera\u3011Los guantes de entrenamiento utilizan cuero sint\u00e9tico de alta calidad, duradero y f\u00e1cil de lavar.<br \/>\nBuena protecci\u00f3n: con espuma de protecci\u00f3n que absorbe los golpes, proporciona una mayor potencia de amortiguaci\u00f3n y una excelente protecci\u00f3n para evitar lesiones accidentales durante el entrenamiento.<\/p>\n","protected":false},"featured_media":82661,"comment_status":"open","ping_status":"closed","template":"","meta":{"_kadence_starter_templates_imported_post":false,"_kad_post_transparent":"","_kad_post_title":"","_kad_post_layout":"","_kad_post_sidebar_id":"","_kad_post_content_style":"","_kad_post_vertical_padding":"","_kad_post_feature":"","_kad_post_feature_position":"","_kad_post_header":false,"_kad_post_footer":false},"product_brand":[],"product_cat":[492,421],"product_tag":[],"class_list":{"0":"post-82660","1":"product","2":"type-product","3":"status-publish","4":"has-post-thumbnail","6":"product_cat-guantes-de-boxeo","7":"product_cat-mma","8":"pa_brand-marca-huining","10":"first","11":"instock","12":"shipping-taxable","13":"purchasable","14":"product-type-simple","15":"entry","16":"content-bg","17":"loop-entry"},"_links":{"self":[{"href":"https:\/\/futllermo.com\/tienda\/wp-json\/wp\/v2\/product\/82660","targetHints":{"allow":["GET"]}}],"collection":[{"href":"https:\/\/futllermo.com\/tienda\/wp-json\/wp\/v2\/product"}],"about":[{"href":"https:\/\/futllermo.com\/tienda\/wp-json\/wp\/v2\/types\/product"}],"replies":[{"embeddable":true,"href":"https:\/\/futllermo.com\/tienda\/wp-json\/wp\/v2\/comments?post=82660"}],"wp:featuredmedia":[{"embeddable":true,"href":"https:\/\/futllermo.com\/tienda\/wp-json\/wp\/v2\/media\/82661"}],"wp:attachment":[{"href":"https:\/\/futllermo.com\/tienda\/wp-json\/wp\/v2\/media?parent=82660"}],"wp:term":[{"taxonomy":"product_brand","embeddable":true,"href":"https:\/\/futllermo.com\/tienda\/wp-json\/wp\/v2\/product_brand?post=82660"},{"taxonomy":"product_cat","embeddable":true,"href":"https:\/\/futllermo.com\/tienda\/wp-json\/wp\/v2\/product_cat?post=82660"},{"taxonomy":"product_tag","embeddable":true,"href":"https:\/\/futllermo.com\/tienda\/wp-json\/wp\/v2\/product_tag?post=82660"}],"curies":[{"name":"wp","href":"https:\/\/api.w.org\/{rel}","templated":true}]}}