{"id":82648,"date":"2021-01-13T12:19:18","date_gmt":"2021-01-13T12:19:18","guid":{"rendered":"https:\/\/futllermo.com\/tienda\/producto\/rdx-guantes-de-boxeo-mujer-para-entrenamiento-y-muay-thai-flora-skin-mitones-para-sparring-kick-boxing-boxing-gloves-para-saco-boxeo-combate-training\/"},"modified":"2022-01-13T09:58:29","modified_gmt":"2022-01-13T09:58:29","slug":"rdx-guantes-de-boxeo-mujer-para-entrenamiento-y-muay-thai-flora-skin-mitones-para-sparring-kick-boxing-boxing-gloves-para-saco-boxeo-combate-training","status":"publish","type":"product","link":"https:\/\/futllermo.com\/tienda\/producto\/rdx-guantes-de-boxeo-mujer-para-entrenamiento-y-muay-thai-flora-skin-mitones-para-sparring-kick-boxing-boxing-gloves-para-saco-boxeo-combate-training\/","title":{"rendered":"RDX Guantes de Boxeo Mujer para Entrenamiento y Muay Thai | Flora Skin Mitones para Sparring, Kick Boxing | Boxing\u2026"},"content":{"rendered":"<p><!-- show up to 2 reviews by default --> <\/p>\n<p>Este guante de boxeo femenino Flora Skin est\u00e1 hecho a mano con un exterior lavable y duradero que presenta una impresi\u00f3n llamativa. Con su exclusivo logotipo de brillo prensado, estos guantes de boxeo seguramente se ver\u00e1n bien en tus pu\u00f1os. La tela deslumbrante en el interior absorbe el sudor de la superficie de la piel y la palma perforada ayuda a ventilar la mano al airear efectivamente el guante. Adem\u00e1s, el corte de gamuza y la tuber\u00eda de nylon evitan que los guantes pasten repetidamente por la piel. El relleno de gel de espuma EVA-LUTION es s\u00faper efectivo para la absorci\u00f3n de impactos. Los pu\u00f1os extra anchos almohazan las mu\u00f1ecas desde el retroceso, todo mientras mantienen la mu\u00f1eca alineada correctamente con la mano y el antebrazo. Los guantes est\u00e1n bloqueados en su lugar con la correa de Ganche Y Bucle que se ajusta para un ajuste ce\u00f1ido. Con todo, estos guantes de boxeo femeninos no decepcionar\u00e1n. <\/p>\n<p>Estas mujeres guantes de boxeo est\u00e1n hechas a mano por una fuerte exterior Flora Skin que durar\u00e1 m\u00e1s tiempo. Adem\u00e1s, los guantes de boxeo tienen costuras dobles, lo que evita que las costuras se partan y rasguen mientras se usan de forma consistente. Este par de guantes de mujer glorificar\u00e1 tu carrera.<br \/>\nLos guantes de boxeo tela interior deslumbrado junto con perforaciones estrat\u00e9gicamente colocadas, absorber el sudor y mantiene las palmas ventiladas mientras lo mantiene seco al mismo tiempo.<br \/>\nLa palma de los guantes de boxeo presenta un suave recorte de gamuza que se siente suave al tacto. La tuber\u00eda de nylon en el manguito evita el rozamiento en este punto de contacto para un uso c\u00f3modo y duradero.<br \/>\nLos pu\u00f1os extra anchos alinean las manos, los antebrazos y las mu\u00f1ecas por igual mientras ayudan a la absorci\u00f3n de impactos con el relleno de gel de espuma EVA-LUTION, durante las sesiones de perforaci\u00f3n pesadas. La correa de gancho y lazo proporciona un agarre seguro adicional y ofrece una f\u00e1cil aplicaci\u00f3n de encendido y apagado.<br \/>\nAunque nos enorgullecemos de la calidad de nuestros productos, si no est\u00e1 satisfecho con su compra, cont\u00e1ctenos y procesaremos un reembolso completo. Alternativamente, si se solicita, le enviaremos un reemplazo sin ninguna condici\u00f3n adicional<br \/>\n<\/p>\n","protected":false},"excerpt":{"rendered":"<p>Estas mujeres guantes de boxeo est\u00e1n hechas a mano por una fuerte exterior Flora Skin que durar\u00e1 m\u00e1s tiempo. Adem\u00e1s, los guantes de boxeo tienen costuras dobles, lo que evita que las costuras se partan y rasguen mientras se usan de forma consistente. Este par de guantes de mujer glorificar\u00e1 tu carrera.<br \/>\nLos guantes de boxeo tela interior deslumbrado junto con perforaciones estrat\u00e9gicamente colocadas, absorber el sudor y mantiene las palmas ventiladas mientras lo mantiene seco al mismo tiempo.<br \/>\nLa palma de los guantes de boxeo presenta un suave recorte de gamuza que se siente suave al tacto. La tuber\u00eda de nylon en el manguito evita el rozamiento en este punto de contacto para un uso c\u00f3modo y duradero.<\/p>\n","protected":false},"featured_media":82650,"comment_status":"open","ping_status":"closed","template":"","meta":{"_kadence_starter_templates_imported_post":false,"_kad_post_transparent":"","_kad_post_title":"","_kad_post_layout":"","_kad_post_sidebar_id":"","_kad_post_content_style":"","_kad_post_vertical_padding":"","_kad_post_feature":"","_kad_post_feature_position":"","_kad_post_header":false,"_kad_post_footer":false},"product_brand":[],"product_cat":[492,421],"product_tag":[],"class_list":{"0":"post-82648","1":"product","2":"type-product","3":"status-publish","4":"has-post-thumbnail","6":"product_cat-guantes-de-boxeo","7":"product_cat-mma","8":"pa_brand-visita-la-store-de-rdx","10":"first","11":"instock","12":"shipping-taxable","13":"purchasable","14":"product-type-simple","15":"entry","16":"content-bg","17":"loop-entry"},"_links":{"self":[{"href":"https:\/\/futllermo.com\/tienda\/wp-json\/wp\/v2\/product\/82648","targetHints":{"allow":["GET"]}}],"collection":[{"href":"https:\/\/futllermo.com\/tienda\/wp-json\/wp\/v2\/product"}],"about":[{"href":"https:\/\/futllermo.com\/tienda\/wp-json\/wp\/v2\/types\/product"}],"replies":[{"embeddable":true,"href":"https:\/\/futllermo.com\/tienda\/wp-json\/wp\/v2\/comments?post=82648"}],"wp:featuredmedia":[{"embeddable":true,"href":"https:\/\/futllermo.com\/tienda\/wp-json\/wp\/v2\/media\/82650"}],"wp:attachment":[{"href":"https:\/\/futllermo.com\/tienda\/wp-json\/wp\/v2\/media?parent=82648"}],"wp:term":[{"taxonomy":"product_brand","embeddable":true,"href":"https:\/\/futllermo.com\/tienda\/wp-json\/wp\/v2\/product_brand?post=82648"},{"taxonomy":"product_cat","embeddable":true,"href":"https:\/\/futllermo.com\/tienda\/wp-json\/wp\/v2\/product_cat?post=82648"},{"taxonomy":"product_tag","embeddable":true,"href":"https:\/\/futllermo.com\/tienda\/wp-json\/wp\/v2\/product_tag?post=82648"}],"curies":[{"name":"wp","href":"https:\/\/api.w.org\/{rel}","templated":true}]}}