{"id":82646,"date":"2021-01-13T12:19:16","date_gmt":"2021-01-13T12:19:16","guid":{"rendered":"https:\/\/futllermo.com\/tienda\/producto\/venum-elite-guantes-de-boxeo\/"},"modified":"2022-01-13T09:58:28","modified_gmt":"2022-01-13T09:58:28","slug":"venum-elite-guantes-de-boxeo","status":"publish","type":"product","link":"https:\/\/futllermo.com\/tienda\/producto\/venum-elite-guantes-de-boxeo\/","title":{"rendered":"Venum Elite &#8211; Guantes de boxeo, Unisex Adulto"},"content":{"rendered":"<p><!-- show up to 2 reviews by default --> <\/p>\n<p>Totalmente hechos a mano en Tailandia con 100% cuero de Skintex, nuestros guantes de boxeo Venum Elite fueron dise\u00f1ados para ofrecerle la excepcional experiencia del combate mediante una buena relaci\u00f3n calidad-precio. La espuma de triple densidad equilibra el choque, mejor\u00e1ndole como un combatiente sin tensi\u00f3n en los brazos siempre que impacte. El \u00fanico dise\u00f1o y colores son id\u00f3neos para nuestros combatientes o luchadores sin importar en qu\u00e9 nivel est\u00e1 usted. Las costuras reforzadas y paneles de malla combinados con su forma ergon\u00f3mica le ofrecer\u00e1n cierta comodidad y sensaci\u00f3n como si fuera usted uno con el guante. Con cada ataque se garantizar\u00e1 que su oponente sentir\u00e1 la potencia extraordinaria de sus pu\u00f1etazos. \u00a1Acabar todos los d\u00edas golpeando es lo que importa a un combatiente o luchador de \u00e9lite! <\/p>\n<p>Hechos a mano en Tailandia con 100% cuero de Skintex<br \/>\nPalma reforzada para una m\u00e1xima absorci\u00f3n<br \/>\nPulgar 100% adjunto para una mejor prevenci\u00f3n de lesiones<br \/>\nCierre con un gran velcro<br \/>\nTriple densidad de espuma para una mejor absorci\u00f3n del impacto<br \/>\n<\/p>\n","protected":false},"excerpt":{"rendered":"<p>Hechos a mano en Tailandia con 100% cuero de Skintex<br \/>\nPalma reforzada para una m\u00e1xima absorci\u00f3n<br \/>\nPulgar 100% adjunto para una mejor prevenci\u00f3n de lesiones<\/p>\n","protected":false},"featured_media":82647,"comment_status":"open","ping_status":"closed","template":"","meta":{"_kadence_starter_templates_imported_post":false,"_kad_post_transparent":"","_kad_post_title":"","_kad_post_layout":"","_kad_post_sidebar_id":"","_kad_post_content_style":"","_kad_post_vertical_padding":"","_kad_post_feature":"","_kad_post_feature_position":"","_kad_post_header":false,"_kad_post_footer":false},"product_brand":[],"product_cat":[492,421],"product_tag":[],"class_list":{"0":"post-82646","1":"product","2":"type-product","3":"status-publish","4":"has-post-thumbnail","6":"product_cat-guantes-de-boxeo","7":"product_cat-mma","8":"pa_brand-visita-la-store-de-venum","10":"first","11":"instock","12":"shipping-taxable","13":"purchasable","14":"product-type-simple","15":"entry","16":"content-bg","17":"loop-entry"},"_links":{"self":[{"href":"https:\/\/futllermo.com\/tienda\/wp-json\/wp\/v2\/product\/82646","targetHints":{"allow":["GET"]}}],"collection":[{"href":"https:\/\/futllermo.com\/tienda\/wp-json\/wp\/v2\/product"}],"about":[{"href":"https:\/\/futllermo.com\/tienda\/wp-json\/wp\/v2\/types\/product"}],"replies":[{"embeddable":true,"href":"https:\/\/futllermo.com\/tienda\/wp-json\/wp\/v2\/comments?post=82646"}],"wp:featuredmedia":[{"embeddable":true,"href":"https:\/\/futllermo.com\/tienda\/wp-json\/wp\/v2\/media\/82647"}],"wp:attachment":[{"href":"https:\/\/futllermo.com\/tienda\/wp-json\/wp\/v2\/media?parent=82646"}],"wp:term":[{"taxonomy":"product_brand","embeddable":true,"href":"https:\/\/futllermo.com\/tienda\/wp-json\/wp\/v2\/product_brand?post=82646"},{"taxonomy":"product_cat","embeddable":true,"href":"https:\/\/futllermo.com\/tienda\/wp-json\/wp\/v2\/product_cat?post=82646"},{"taxonomy":"product_tag","embeddable":true,"href":"https:\/\/futllermo.com\/tienda\/wp-json\/wp\/v2\/product_tag?post=82646"}],"curies":[{"name":"wp","href":"https:\/\/api.w.org\/{rel}","templated":true}]}}