{"id":82639,"date":"2021-01-13T12:19:04","date_gmt":"2021-01-13T12:19:04","guid":{"rendered":"https:\/\/futllermo.com\/tienda\/producto\/leone-1947-guantes-de-boxeo-unisex-para-adulto-color-negro-14-oz\/"},"modified":"2022-01-13T09:58:28","modified_gmt":"2022-01-13T09:58:28","slug":"leone-1947-guantes-de-boxeo-unisex-para-adulto-color-negro-14-oz","status":"publish","type":"product","link":"https:\/\/futllermo.com\/tienda\/producto\/leone-1947-guantes-de-boxeo-unisex-para-adulto-color-negro-14-oz\/","title":{"rendered":"LEONE 1947 Il Tecnico &#8211; Guantes de Boxeo Unisex para Adultos, Negro, 14 oz"},"content":{"rendered":"<p><!-- show up to 2 reviews by default --> <\/p>\n<p>Guante totalmente de piel caracterizado por un relleno premoldeado NO SHOCK ADVANCED de poliuretano y el manguito curvo compuesto por dos innovadoras biseles que garantizan estabilidad y doble protecci\u00f3n a la mu\u00f1eca (2WP). El sistema Air Cooler, la malla en la palma totalmente transpirable y el c\u00f3modo cierre asim\u00e9trico lo convierten en el compa\u00f1ero ideal para el entrenamiento diario a altos niveles. <\/p>\n<p>Guantes de piel.<br \/>\nRelleno de poliuretano antigolpes.<br \/>\nManguito curvado compuesto por dos biseles que garantizan estabilidad y doble protecci\u00f3n.<br \/>\nAdecuado para entrenamientos diarios de alto nivel.<br \/>\n<\/p>\n","protected":false},"excerpt":{"rendered":"<p>Guantes de piel.<br \/>\nRelleno de poliuretano antigolpes.<br \/>\nManguito curvado compuesto por dos biseles que garantizan estabilidad y doble protecci\u00f3n.<\/p>\n","protected":false},"featured_media":82642,"comment_status":"open","ping_status":"closed","template":"","meta":{"_kadence_starter_templates_imported_post":false,"_kad_post_transparent":"","_kad_post_title":"","_kad_post_layout":"","_kad_post_sidebar_id":"","_kad_post_content_style":"","_kad_post_vertical_padding":"","_kad_post_feature":"","_kad_post_feature_position":"","_kad_post_header":false,"_kad_post_footer":false},"product_brand":[],"product_cat":[492,421],"product_tag":[],"class_list":{"0":"post-82639","1":"product","2":"type-product","3":"status-publish","4":"has-post-thumbnail","6":"product_cat-guantes-de-boxeo","7":"product_cat-mma","8":"pa_brand-marca-leone-1947","10":"first","11":"instock","12":"shipping-taxable","13":"purchasable","14":"product-type-simple","15":"entry","16":"content-bg","17":"loop-entry"},"_links":{"self":[{"href":"https:\/\/futllermo.com\/tienda\/wp-json\/wp\/v2\/product\/82639","targetHints":{"allow":["GET"]}}],"collection":[{"href":"https:\/\/futllermo.com\/tienda\/wp-json\/wp\/v2\/product"}],"about":[{"href":"https:\/\/futllermo.com\/tienda\/wp-json\/wp\/v2\/types\/product"}],"replies":[{"embeddable":true,"href":"https:\/\/futllermo.com\/tienda\/wp-json\/wp\/v2\/comments?post=82639"}],"wp:featuredmedia":[{"embeddable":true,"href":"https:\/\/futllermo.com\/tienda\/wp-json\/wp\/v2\/media\/82642"}],"wp:attachment":[{"href":"https:\/\/futllermo.com\/tienda\/wp-json\/wp\/v2\/media?parent=82639"}],"wp:term":[{"taxonomy":"product_brand","embeddable":true,"href":"https:\/\/futllermo.com\/tienda\/wp-json\/wp\/v2\/product_brand?post=82639"},{"taxonomy":"product_cat","embeddable":true,"href":"https:\/\/futllermo.com\/tienda\/wp-json\/wp\/v2\/product_cat?post=82639"},{"taxonomy":"product_tag","embeddable":true,"href":"https:\/\/futllermo.com\/tienda\/wp-json\/wp\/v2\/product_tag?post=82639"}],"curies":[{"name":"wp","href":"https:\/\/api.w.org\/{rel}","templated":true}]}}