{"id":82586,"date":"2021-01-13T11:51:28","date_gmt":"2021-01-13T11:51:28","guid":{"rendered":"https:\/\/futllermo.com\/tienda\/producto\/adidas-real-madrid-2019-2020-camiseta-oficial-hombre\/"},"modified":"2022-01-13T09:58:27","modified_gmt":"2022-01-13T09:58:27","slug":"adidas-real-madrid-2019-2020-camiseta-oficial-hombre","status":"publish","type":"product","link":"https:\/\/futllermo.com\/tienda\/producto\/adidas-real-madrid-2019-2020-camiseta-oficial-hombre\/","title":{"rendered":"adidas Real Madrid 2019\/2020 Camiseta Oficial, Hombre"},"content":{"rendered":"<p><!-- show up to 2 reviews by default --> <\/p>\n<p>En la d\u00e9cada de 1950, el Real Madrid domin\u00f3 el f\u00fatbol continental al lucir un uniforme totalmente Blanco sin terminar, con la excepcional del emblema del club. Esta camiseta rinde homenaje a la extraordinaria simplicidad de ese dise\u00f1o vintage, actualizada con un tono ligeramente m\u00e1s oscuro que el blanco tradicional. Hecho de tela transpirable, ofrece un ajuste ligeramente m\u00e1s ancho que la versi\u00f3n oficial. <\/p>\n<p>Regular fit<br \/>\nClimalite anti-humidity fabric<br \/>\nCompuesto, Compuesto, Compuesto, Compuesto<br \/>\nManga corta<br \/>\nCamiseta<br \/>\n51% Poli\u00e9ster, 49% Recycled Polyester Doubleknit<br \/>\nReal H Jsy<br \/>\nOfficial club details<br \/>\nRopa deportiva atl\u00e9tica<br \/>\n<\/p>\n","protected":false},"excerpt":{"rendered":"<p>Regular fit<br \/>\nClimalite anti-humidity fabric<br \/>\nCompuesto, Compuesto, Compuesto, Compuesto<\/p>\n","protected":false},"featured_media":82587,"comment_status":"open","ping_status":"closed","template":"","meta":{"_kadence_starter_templates_imported_post":false,"_kad_post_transparent":"","_kad_post_title":"","_kad_post_layout":"","_kad_post_sidebar_id":"","_kad_post_content_style":"","_kad_post_vertical_padding":"","_kad_post_feature":"","_kad_post_feature_position":"","_kad_post_header":false,"_kad_post_footer":false},"product_brand":[],"product_cat":[450,454],"product_tag":[],"class_list":{"0":"post-82586","1":"product","2":"type-product","3":"status-publish","4":"has-post-thumbnail","6":"product_cat-futbol","7":"product_cat-real-madrid","8":"pa_brand-visita-la-store-de-adidas","10":"first","11":"instock","12":"shipping-taxable","13":"purchasable","14":"product-type-simple","15":"entry","16":"content-bg","17":"loop-entry"},"_links":{"self":[{"href":"https:\/\/futllermo.com\/tienda\/wp-json\/wp\/v2\/product\/82586","targetHints":{"allow":["GET"]}}],"collection":[{"href":"https:\/\/futllermo.com\/tienda\/wp-json\/wp\/v2\/product"}],"about":[{"href":"https:\/\/futllermo.com\/tienda\/wp-json\/wp\/v2\/types\/product"}],"replies":[{"embeddable":true,"href":"https:\/\/futllermo.com\/tienda\/wp-json\/wp\/v2\/comments?post=82586"}],"wp:featuredmedia":[{"embeddable":true,"href":"https:\/\/futllermo.com\/tienda\/wp-json\/wp\/v2\/media\/82587"}],"wp:attachment":[{"href":"https:\/\/futllermo.com\/tienda\/wp-json\/wp\/v2\/media?parent=82586"}],"wp:term":[{"taxonomy":"product_brand","embeddable":true,"href":"https:\/\/futllermo.com\/tienda\/wp-json\/wp\/v2\/product_brand?post=82586"},{"taxonomy":"product_cat","embeddable":true,"href":"https:\/\/futllermo.com\/tienda\/wp-json\/wp\/v2\/product_cat?post=82586"},{"taxonomy":"product_tag","embeddable":true,"href":"https:\/\/futllermo.com\/tienda\/wp-json\/wp\/v2\/product_tag?post=82586"}],"curies":[{"name":"wp","href":"https:\/\/api.w.org\/{rel}","templated":true}]}}