{"id":82534,"date":"2021-01-13T11:50:11","date_gmt":"2021-01-13T11:50:11","guid":{"rendered":"https:\/\/futllermo.com\/tienda\/producto\/adidas-real-madrid-temporada-2020-21-camiseta-primera-equipacion-portero-oficial-camiseta-primera-equipacion-portero-oficial-unisex-adulto\/"},"modified":"2022-01-13T09:58:25","modified_gmt":"2022-01-13T09:58:25","slug":"adidas-real-madrid-temporada-2020-21-camiseta-primera-equipacion-portero-oficial-camiseta-primera-equipacion-portero-oficial-unisex-adulto","status":"publish","type":"product","link":"https:\/\/futllermo.com\/tienda\/producto\/adidas-real-madrid-temporada-2020-21-camiseta-primera-equipacion-portero-oficial-camiseta-primera-equipacion-portero-oficial-unisex-adulto\/","title":{"rendered":"adidas Real Madrid Temporada 2020\/21 Camiseta Primera Equipaci\u00f3n Portero Oficial Camiseta Primera Equipaci\u00f3n Portero\u2026"},"content":{"rendered":"<p><!-- show up to 2 reviews by default --> <\/p>\n<p>Color: Azul, Perfil: HOMBRE UNISEX, Talla: XXL, <\/p>\n<p>Camiseta para practicar Tiempo libre y sportwear de Hombre<br \/>\nRopa deportiva Azul de la marca Adidas<br \/>\nCompuesto, Compuesto<br \/>\nCierre: Pull on<br \/>\nLavar a m\u00e1quina<br \/>\nManga de pu\u00f1o<br \/>\nREAL H GK JSY<br \/>\nCamiseta REAL H GK JSY AZUHIE<br \/>\nLos productos deportivos de la marca Adidas est\u00e1n dise\u00f1ados para que disfrutes de tu deporte favorito sin preocuparte de nada m\u00e1s que rendir al m\u00e1ximo.<br \/>\nRopa deportiva fabricada con materiales de primera calidad que se adaptan a cualquier actividad deportiva<br \/>\n<\/p>\n","protected":false},"excerpt":{"rendered":"<p>Camiseta para practicar Tiempo libre y sportwear de Hombre<br \/>\nRopa deportiva Azul de la marca Adidas<br \/>\nCompuesto, Compuesto<\/p>\n","protected":false},"featured_media":82537,"comment_status":"open","ping_status":"closed","template":"","meta":{"_kadence_starter_templates_imported_post":false,"_kad_post_transparent":"","_kad_post_title":"","_kad_post_layout":"","_kad_post_sidebar_id":"","_kad_post_content_style":"","_kad_post_vertical_padding":"","_kad_post_feature":"","_kad_post_feature_position":"","_kad_post_header":false,"_kad_post_footer":false},"product_brand":[],"product_cat":[450,454],"product_tag":[],"class_list":{"0":"post-82534","1":"product","2":"type-product","3":"status-publish","4":"has-post-thumbnail","6":"product_cat-futbol","7":"product_cat-real-madrid","8":"pa_brand-visita-la-store-de-adidas","10":"first","11":"instock","12":"shipping-taxable","13":"purchasable","14":"product-type-simple","15":"entry","16":"content-bg","17":"loop-entry"},"_links":{"self":[{"href":"https:\/\/futllermo.com\/tienda\/wp-json\/wp\/v2\/product\/82534","targetHints":{"allow":["GET"]}}],"collection":[{"href":"https:\/\/futllermo.com\/tienda\/wp-json\/wp\/v2\/product"}],"about":[{"href":"https:\/\/futllermo.com\/tienda\/wp-json\/wp\/v2\/types\/product"}],"replies":[{"embeddable":true,"href":"https:\/\/futllermo.com\/tienda\/wp-json\/wp\/v2\/comments?post=82534"}],"wp:featuredmedia":[{"embeddable":true,"href":"https:\/\/futllermo.com\/tienda\/wp-json\/wp\/v2\/media\/82537"}],"wp:attachment":[{"href":"https:\/\/futllermo.com\/tienda\/wp-json\/wp\/v2\/media?parent=82534"}],"wp:term":[{"taxonomy":"product_brand","embeddable":true,"href":"https:\/\/futllermo.com\/tienda\/wp-json\/wp\/v2\/product_brand?post=82534"},{"taxonomy":"product_cat","embeddable":true,"href":"https:\/\/futllermo.com\/tienda\/wp-json\/wp\/v2\/product_cat?post=82534"},{"taxonomy":"product_tag","embeddable":true,"href":"https:\/\/futllermo.com\/tienda\/wp-json\/wp\/v2\/product_tag?post=82534"}],"curies":[{"name":"wp","href":"https:\/\/api.w.org\/{rel}","templated":true}]}}