{"id":82507,"date":"2021-01-13T11:49:21","date_gmt":"2021-01-13T11:49:21","guid":{"rendered":"https:\/\/futllermo.com\/tienda\/producto\/real-madrid-sudadera-oficial-para-hombre-con-el-escudo-del-club\/"},"modified":"2022-01-13T09:58:24","modified_gmt":"2022-01-13T09:58:24","slug":"real-madrid-sudadera-oficial-para-hombre-con-el-escudo-del-club","status":"publish","type":"product","link":"https:\/\/futllermo.com\/tienda\/producto\/real-madrid-sudadera-oficial-para-hombre-con-el-escudo-del-club\/","title":{"rendered":"Real Madrid &#8211; Sudadera Oficial para Hombre &#8211; con el Escudo del Club"},"content":{"rendered":"<p>Preciosa sudadera oficial del Real Madrid para hombre.<br \/>\nCon un escudo de gran tama\u00f1o en contraste en la parte delantera.<br \/>\n65% Poli\u00e9ster, 35% Algod\u00f3n<br \/>\nTama\u00f1o de la prenda (pecho): S: 99,1 cm \/\/ M: 106,7 cm \/\/ L: 111,8 cm \/\/ XL: 116,8 cm \/\/ XXL: 124,5 cm \/\/ 3XL: 129,5 cm<br \/>\nCon pu\u00f1os y cuello el\u00e1sticos. 65 % poli\u00e9ster, 35 % algod\u00f3n.<br \/>\n<\/p>\n","protected":false},"excerpt":{"rendered":"<p>Preciosa sudadera oficial del Real Madrid para hombre.<br \/>\nCon un escudo de gran tama\u00f1o en contraste en la parte delantera.<br \/>\n65% Poli\u00e9ster, 35% Algod\u00f3n<\/p>\n","protected":false},"featured_media":82508,"comment_status":"open","ping_status":"closed","template":"","meta":{"_kadence_starter_templates_imported_post":false,"_kad_post_transparent":"","_kad_post_title":"","_kad_post_layout":"","_kad_post_sidebar_id":"","_kad_post_content_style":"","_kad_post_vertical_padding":"","_kad_post_feature":"","_kad_post_feature_position":"","_kad_post_header":false,"_kad_post_footer":false},"product_brand":[],"product_cat":[450,454],"product_tag":[],"class_list":{"0":"post-82507","1":"product","2":"type-product","3":"status-publish","4":"has-post-thumbnail","6":"product_cat-futbol","7":"product_cat-real-madrid","8":"pa_brand-marca-real-madrid","10":"first","11":"instock","12":"shipping-taxable","13":"purchasable","14":"product-type-simple","15":"entry","16":"content-bg","17":"loop-entry"},"_links":{"self":[{"href":"https:\/\/futllermo.com\/tienda\/wp-json\/wp\/v2\/product\/82507","targetHints":{"allow":["GET"]}}],"collection":[{"href":"https:\/\/futllermo.com\/tienda\/wp-json\/wp\/v2\/product"}],"about":[{"href":"https:\/\/futllermo.com\/tienda\/wp-json\/wp\/v2\/types\/product"}],"replies":[{"embeddable":true,"href":"https:\/\/futllermo.com\/tienda\/wp-json\/wp\/v2\/comments?post=82507"}],"wp:featuredmedia":[{"embeddable":true,"href":"https:\/\/futllermo.com\/tienda\/wp-json\/wp\/v2\/media\/82508"}],"wp:attachment":[{"href":"https:\/\/futllermo.com\/tienda\/wp-json\/wp\/v2\/media?parent=82507"}],"wp:term":[{"taxonomy":"product_brand","embeddable":true,"href":"https:\/\/futllermo.com\/tienda\/wp-json\/wp\/v2\/product_brand?post=82507"},{"taxonomy":"product_cat","embeddable":true,"href":"https:\/\/futllermo.com\/tienda\/wp-json\/wp\/v2\/product_cat?post=82507"},{"taxonomy":"product_tag","embeddable":true,"href":"https:\/\/futllermo.com\/tienda\/wp-json\/wp\/v2\/product_tag?post=82507"}],"curies":[{"name":"wp","href":"https:\/\/api.w.org\/{rel}","templated":true}]}}