{"id":82501,"date":"2021-01-13T11:49:12","date_gmt":"2021-01-13T11:49:12","guid":{"rendered":"https:\/\/futllermo.com\/tienda\/producto\/real-madrid-camiseta-personalizable-segunda-equipacion-original-real-madrid-2019-2020\/"},"modified":"2022-01-13T09:58:24","modified_gmt":"2022-01-13T09:58:24","slug":"real-madrid-camiseta-personalizable-segunda-equipacion-original-real-madrid-2019-2020","status":"publish","type":"product","link":"https:\/\/futllermo.com\/tienda\/producto\/real-madrid-camiseta-personalizable-segunda-equipacion-original-real-madrid-2019-2020\/","title":{"rendered":"Real Madrid Camiseta &#8211; Personalizable &#8211; Segunda Equipaci\u00f3n Original Real Madrid 2019\/2020"},"content":{"rendered":"<p><!-- show up to 2 reviews by default --> <\/p>\n<p>Real Madrid Camiseta &#8211; Personalizable &#8211; Segunda Equipaci\u00f3n Original Real Madrid 2019\/2020 <\/p>\n<p>Personalizable Nombre y Numero<br \/>\nLa camiseta de la segunda equipaci\u00f3n tiene un corte m\u00e1s suelto que la que usan los jugadores\u2019 para mayor comodidad en la calle. Tecnolog\u00eda Climalite<br \/>\nPoli\u00e9ster<br \/>\nEscudo del Real Madrid en color ORO termo-transferido en el pecho<br \/>\nCuando los jugadores del Real Madrid juegan fuera de casa, la energ\u00eda de su estadio les acompa\u00f1a. Esta camiseta de f\u00fatbol se inspira en la segunda equipaci\u00f3n del club y en la atm\u00f3sfera electrizante que se vive en el Bernab\u00e9u. Su tejido suave y transpirable expulsa el sudor de la piel manteni\u00e9ndola fresca y seca. Especialmente creada para animar a tu equipo, presenta un corte ligeramente m\u00e1s holgado que el que visten los jugadores en el terreno de juego.<br \/>\nJacquard 56% poli\u00e9ster \/ 44% poli\u00e9ster reciclado<br \/>\n<\/p>\n","protected":false},"excerpt":{"rendered":"<p>Personalizable Nombre y Numero<br \/>\nLa camiseta de la segunda equipaci\u00f3n tiene un corte m\u00e1s suelto que la que usan los jugadores\u2019 para mayor comodidad en la calle. Tecnolog\u00eda Climalite<br \/>\nPoli\u00e9ster<\/p>\n","protected":false},"featured_media":82502,"comment_status":"open","ping_status":"closed","template":"","meta":{"_kadence_starter_templates_imported_post":false,"_kad_post_transparent":"","_kad_post_title":"","_kad_post_layout":"","_kad_post_sidebar_id":"","_kad_post_content_style":"","_kad_post_vertical_padding":"","_kad_post_feature":"","_kad_post_feature_position":"","_kad_post_header":false,"_kad_post_footer":false},"product_brand":[],"product_cat":[450,454],"product_tag":[],"class_list":{"0":"post-82501","1":"product","2":"type-product","3":"status-publish","4":"has-post-thumbnail","6":"product_cat-futbol","7":"product_cat-real-madrid","8":"pa_brand-marca-real-madrid-fc","10":"first","11":"instock","12":"shipping-taxable","13":"purchasable","14":"product-type-simple","15":"entry","16":"content-bg","17":"loop-entry"},"_links":{"self":[{"href":"https:\/\/futllermo.com\/tienda\/wp-json\/wp\/v2\/product\/82501","targetHints":{"allow":["GET"]}}],"collection":[{"href":"https:\/\/futllermo.com\/tienda\/wp-json\/wp\/v2\/product"}],"about":[{"href":"https:\/\/futllermo.com\/tienda\/wp-json\/wp\/v2\/types\/product"}],"replies":[{"embeddable":true,"href":"https:\/\/futllermo.com\/tienda\/wp-json\/wp\/v2\/comments?post=82501"}],"wp:featuredmedia":[{"embeddable":true,"href":"https:\/\/futllermo.com\/tienda\/wp-json\/wp\/v2\/media\/82502"}],"wp:attachment":[{"href":"https:\/\/futllermo.com\/tienda\/wp-json\/wp\/v2\/media?parent=82501"}],"wp:term":[{"taxonomy":"product_brand","embeddable":true,"href":"https:\/\/futllermo.com\/tienda\/wp-json\/wp\/v2\/product_brand?post=82501"},{"taxonomy":"product_cat","embeddable":true,"href":"https:\/\/futllermo.com\/tienda\/wp-json\/wp\/v2\/product_cat?post=82501"},{"taxonomy":"product_tag","embeddable":true,"href":"https:\/\/futllermo.com\/tienda\/wp-json\/wp\/v2\/product_tag?post=82501"}],"curies":[{"name":"wp","href":"https:\/\/api.w.org\/{rel}","templated":true}]}}