{"id":82484,"date":"2021-01-13T11:48:47","date_gmt":"2021-01-13T11:48:47","guid":{"rendered":"https:\/\/futllermo.com\/tienda\/producto\/adidas-real-madrid-camiseta-oficial-dna-hd-temporada-2020-21-unisex-xxxl-blanco\/"},"modified":"2022-01-13T09:58:24","modified_gmt":"2022-01-13T09:58:24","slug":"adidas-real-madrid-camiseta-oficial-dna-hd-temporada-2020-21-unisex-xxxl-blanco","status":"publish","type":"product","link":"https:\/\/futllermo.com\/tienda\/producto\/adidas-real-madrid-camiseta-oficial-dna-hd-temporada-2020-21-unisex-xxxl-blanco\/","title":{"rendered":"adidas Real Madrid Temporada 2020\/21 Real DNA HD Sudadera con Capucha Unisex Adulto"},"content":{"rendered":"<p><!-- show up to 2 reviews by default --> <\/p>\n<p>Con el modelo ligero en blanco demuestras tu amor incondicional por tu club. La sudadera con capucha adidas crea un verdadero entusiasmo. Ampl\u00eda tu colecci\u00f3n del Real Madrid con la sudadera con capucha. El mal tiempo ya no es una excusa con la capucha con cord\u00f3n. Te recomendamos este modelo c\u00e1lido, superc\u00f3modo y ligero que resulta agradable de llevar. Las cosas m\u00e1s peque\u00f1as se pueden guardar c\u00f3modamente en el bolsillo canguro. Visualmente impresiona con el escudo del club en el pecho. <\/p>\n<p>Sudadera para practicar tiempo libre y sportwear de hombre<br \/>\nRopa deportiva blanco de la marca adidas<br \/>\nSudadera real dna hd blanco\/azuosc<br \/>\nLos productos deportivos de la marca adidas est\u00e1n dise\u00f1ados para que disfrutes de tu deporte favorito sin preocuparte de nada m\u00e1s que rendir al m\u00e1ximo<br \/>\nRopa deportiva fabricada con materiales de primera calidad que se adaptan a cualquier actividad deportiva<br \/>\nTipo de f\u00e1brica: compuesto<br \/>\nInstrucciones de cuidado: lavar a m\u00e1quina<br \/>\nNombre de departamento: unisex adulto<br \/>\n<\/p>\n","protected":false},"excerpt":{"rendered":"<p>Sudadera para practicar tiempo libre y sportwear de hombre<br \/>\nRopa deportiva blanco de la marca adidas<br \/>\nSudadera real dna hd blanco\/azuosc<\/p>\n","protected":false},"featured_media":82486,"comment_status":"open","ping_status":"closed","template":"","meta":{"_kadence_starter_templates_imported_post":false,"_kad_post_transparent":"","_kad_post_title":"","_kad_post_layout":"","_kad_post_sidebar_id":"","_kad_post_content_style":"","_kad_post_vertical_padding":"","_kad_post_feature":"","_kad_post_feature_position":"","_kad_post_header":false,"_kad_post_footer":false},"product_brand":[],"product_cat":[450,454],"product_tag":[],"class_list":{"0":"post-82484","1":"product","2":"type-product","3":"status-publish","4":"has-post-thumbnail","6":"product_cat-futbol","7":"product_cat-real-madrid","8":"pa_brand-visita-la-store-de-adidas","10":"first","11":"instock","12":"shipping-taxable","13":"purchasable","14":"product-type-simple","15":"entry","16":"content-bg","17":"loop-entry"},"_links":{"self":[{"href":"https:\/\/futllermo.com\/tienda\/wp-json\/wp\/v2\/product\/82484","targetHints":{"allow":["GET"]}}],"collection":[{"href":"https:\/\/futllermo.com\/tienda\/wp-json\/wp\/v2\/product"}],"about":[{"href":"https:\/\/futllermo.com\/tienda\/wp-json\/wp\/v2\/types\/product"}],"replies":[{"embeddable":true,"href":"https:\/\/futllermo.com\/tienda\/wp-json\/wp\/v2\/comments?post=82484"}],"wp:featuredmedia":[{"embeddable":true,"href":"https:\/\/futllermo.com\/tienda\/wp-json\/wp\/v2\/media\/82486"}],"wp:attachment":[{"href":"https:\/\/futllermo.com\/tienda\/wp-json\/wp\/v2\/media?parent=82484"}],"wp:term":[{"taxonomy":"product_brand","embeddable":true,"href":"https:\/\/futllermo.com\/tienda\/wp-json\/wp\/v2\/product_brand?post=82484"},{"taxonomy":"product_cat","embeddable":true,"href":"https:\/\/futllermo.com\/tienda\/wp-json\/wp\/v2\/product_cat?post=82484"},{"taxonomy":"product_tag","embeddable":true,"href":"https:\/\/futllermo.com\/tienda\/wp-json\/wp\/v2\/product_tag?post=82484"}],"curies":[{"name":"wp","href":"https:\/\/api.w.org\/{rel}","templated":true}]}}