{"id":82469,"date":"2021-01-13T11:48:23","date_gmt":"2021-01-13T11:48:23","guid":{"rendered":"https:\/\/futllermo.com\/tienda\/producto\/adidas-core18-hoody-y-sudadera-unisex-ninos\/"},"modified":"2022-01-13T09:58:23","modified_gmt":"2022-01-13T09:58:23","slug":"adidas-core18-hoody-y-sudadera-unisex-ninos","status":"publish","type":"product","link":"https:\/\/futllermo.com\/tienda\/producto\/adidas-core18-hoody-y-sudadera-unisex-ninos\/","title":{"rendered":"adidas Core18 Hoody Y Sudadera Unisex ni\u00f1os"},"content":{"rendered":"<p><!-- show up to 2 reviews by default --> <\/p>\n<p>En el fr\u00edo, esta sudadera de lana ligera para hombre te mantiene abrigado. Como punto culminante visual, viene con 3 tiras a lo largo de las mangas ragl\u00e1n y tiene un bolsillo de canguro para calentar sus manos. Capucha con cord\u00f3n ajustable. Mangas ragl\u00e1n Pu\u00f1os y dobladillo acanalados. <\/p>\n<p>Bolsillos tipo parche en el pecho.<br \/>\nCon bolsillo de tipo canguro<br \/>\n70% Algod\u00f3n, 30% Poli\u00e9ster<br \/>\nCierre: para deslizar<br \/>\nLavar a m\u00e1quina<br \/>\nCORE18 HOODY Y<br \/>\nCuello de pico de canal\u00e9.<br \/>\nTejido t\u00e9cnico que acompa\u00f1a el movimiento natural del cuerpo.<br \/>\nDise\u00f1o a rayas del mismo tono.<br \/>\nConfeccionada parcialmente en tejido reciclado.<br \/>\n<\/p>\n","protected":false},"excerpt":{"rendered":"<p>Bolsillos tipo parche en el pecho.<br \/>\nCon bolsillo de tipo canguro<br \/>\n70% Algod\u00f3n, 30% Poli\u00e9ster<\/p>\n","protected":false},"featured_media":82470,"comment_status":"open","ping_status":"closed","template":"","meta":{"_kadence_starter_templates_imported_post":false,"_kad_post_transparent":"","_kad_post_title":"","_kad_post_layout":"","_kad_post_sidebar_id":"","_kad_post_content_style":"","_kad_post_vertical_padding":"","_kad_post_feature":"","_kad_post_feature_position":"","_kad_post_header":false,"_kad_post_footer":false},"product_brand":[],"product_cat":[450,454],"product_tag":[],"class_list":{"0":"post-82469","1":"product","2":"type-product","3":"status-publish","4":"has-post-thumbnail","6":"product_cat-futbol","7":"product_cat-real-madrid","8":"pa_brand-visita-la-store-de-adidas","10":"first","11":"instock","12":"shipping-taxable","13":"purchasable","14":"product-type-simple","15":"entry","16":"content-bg","17":"loop-entry"},"_links":{"self":[{"href":"https:\/\/futllermo.com\/tienda\/wp-json\/wp\/v2\/product\/82469","targetHints":{"allow":["GET"]}}],"collection":[{"href":"https:\/\/futllermo.com\/tienda\/wp-json\/wp\/v2\/product"}],"about":[{"href":"https:\/\/futllermo.com\/tienda\/wp-json\/wp\/v2\/types\/product"}],"replies":[{"embeddable":true,"href":"https:\/\/futllermo.com\/tienda\/wp-json\/wp\/v2\/comments?post=82469"}],"wp:featuredmedia":[{"embeddable":true,"href":"https:\/\/futllermo.com\/tienda\/wp-json\/wp\/v2\/media\/82470"}],"wp:attachment":[{"href":"https:\/\/futllermo.com\/tienda\/wp-json\/wp\/v2\/media?parent=82469"}],"wp:term":[{"taxonomy":"product_brand","embeddable":true,"href":"https:\/\/futllermo.com\/tienda\/wp-json\/wp\/v2\/product_brand?post=82469"},{"taxonomy":"product_cat","embeddable":true,"href":"https:\/\/futllermo.com\/tienda\/wp-json\/wp\/v2\/product_cat?post=82469"},{"taxonomy":"product_tag","embeddable":true,"href":"https:\/\/futllermo.com\/tienda\/wp-json\/wp\/v2\/product_tag?post=82469"}],"curies":[{"name":"wp","href":"https:\/\/api.w.org\/{rel}","templated":true}]}}