{"id":82426,"date":"2021-01-13T11:26:16","date_gmt":"2021-01-13T11:26:16","guid":{"rendered":"https:\/\/futllermo.com\/tienda\/producto\/fc-barcelona-camiseta-oficial-del-barca-para-hombre\/"},"modified":"2022-01-13T09:58:22","modified_gmt":"2022-01-13T09:58:22","slug":"fc-barcelona-camiseta-oficial-del-barca-para-hombre","status":"publish","type":"product","link":"https:\/\/futllermo.com\/tienda\/producto\/fc-barcelona-camiseta-oficial-del-barca-para-hombre\/","title":{"rendered":"FC Barcelona &#8211; Camiseta oficial del Bar\u00e7a para hombre"},"content":{"rendered":"<p><!-- show up to 2 reviews by default --> <\/p>\n<p>Colecci\u00f3n oficial FC Barcelona. Camiseta del Bar\u00e7a. Talla de adulto, para hombre. Material: poli\u00e9ster. Producto oficial, marca protegida. <\/p>\n<p>Colecci\u00f3n oficial del FC Barcelona.<br \/>\nCamiseta del Bar\u00e7a para hinchas.<br \/>\nPoli\u00e9ster<br \/>\n100% oficial, 100% del FC Barcelona.<br \/>\nTalla de adulto, para hombre, material: poli\u00e9ster.<br \/>\n<\/p>\n","protected":false},"excerpt":{"rendered":"<p>Colecci\u00f3n oficial del FC Barcelona.<br \/>\nCamiseta del Bar\u00e7a para hinchas.<br \/>\nPoli\u00e9ster<\/p>\n","protected":false},"featured_media":82427,"comment_status":"open","ping_status":"closed","template":"","meta":{"_kadence_starter_templates_imported_post":false,"_kad_post_transparent":"","_kad_post_title":"","_kad_post_layout":"","_kad_post_sidebar_id":"","_kad_post_content_style":"","_kad_post_vertical_padding":"","_kad_post_feature":"","_kad_post_feature_position":"","_kad_post_header":false,"_kad_post_footer":false},"product_brand":[],"product_cat":[450,455],"product_tag":[],"class_list":{"0":"post-82426","1":"product","2":"type-product","3":"status-publish","4":"has-post-thumbnail","6":"product_cat-futbol","7":"product_cat-fc-barcelona","8":"pa_brand-marca-fc-barcelone","10":"first","11":"instock","12":"shipping-taxable","13":"purchasable","14":"product-type-simple","15":"entry","16":"content-bg","17":"loop-entry"},"_links":{"self":[{"href":"https:\/\/futllermo.com\/tienda\/wp-json\/wp\/v2\/product\/82426","targetHints":{"allow":["GET"]}}],"collection":[{"href":"https:\/\/futllermo.com\/tienda\/wp-json\/wp\/v2\/product"}],"about":[{"href":"https:\/\/futllermo.com\/tienda\/wp-json\/wp\/v2\/types\/product"}],"replies":[{"embeddable":true,"href":"https:\/\/futllermo.com\/tienda\/wp-json\/wp\/v2\/comments?post=82426"}],"wp:featuredmedia":[{"embeddable":true,"href":"https:\/\/futllermo.com\/tienda\/wp-json\/wp\/v2\/media\/82427"}],"wp:attachment":[{"href":"https:\/\/futllermo.com\/tienda\/wp-json\/wp\/v2\/media?parent=82426"}],"wp:term":[{"taxonomy":"product_brand","embeddable":true,"href":"https:\/\/futllermo.com\/tienda\/wp-json\/wp\/v2\/product_brand?post=82426"},{"taxonomy":"product_cat","embeddable":true,"href":"https:\/\/futllermo.com\/tienda\/wp-json\/wp\/v2\/product_cat?post=82426"},{"taxonomy":"product_tag","embeddable":true,"href":"https:\/\/futllermo.com\/tienda\/wp-json\/wp\/v2\/product_tag?post=82426"}],"curies":[{"name":"wp","href":"https:\/\/api.w.org\/{rel}","templated":true}]}}