{"id":82414,"date":"2021-01-13T11:25:59","date_gmt":"2021-01-13T11:25:59","guid":{"rendered":"https:\/\/futllermo.com\/tienda\/producto\/copa-camiseta-de-futbol-retro-del-fc-barcelona-1973-74-para-hombre-hombre-724-azul-rojo-l\/"},"modified":"2022-01-13T09:58:22","modified_gmt":"2022-01-13T09:58:22","slug":"copa-camiseta-de-futbol-retro-del-fc-barcelona-1973-74-para-hombre-hombre-724-azul-rojo-l","status":"publish","type":"product","link":"https:\/\/futllermo.com\/tienda\/producto\/copa-camiseta-de-futbol-retro-del-fc-barcelona-1973-74-para-hombre-hombre-724-azul-rojo-l\/","title":{"rendered":"Copa FC Barcelona 1973-74 Retro Football Shirt Camiseta de Cuello Redondo Retro de f\u00fatbol Hombre"},"content":{"rendered":"<p><!-- show up to 2 reviews by default --> <\/p>\n<p>Camiseta de manga larga con cuello redondo y cuello redondo de COPA FC Barcelona 1973-74 est\u00e1 hecha de 50% algod\u00f3n y 50% poli\u00e9ster. Es c\u00f3modo y suave de llevar. Este tejido de alto rendimiento de secado r\u00e1pido es lavable a m\u00e1quina. Es un art\u00edculo imprescindible para apoyar a tu equipo favorito del FC Barcelona 1973-74. Viene en tama\u00f1o grande con color azul y rojo. <\/p>\n<p>Camiseta de f\u00fatbol de manga larga estilo retro.<br \/>\nHecho de 50% algod\u00f3n y 50% poli\u00e9ster.<br \/>\n50% Algod\u00f3n, 50% Poli\u00e9ster<br \/>\nLavar a m\u00e1quina<br \/>\nMangas Larga<br \/>\nFC Barcelona 1973 &#8211; Camiseta de f\u00fatbol retro<br \/>\nLigero y transpirable.<br \/>\nMuy c\u00f3modo de llevar.<br \/>\nIdeal para los fans del equipo de f\u00fatbol FC Barcelona 1973-74.<br \/>\n<\/p>\n","protected":false},"excerpt":{"rendered":"<p>Camiseta de f\u00fatbol de manga larga estilo retro.<br \/>\nHecho de 50% algod\u00f3n y 50% poli\u00e9ster.<br \/>\n50% Algod\u00f3n, 50% Poli\u00e9ster<\/p>\n","protected":false},"featured_media":82303,"comment_status":"open","ping_status":"closed","template":"","meta":{"_kadence_starter_templates_imported_post":false,"_kad_post_transparent":"","_kad_post_title":"","_kad_post_layout":"","_kad_post_sidebar_id":"","_kad_post_content_style":"","_kad_post_vertical_padding":"","_kad_post_feature":"","_kad_post_feature_position":"","_kad_post_header":false,"_kad_post_footer":false},"product_brand":[],"product_cat":[450,455],"product_tag":[],"class_list":{"0":"post-82414","1":"product","2":"type-product","3":"status-publish","4":"has-post-thumbnail","6":"product_cat-futbol","7":"product_cat-fc-barcelona","8":"pa_brand-marca-copa","10":"first","11":"instock","12":"shipping-taxable","13":"purchasable","14":"product-type-simple","15":"entry","16":"content-bg","17":"loop-entry"},"_links":{"self":[{"href":"https:\/\/futllermo.com\/tienda\/wp-json\/wp\/v2\/product\/82414","targetHints":{"allow":["GET"]}}],"collection":[{"href":"https:\/\/futllermo.com\/tienda\/wp-json\/wp\/v2\/product"}],"about":[{"href":"https:\/\/futllermo.com\/tienda\/wp-json\/wp\/v2\/types\/product"}],"replies":[{"embeddable":true,"href":"https:\/\/futllermo.com\/tienda\/wp-json\/wp\/v2\/comments?post=82414"}],"wp:featuredmedia":[{"embeddable":true,"href":"https:\/\/futllermo.com\/tienda\/wp-json\/wp\/v2\/media\/82303"}],"wp:attachment":[{"href":"https:\/\/futllermo.com\/tienda\/wp-json\/wp\/v2\/media?parent=82414"}],"wp:term":[{"taxonomy":"product_brand","embeddable":true,"href":"https:\/\/futllermo.com\/tienda\/wp-json\/wp\/v2\/product_brand?post=82414"},{"taxonomy":"product_cat","embeddable":true,"href":"https:\/\/futllermo.com\/tienda\/wp-json\/wp\/v2\/product_cat?post=82414"},{"taxonomy":"product_tag","embeddable":true,"href":"https:\/\/futllermo.com\/tienda\/wp-json\/wp\/v2\/product_tag?post=82414"}],"curies":[{"name":"wp","href":"https:\/\/api.w.org\/{rel}","templated":true}]}}