{"id":82412,"date":"2021-01-13T11:25:57","date_gmt":"2021-01-13T11:25:57","guid":{"rendered":"https:\/\/futllermo.com\/tienda\/producto\/copa-fc-barcelona-1955-56-camiseta-retro-de-futbol-con-cuello-en-v-hombre\/"},"modified":"2022-01-13T09:58:22","modified_gmt":"2022-01-13T09:58:22","slug":"copa-fc-barcelona-1955-56-camiseta-retro-de-futbol-con-cuello-en-v-hombre","status":"publish","type":"product","link":"https:\/\/futllermo.com\/tienda\/producto\/copa-fc-barcelona-1955-56-camiseta-retro-de-futbol-con-cuello-en-v-hombre\/","title":{"rendered":"Copa FC Barcelona 1955-56 Camiseta Retro de f\u00fatbol con Cuello en V. Hombre"},"content":{"rendered":"<p><!-- show up to 2 reviews by default --> <\/p>\n<p>COPA FC Barcelona 1955-56 camiseta de manga corta con cuello en V retro de f\u00fatbol americano est\u00e1 hecha de 100% algod\u00f3n flameado. Es c\u00f3modo y suave de llevar. Este tejido de alto grado de secado r\u00e1pido es lavable a m\u00e1quina. Es un art\u00edculo imprescindible para apoyar a tu equipo de f\u00fatbol favorito del FC Barcelona 1955-56. Viene en tama\u00f1o XXL con color azul\/rojo. <\/p>\n<p>Camiseta de f\u00fatbol de manga corta estilo retro.<br \/>\nHecho de 100% algod\u00f3n de llama.<br \/>\n100% Algod\u00f3n<br \/>\nLavar a m\u00e1quina<br \/>\nManga corta<br \/>\nFC Barcelona 1955 &#8211; 56<br \/>\nLigero y transpirable.<br \/>\nMuy c\u00f3modo de llevar.<br \/>\nIdeal para los fans del equipo de f\u00fatbol FC Barcelona 1955-56.<br \/>\n<\/p>\n","protected":false},"excerpt":{"rendered":"<p>Camiseta de f\u00fatbol de manga corta estilo retro.<br \/>\nHecho de 100% algod\u00f3n de llama.<br \/>\n100% Algod\u00f3n<\/p>\n","protected":false},"featured_media":82303,"comment_status":"open","ping_status":"closed","template":"","meta":{"_kadence_starter_templates_imported_post":false,"_kad_post_transparent":"","_kad_post_title":"","_kad_post_layout":"","_kad_post_sidebar_id":"","_kad_post_content_style":"","_kad_post_vertical_padding":"","_kad_post_feature":"","_kad_post_feature_position":"","_kad_post_header":false,"_kad_post_footer":false},"product_brand":[],"product_cat":[450,455],"product_tag":[],"class_list":{"0":"post-82412","1":"product","2":"type-product","3":"status-publish","4":"has-post-thumbnail","6":"product_cat-futbol","7":"product_cat-fc-barcelona","8":"pa_brand-marca-copa","10":"first","11":"instock","12":"shipping-taxable","13":"purchasable","14":"product-type-simple","15":"entry","16":"content-bg","17":"loop-entry"},"_links":{"self":[{"href":"https:\/\/futllermo.com\/tienda\/wp-json\/wp\/v2\/product\/82412","targetHints":{"allow":["GET"]}}],"collection":[{"href":"https:\/\/futllermo.com\/tienda\/wp-json\/wp\/v2\/product"}],"about":[{"href":"https:\/\/futllermo.com\/tienda\/wp-json\/wp\/v2\/types\/product"}],"replies":[{"embeddable":true,"href":"https:\/\/futllermo.com\/tienda\/wp-json\/wp\/v2\/comments?post=82412"}],"wp:featuredmedia":[{"embeddable":true,"href":"https:\/\/futllermo.com\/tienda\/wp-json\/wp\/v2\/media\/82303"}],"wp:attachment":[{"href":"https:\/\/futllermo.com\/tienda\/wp-json\/wp\/v2\/media?parent=82412"}],"wp:term":[{"taxonomy":"product_brand","embeddable":true,"href":"https:\/\/futllermo.com\/tienda\/wp-json\/wp\/v2\/product_brand?post=82412"},{"taxonomy":"product_cat","embeddable":true,"href":"https:\/\/futllermo.com\/tienda\/wp-json\/wp\/v2\/product_cat?post=82412"},{"taxonomy":"product_tag","embeddable":true,"href":"https:\/\/futllermo.com\/tienda\/wp-json\/wp\/v2\/product_tag?post=82412"}],"curies":[{"name":"wp","href":"https:\/\/api.w.org\/{rel}","templated":true}]}}