{"id":82392,"date":"2021-01-13T11:12:53","date_gmt":"2021-01-13T11:12:53","guid":{"rendered":"https:\/\/futllermo.com\/tienda\/producto\/fc-barcelone-camiseta-de-algodon-barca-coleccion-oficial-taille-adulte\/"},"modified":"2022-01-13T09:58:21","modified_gmt":"2022-01-13T09:58:21","slug":"fc-barcelone-camiseta-de-algodon-barca-coleccion-oficial-taille-adulte","status":"publish","type":"product","link":"https:\/\/futllermo.com\/tienda\/producto\/fc-barcelone-camiseta-de-algodon-barca-coleccion-oficial-taille-adulte\/","title":{"rendered":"Fc Barcelone Camiseta de algod\u00f3n Bar\u00e7a &#8211; Colecci\u00f3n Oficial Taille Adulte"},"content":{"rendered":"<p><!-- show up to 2 reviews by default --> <\/p>\n<p>Colecci\u00f3n oficial del FC BARCELONA. Camiseta de algod\u00f3n Bar\u00e7a. Talla Adulto Hombre. Materia Algod\u00f3n. Producto oficial, con licencia oficial, marca protegida. <\/p>\n<p>Colecci\u00f3n oficial del FC BARCELONA.<br \/>\nCamiseta de algod\u00f3n Fc Barcelone, fan.<br \/>\n100% oficial! 100% Bar\u00e7a!<br \/>\nMateria Algod\u00f3n, Talla Adulto Hombre.<br \/>\nDe primera calidad, satisfecho o reembolsado.<br \/>\n<\/p>\n","protected":false},"excerpt":{"rendered":"<p>Colecci\u00f3n oficial del FC BARCELONA.<br \/>\nCamiseta de algod\u00f3n Fc Barcelone, fan.<br \/>\n100% oficial! 100% Bar\u00e7a!<\/p>\n","protected":false},"featured_media":82395,"comment_status":"open","ping_status":"closed","template":"","meta":{"_kadence_starter_templates_imported_post":false,"_kad_post_transparent":"","_kad_post_title":"","_kad_post_layout":"","_kad_post_sidebar_id":"","_kad_post_content_style":"","_kad_post_vertical_padding":"","_kad_post_feature":"","_kad_post_feature_position":"","_kad_post_header":false,"_kad_post_footer":false},"product_brand":[],"product_cat":[450,455],"product_tag":[],"class_list":{"0":"post-82392","1":"product","2":"type-product","3":"status-publish","4":"has-post-thumbnail","6":"product_cat-futbol","7":"product_cat-fc-barcelona","8":"pa_brand-marca-fc-barcelone","10":"first","11":"instock","12":"shipping-taxable","13":"purchasable","14":"product-type-simple","15":"entry","16":"content-bg","17":"loop-entry"},"_links":{"self":[{"href":"https:\/\/futllermo.com\/tienda\/wp-json\/wp\/v2\/product\/82392","targetHints":{"allow":["GET"]}}],"collection":[{"href":"https:\/\/futllermo.com\/tienda\/wp-json\/wp\/v2\/product"}],"about":[{"href":"https:\/\/futllermo.com\/tienda\/wp-json\/wp\/v2\/types\/product"}],"replies":[{"embeddable":true,"href":"https:\/\/futllermo.com\/tienda\/wp-json\/wp\/v2\/comments?post=82392"}],"wp:featuredmedia":[{"embeddable":true,"href":"https:\/\/futllermo.com\/tienda\/wp-json\/wp\/v2\/media\/82395"}],"wp:attachment":[{"href":"https:\/\/futllermo.com\/tienda\/wp-json\/wp\/v2\/media?parent=82392"}],"wp:term":[{"taxonomy":"product_brand","embeddable":true,"href":"https:\/\/futllermo.com\/tienda\/wp-json\/wp\/v2\/product_brand?post=82392"},{"taxonomy":"product_cat","embeddable":true,"href":"https:\/\/futllermo.com\/tienda\/wp-json\/wp\/v2\/product_cat?post=82392"},{"taxonomy":"product_tag","embeddable":true,"href":"https:\/\/futllermo.com\/tienda\/wp-json\/wp\/v2\/product_tag?post=82392"}],"curies":[{"name":"wp","href":"https:\/\/api.w.org\/{rel}","templated":true}]}}