{"id":82377,"date":"2021-01-13T11:12:27","date_gmt":"2021-01-13T11:12:27","guid":{"rendered":"https:\/\/futllermo.com\/tienda\/producto\/fc-barcelone-chandal-barca-coleccion-oficial-talla-nino\/"},"modified":"2022-01-13T09:57:28","modified_gmt":"2022-01-13T09:57:28","slug":"fc-barcelone-chandal-barca-coleccion-oficial-talla-nino","status":"publish","type":"product","link":"https:\/\/futllermo.com\/tienda\/producto\/fc-barcelone-chandal-barca-coleccion-oficial-talla-nino\/","title":{"rendered":"Fc Barcelone Ch\u00e1ndal Barca &#8211; Colecci\u00f3n Oficial Talla ni\u00f1o"},"content":{"rendered":"<p><!-- show up to 2 reviews by default --> <\/p>\n<p>Colecci\u00f3n oficial Fc Barcelona. Ch\u00e1ndal Chaqueta + Pantalones BARCA. Talla ni\u00f1o. Materia Poli\u00e9ster. Producto oficial, con licencia oficial, marca protegida. <\/p>\n<p>Colecci\u00f3n oficial Fc Barcelona.<br \/>\nCh\u00e1ndal , Chaqueta + Pantalones BARCA, fan.<br \/>\n100% oficial! 100% BARCA!<br \/>\nMateria Poli\u00e9ster, Talla ni\u00f1o.<br \/>\nDe primera calidad, satisfecho o reembolsado.<br \/>\n<\/p>\n","protected":false},"excerpt":{"rendered":"<p>Colecci\u00f3n oficial Fc Barcelona.<br \/>\nCh\u00e1ndal , Chaqueta + Pantalones BARCA, fan.<br \/>\n100% oficial! 100% BARCA!<\/p>\n","protected":false},"featured_media":82380,"comment_status":"open","ping_status":"closed","template":"","meta":{"_kadence_starter_templates_imported_post":false,"_kad_post_transparent":"","_kad_post_title":"","_kad_post_layout":"","_kad_post_sidebar_id":"","_kad_post_content_style":"","_kad_post_vertical_padding":"","_kad_post_feature":"","_kad_post_feature_position":"","_kad_post_header":false,"_kad_post_footer":false},"product_brand":[],"product_cat":[450,455],"product_tag":[],"class_list":{"0":"post-82377","1":"product","2":"type-product","3":"status-publish","4":"has-post-thumbnail","6":"product_cat-futbol","7":"product_cat-fc-barcelona","8":"pa_brand-marca-fc-barcelone","10":"first","11":"instock","12":"shipping-taxable","13":"purchasable","14":"product-type-simple","15":"entry","16":"content-bg","17":"loop-entry"},"_links":{"self":[{"href":"https:\/\/futllermo.com\/tienda\/wp-json\/wp\/v2\/product\/82377","targetHints":{"allow":["GET"]}}],"collection":[{"href":"https:\/\/futllermo.com\/tienda\/wp-json\/wp\/v2\/product"}],"about":[{"href":"https:\/\/futllermo.com\/tienda\/wp-json\/wp\/v2\/types\/product"}],"replies":[{"embeddable":true,"href":"https:\/\/futllermo.com\/tienda\/wp-json\/wp\/v2\/comments?post=82377"}],"wp:featuredmedia":[{"embeddable":true,"href":"https:\/\/futllermo.com\/tienda\/wp-json\/wp\/v2\/media\/82380"}],"wp:attachment":[{"href":"https:\/\/futllermo.com\/tienda\/wp-json\/wp\/v2\/media?parent=82377"}],"wp:term":[{"taxonomy":"product_brand","embeddable":true,"href":"https:\/\/futllermo.com\/tienda\/wp-json\/wp\/v2\/product_brand?post=82377"},{"taxonomy":"product_cat","embeddable":true,"href":"https:\/\/futllermo.com\/tienda\/wp-json\/wp\/v2\/product_cat?post=82377"},{"taxonomy":"product_tag","embeddable":true,"href":"https:\/\/futllermo.com\/tienda\/wp-json\/wp\/v2\/product_tag?post=82377"}],"curies":[{"name":"wp","href":"https:\/\/api.w.org\/{rel}","templated":true}]}}