{"id":82376,"date":"2021-01-13T11:12:26","date_gmt":"2021-01-13T11:12:26","guid":{"rendered":"https:\/\/futllermo.com\/tienda\/producto\/nike-fcb-y-nk-brt-stad-jsy-ss-3r-camiseta-de-manga-corta-unisex-ninos\/"},"modified":"2022-01-13T09:57:28","modified_gmt":"2022-01-13T09:57:28","slug":"nike-fcb-y-nk-brt-stad-jsy-ss-3r-camiseta-de-manga-corta-unisex-ninos","status":"publish","type":"product","link":"https:\/\/futllermo.com\/tienda\/producto\/nike-fcb-y-nk-brt-stad-jsy-ss-3r-camiseta-de-manga-corta-unisex-ninos\/","title":{"rendered":"NIKE FCB Y Nk BRT Stad JSY SS 3r Camiseta de Manga Corta Unisex ni\u00f1os"},"content":{"rendered":"<p><!-- show up to 2 reviews by default --> <\/p>\n<p>Orgullo y actuaciones. La camiseta de f\u00fatbol Nike Breathe combina detalles del equipo, como la cresta de la tela, con materiales de alto rendimiento como Nike Breathe, un tejido altamente transpirable que mantiene la piel fr\u00eda y seca. Escudo y colores del club para mostrar tu orgullo por el equipo. Las costuras en el escote se reducen al m\u00ednimo para un ajuste c\u00f3modo. Mangas ragl\u00e1n para una libertad de movimiento natural. <\/p>\n<p>Football T-Shirt<br \/>\nNike Breathe fabric<br \/>\n100% Ply, 100% Ply<br \/>\nEstilo del cuello: Cuello redondo<br \/>\nManga corta<br \/>\nFCB Y NK BRT STAD JSY SS 3R<br \/>\nOriginal FC Barcelona details<br \/>\n<\/p>\n","protected":false},"excerpt":{"rendered":"<p>Football T-Shirt<br \/>\nNike Breathe fabric<br \/>\n100% Ply, 100% Ply<\/p>\n","protected":false},"featured_media":82378,"comment_status":"open","ping_status":"closed","template":"","meta":{"_kadence_starter_templates_imported_post":false,"_kad_post_transparent":"","_kad_post_title":"","_kad_post_layout":"","_kad_post_sidebar_id":"","_kad_post_content_style":"","_kad_post_vertical_padding":"","_kad_post_feature":"","_kad_post_feature_position":"","_kad_post_header":false,"_kad_post_footer":false},"product_brand":[],"product_cat":[450,455],"product_tag":[],"class_list":{"0":"post-82376","1":"product","2":"type-product","3":"status-publish","4":"has-post-thumbnail","6":"product_cat-futbol","7":"product_cat-fc-barcelona","8":"pa_brand-visita-la-store-de-nike","10":"first","11":"instock","12":"shipping-taxable","13":"purchasable","14":"product-type-simple","15":"entry","16":"content-bg","17":"loop-entry"},"_links":{"self":[{"href":"https:\/\/futllermo.com\/tienda\/wp-json\/wp\/v2\/product\/82376","targetHints":{"allow":["GET"]}}],"collection":[{"href":"https:\/\/futllermo.com\/tienda\/wp-json\/wp\/v2\/product"}],"about":[{"href":"https:\/\/futllermo.com\/tienda\/wp-json\/wp\/v2\/types\/product"}],"replies":[{"embeddable":true,"href":"https:\/\/futllermo.com\/tienda\/wp-json\/wp\/v2\/comments?post=82376"}],"wp:featuredmedia":[{"embeddable":true,"href":"https:\/\/futllermo.com\/tienda\/wp-json\/wp\/v2\/media\/82378"}],"wp:attachment":[{"href":"https:\/\/futllermo.com\/tienda\/wp-json\/wp\/v2\/media?parent=82376"}],"wp:term":[{"taxonomy":"product_brand","embeddable":true,"href":"https:\/\/futllermo.com\/tienda\/wp-json\/wp\/v2\/product_brand?post=82376"},{"taxonomy":"product_cat","embeddable":true,"href":"https:\/\/futllermo.com\/tienda\/wp-json\/wp\/v2\/product_cat?post=82376"},{"taxonomy":"product_tag","embeddable":true,"href":"https:\/\/futllermo.com\/tienda\/wp-json\/wp\/v2\/product_tag?post=82376"}],"curies":[{"name":"wp","href":"https:\/\/api.w.org\/{rel}","templated":true}]}}