{"id":82370,"date":"2021-01-13T11:11:21","date_gmt":"2021-01-13T11:11:21","guid":{"rendered":"https:\/\/futllermo.com\/tienda\/producto\/nike-fcb-m-nk-sqd-dril-camiseta-de-manga-larga-fc-barcelona-hombre\/"},"modified":"2022-01-13T09:57:28","modified_gmt":"2022-01-13T09:57:28","slug":"nike-fcb-m-nk-sqd-dril-camiseta-de-manga-larga-fc-barcelona-hombre","status":"publish","type":"product","link":"https:\/\/futllermo.com\/tienda\/producto\/nike-fcb-m-nk-sqd-dril-camiseta-de-manga-larga-fc-barcelona-hombre\/","title":{"rendered":"NIKE FCB M Nk Sqd Dril Camiseta de Manga Larga FC Barcelona Hombre"},"content":{"rendered":"<p><!-- show up to 2 reviews by default --> <\/p>\n<p>Official 2016 2017 FC Barcelona Drill Top manufactured by Nike. This green Barcelona training top is available to buy in adult sizes S, M, L, XL, XXL and is part of the mens FCB 2016 2017 training range.Barcelona Squad Drill Top &#8211; Ghost Green Wear your FC Barcelona pride without the sweat in the Barcelona Squad Drill Top &#8211; Red, powered by Dri-FIT technology. The tops flexible ribbed sleeves move with you, while the slim cut with ergonomic thumbholes makes for a streamlined silhouette.Benefits:\u00c3\u00e2\u0082\u00ac\u00c2Dri-FIT technology moves sweat away from your skin to help you stay dry.\u00c3\u00e2\u0082\u00ac\u00c2Flexible ribbed sleeves provide a close, locked-in fit that moves easily with you.\u00c3\u00e2\u0082\u00ac\u00c2Authentic FC Barcelona crest and colours show your club pride.\u00c3\u00e2\u0082\u00ac\u00c2Kimono-style neck construction minimizes seams for enhanced comfort.\u00c3\u00e2\u0082\u00ac\u00c2Thumbholes help hold the sleeves in place.\u00c3\u00e2\u0082\u00ac\u00c21\/4-length zipper provides a custom fit.\u00c3\u00e2\u0082\u00ac\u00c2100% polyester.Product Code 808922-369 <\/p>\n<p>Brand New With Tags<br \/>\nWorn during 2016-17 season<br \/>\nCompuesto<br \/>\nManga larga<br \/>\nFcb M Nk Sqd Dril Top<br \/>\nNot Recommended to Wash Above 30 Degrees<br \/>\nSuitable for Adults &#8211; Available in Multiple Sizes<br \/>\nSize : Medium 38-40&#8243; Chest (96-104cm)<br \/>\n<\/p>\n","protected":false},"excerpt":{"rendered":"<p>Brand New With Tags<br \/>\nWorn during 2016-17 season<br \/>\nCompuesto<\/p>\n","protected":false},"featured_media":82371,"comment_status":"open","ping_status":"closed","template":"","meta":{"_kadence_starter_templates_imported_post":false,"_kad_post_transparent":"","_kad_post_title":"","_kad_post_layout":"","_kad_post_sidebar_id":"","_kad_post_content_style":"","_kad_post_vertical_padding":"","_kad_post_feature":"","_kad_post_feature_position":"","_kad_post_header":false,"_kad_post_footer":false},"product_brand":[],"product_cat":[450,455],"product_tag":[],"class_list":{"0":"post-82370","1":"product","2":"type-product","3":"status-publish","4":"has-post-thumbnail","6":"product_cat-futbol","7":"product_cat-fc-barcelona","8":"pa_brand-visita-la-store-de-nike","10":"first","11":"instock","12":"shipping-taxable","13":"purchasable","14":"product-type-simple","15":"entry","16":"content-bg","17":"loop-entry"},"_links":{"self":[{"href":"https:\/\/futllermo.com\/tienda\/wp-json\/wp\/v2\/product\/82370","targetHints":{"allow":["GET"]}}],"collection":[{"href":"https:\/\/futllermo.com\/tienda\/wp-json\/wp\/v2\/product"}],"about":[{"href":"https:\/\/futllermo.com\/tienda\/wp-json\/wp\/v2\/types\/product"}],"replies":[{"embeddable":true,"href":"https:\/\/futllermo.com\/tienda\/wp-json\/wp\/v2\/comments?post=82370"}],"wp:featuredmedia":[{"embeddable":true,"href":"https:\/\/futllermo.com\/tienda\/wp-json\/wp\/v2\/media\/82371"}],"wp:attachment":[{"href":"https:\/\/futllermo.com\/tienda\/wp-json\/wp\/v2\/media?parent=82370"}],"wp:term":[{"taxonomy":"product_brand","embeddable":true,"href":"https:\/\/futllermo.com\/tienda\/wp-json\/wp\/v2\/product_brand?post=82370"},{"taxonomy":"product_cat","embeddable":true,"href":"https:\/\/futllermo.com\/tienda\/wp-json\/wp\/v2\/product_cat?post=82370"},{"taxonomy":"product_tag","embeddable":true,"href":"https:\/\/futllermo.com\/tienda\/wp-json\/wp\/v2\/product_tag?post=82370"}],"curies":[{"name":"wp","href":"https:\/\/api.w.org\/{rel}","templated":true}]}}