{"id":82364,"date":"2021-01-13T11:10:37","date_gmt":"2021-01-13T11:10:37","guid":{"rendered":"https:\/\/futllermo.com\/tienda\/producto\/kappa-primera-equipacion-kombat-betis-camiseta-8-fekir-hombre\/"},"modified":"2022-01-13T09:57:27","modified_gmt":"2022-01-13T09:57:27","slug":"kappa-primera-equipacion-kombat-betis-camiseta-8-fekir-hombre","status":"publish","type":"product","link":"https:\/\/futllermo.com\/tienda\/producto\/kappa-primera-equipacion-kombat-betis-camiseta-8-fekir-hombre\/","title":{"rendered":"Kappa Primera Equipacion Kombat Betis Camiseta 8 FEKIR, Hombre"},"content":{"rendered":"<div class=\"disclaim\"> Tama\u00f1o:<strong>L<\/strong> | Color:<strong>Verde\/ Blanco<\/strong> <\/div>\n<p> <!-- show up to 2 reviews by default --> <\/p>\n<p>Demuestra tu apoyo a los Verdiblancos alto y claro con la camiseta oficial de Home para la temporada 2020\/2021. El jersey conserva las ic\u00f3nicas rayas verdes y blancas y rinde homenaje a Joaqu\u00edn. Su cara dorada en el escote y la inscripci\u00f3n \u00abUnaPasi\u00f3nLlamadaBetis\u00bb en la parte posterior del cuello expresan respeto, admiraci\u00f3n y gratitud al jugador m\u00e1s laureado de la historia del club, gran art\u00edfice de la remontada de la Liga 2000 y protagonista de muchos \u00e9xitos nacionales y europeos. Su tejido de poli\u00e9ster transpirable le permite absorber eficazmente la transpiraci\u00f3n y mantener al deportista seco el mayor tiempo posible. Gracias a la tecnolog\u00eda KOMBAT, la camiseta permite libertad de movimiento y una comodidad incomparable. Dise\u00f1ado para los aficionados, el corte es ligeramente m\u00e1s flojo que la versi\u00f3n que usan los jugadores. <\/p>\n<p>17 joaqu\u00edn<br \/>\nOficial real betis balompi\u00e9<br \/>\nPrenda imprescindible para cualquier aficionado del club verdiblanco<br \/>\nPrimera equipaci\u00f3n oficial real betis balompi\u00e9<br \/>\nTemporada 2020\/2021<br \/>\nTipo de f\u00e1brica: 100% poli\u00e9ster<br \/>\n<\/p>\n","protected":false},"excerpt":{"rendered":"<p>17 joaqu\u00edn<br \/>\nOficial real betis balompi\u00e9<br \/>\nPrenda imprescindible para cualquier aficionado del club verdiblanco<\/p>\n","protected":false},"featured_media":82365,"comment_status":"open","ping_status":"closed","template":"","meta":{"_kadence_starter_templates_imported_post":false,"_kad_post_transparent":"","_kad_post_title":"","_kad_post_layout":"","_kad_post_sidebar_id":"","_kad_post_content_style":"","_kad_post_vertical_padding":"","_kad_post_feature":"","_kad_post_feature_position":"","_kad_post_header":false,"_kad_post_footer":false},"product_brand":[],"product_cat":[450,451],"product_tag":[],"class_list":{"0":"post-82364","1":"product","2":"type-product","3":"status-publish","4":"has-post-thumbnail","6":"product_cat-futbol","7":"product_cat-camisetas","8":"pa_brand-visita-la-store-de-kappa","10":"first","11":"instock","12":"shipping-taxable","13":"purchasable","14":"product-type-simple","15":"entry","16":"content-bg","17":"loop-entry"},"_links":{"self":[{"href":"https:\/\/futllermo.com\/tienda\/wp-json\/wp\/v2\/product\/82364","targetHints":{"allow":["GET"]}}],"collection":[{"href":"https:\/\/futllermo.com\/tienda\/wp-json\/wp\/v2\/product"}],"about":[{"href":"https:\/\/futllermo.com\/tienda\/wp-json\/wp\/v2\/types\/product"}],"replies":[{"embeddable":true,"href":"https:\/\/futllermo.com\/tienda\/wp-json\/wp\/v2\/comments?post=82364"}],"wp:featuredmedia":[{"embeddable":true,"href":"https:\/\/futllermo.com\/tienda\/wp-json\/wp\/v2\/media\/82365"}],"wp:attachment":[{"href":"https:\/\/futllermo.com\/tienda\/wp-json\/wp\/v2\/media?parent=82364"}],"wp:term":[{"taxonomy":"product_brand","embeddable":true,"href":"https:\/\/futllermo.com\/tienda\/wp-json\/wp\/v2\/product_brand?post=82364"},{"taxonomy":"product_cat","embeddable":true,"href":"https:\/\/futllermo.com\/tienda\/wp-json\/wp\/v2\/product_cat?post=82364"},{"taxonomy":"product_tag","embeddable":true,"href":"https:\/\/futllermo.com\/tienda\/wp-json\/wp\/v2\/product_tag?post=82364"}],"curies":[{"name":"wp","href":"https:\/\/api.w.org\/{rel}","templated":true}]}}