{"id":82354,"date":"2021-01-13T11:10:24","date_gmt":"2021-01-13T11:10:24","guid":{"rendered":"https:\/\/futllermo.com\/tienda\/producto\/kappa-maglia-gara-home-2019-2020-camiseta-de-juego-hombre\/"},"modified":"2022-01-13T09:57:27","modified_gmt":"2022-01-13T09:57:27","slug":"kappa-maglia-gara-home-2019-2020-camiseta-de-juego-hombre","status":"publish","type":"product","link":"https:\/\/futllermo.com\/tienda\/producto\/kappa-maglia-gara-home-2019-2020-camiseta-de-juego-hombre\/","title":{"rendered":"Kappa Maglia Gara Home 2019\/2020 Camiseta De Juego Hombre"},"content":{"rendered":"<p><!-- show up to 2 reviews by default --> <\/p>\n<p>Camiseta de juego del SSC N\u00e1poles, para la temporada 19\/20. <\/p>\n<p>Camiseta de primera equipaci\u00f3n oficial Kombat 2020 para hombre realizada en material el\u00e1stico con tecnolog\u00eda Hydro-Way Protection<br \/>\nManga con ribetes, cuello con solapa delantera y bot\u00f3n, ribetes en la parte posterior y dise\u00f1o impreso en la parte delantera<br \/>\n91% Poli\u00e9ster, 9% Alel\u00e1stano<br \/>\nCierre: Bot\u00f3n<br \/>\nManga corta<br \/>\nKombat Pro 2020 Home Napoli<br \/>\nLeyenda de SSC Napoli en la parte posterior y parche de silicona con logotipo del equipo en relieve aplicado en el pecho y logotipos de los patrocinadores<br \/>\nTejido transpirable y absorbente para mantenerse fresco y evitar el sudor de la piel<br \/>\n<\/p>\n","protected":false},"excerpt":{"rendered":"<p>Camiseta de primera equipaci\u00f3n oficial Kombat 2020 para hombre realizada en material el\u00e1stico con tecnolog\u00eda Hydro-Way Protection<br \/>\nManga con ribetes, cuello con solapa delantera y bot\u00f3n, ribetes en la parte posterior y dise\u00f1o impreso en la parte delantera<br \/>\n91% Poli\u00e9ster, 9% Alel\u00e1stano<\/p>\n","protected":false},"featured_media":82358,"comment_status":"open","ping_status":"closed","template":"","meta":{"_kadence_starter_templates_imported_post":false,"_kad_post_transparent":"","_kad_post_title":"","_kad_post_layout":"","_kad_post_sidebar_id":"","_kad_post_content_style":"","_kad_post_vertical_padding":"","_kad_post_feature":"","_kad_post_feature_position":"","_kad_post_header":false,"_kad_post_footer":false},"product_brand":[],"product_cat":[450,451],"product_tag":[],"class_list":{"0":"post-82354","1":"product","2":"type-product","3":"status-publish","4":"has-post-thumbnail","6":"product_cat-futbol","7":"product_cat-camisetas","8":"pa_brand-visita-la-store-de-kappa","10":"first","11":"instock","12":"shipping-taxable","13":"purchasable","14":"product-type-simple","15":"entry","16":"content-bg","17":"loop-entry"},"_links":{"self":[{"href":"https:\/\/futllermo.com\/tienda\/wp-json\/wp\/v2\/product\/82354","targetHints":{"allow":["GET"]}}],"collection":[{"href":"https:\/\/futllermo.com\/tienda\/wp-json\/wp\/v2\/product"}],"about":[{"href":"https:\/\/futllermo.com\/tienda\/wp-json\/wp\/v2\/types\/product"}],"replies":[{"embeddable":true,"href":"https:\/\/futllermo.com\/tienda\/wp-json\/wp\/v2\/comments?post=82354"}],"wp:featuredmedia":[{"embeddable":true,"href":"https:\/\/futllermo.com\/tienda\/wp-json\/wp\/v2\/media\/82358"}],"wp:attachment":[{"href":"https:\/\/futllermo.com\/tienda\/wp-json\/wp\/v2\/media?parent=82354"}],"wp:term":[{"taxonomy":"product_brand","embeddable":true,"href":"https:\/\/futllermo.com\/tienda\/wp-json\/wp\/v2\/product_brand?post=82354"},{"taxonomy":"product_cat","embeddable":true,"href":"https:\/\/futllermo.com\/tienda\/wp-json\/wp\/v2\/product_cat?post=82354"},{"taxonomy":"product_tag","embeddable":true,"href":"https:\/\/futllermo.com\/tienda\/wp-json\/wp\/v2\/product_tag?post=82354"}],"curies":[{"name":"wp","href":"https:\/\/api.w.org\/{rel}","templated":true}]}}