{"id":82331,"date":"2021-01-13T11:09:46","date_gmt":"2021-01-13T11:09:46","guid":{"rendered":"https:\/\/futllermo.com\/tienda\/producto\/adidas-juventus-fc-temporada-2020-21-juve-h-jsy-y-camiseta-primera-equipacion-ninos\/"},"modified":"2022-01-13T09:57:26","modified_gmt":"2022-01-13T09:57:26","slug":"adidas-juventus-fc-temporada-2020-21-juve-h-jsy-y-camiseta-primera-equipacion-ninos","status":"publish","type":"product","link":"https:\/\/futllermo.com\/tienda\/producto\/adidas-juventus-fc-temporada-2020-21-juve-h-jsy-y-camiseta-primera-equipacion-ninos\/","title":{"rendered":"adidas Juventus FC Temporada 2020\/21 Juve H JSY Y Camiseta Primera equipaci\u00f3n Ni\u00f1os"},"content":{"rendered":"<p><!-- show up to 2 reviews by default --> <\/p>\n<p>Los colores de la casa del equipo dise\u00f1ados para verdaderos fan\u00e1ticos. Algunos clubes se aferran al pasado. Otros escriben el futuro. Esta camiseta de f\u00fatbol junior reemplaza el patr\u00f3n de rayas tradicional con un dise\u00f1o de dos paneles en blanco y negro. Adem\u00e1s, por primera vez en m\u00e1s de un siglo, el color rosa regresa a una camiseta de la Juve. Esta versi\u00f3n dise\u00f1ada para fan\u00e1ticos se caracteriza por una estructura de tela antihumedad de efecto seda y un corte ligeramente m\u00e1s ancho que el modelo usado por los jugadores en el campo. La insignia de tela en el cofre completa el look. <\/p>\n<p>Regular fit<br \/>\nClimalite anti-humidity fabric<br \/>\n100% Poli\u00e9ster (Reciclado), 100% Poli\u00e9ster (Reciclado)<br \/>\nJUVE H JSY Y<br \/>\nLogo on the front<br \/>\n<\/p>\n","protected":false},"excerpt":{"rendered":"<p>Regular fit<br \/>\nClimalite anti-humidity fabric<br \/>\n100% Poli\u00e9ster (Reciclado), 100% Poli\u00e9ster (Reciclado)<\/p>\n","protected":false},"featured_media":82333,"comment_status":"open","ping_status":"closed","template":"","meta":{"_kadence_starter_templates_imported_post":false,"_kad_post_transparent":"","_kad_post_title":"","_kad_post_layout":"","_kad_post_sidebar_id":"","_kad_post_content_style":"","_kad_post_vertical_padding":"","_kad_post_feature":"","_kad_post_feature_position":"","_kad_post_header":false,"_kad_post_footer":false},"product_brand":[],"product_cat":[450,451],"product_tag":[],"class_list":{"0":"post-82331","1":"product","2":"type-product","3":"status-publish","4":"has-post-thumbnail","6":"product_cat-futbol","7":"product_cat-camisetas","8":"pa_brand-visita-la-store-de-adidas","10":"first","11":"instock","12":"shipping-taxable","13":"purchasable","14":"product-type-simple","15":"entry","16":"content-bg","17":"loop-entry"},"_links":{"self":[{"href":"https:\/\/futllermo.com\/tienda\/wp-json\/wp\/v2\/product\/82331","targetHints":{"allow":["GET"]}}],"collection":[{"href":"https:\/\/futllermo.com\/tienda\/wp-json\/wp\/v2\/product"}],"about":[{"href":"https:\/\/futllermo.com\/tienda\/wp-json\/wp\/v2\/types\/product"}],"replies":[{"embeddable":true,"href":"https:\/\/futllermo.com\/tienda\/wp-json\/wp\/v2\/comments?post=82331"}],"wp:featuredmedia":[{"embeddable":true,"href":"https:\/\/futllermo.com\/tienda\/wp-json\/wp\/v2\/media\/82333"}],"wp:attachment":[{"href":"https:\/\/futllermo.com\/tienda\/wp-json\/wp\/v2\/media?parent=82331"}],"wp:term":[{"taxonomy":"product_brand","embeddable":true,"href":"https:\/\/futllermo.com\/tienda\/wp-json\/wp\/v2\/product_brand?post=82331"},{"taxonomy":"product_cat","embeddable":true,"href":"https:\/\/futllermo.com\/tienda\/wp-json\/wp\/v2\/product_cat?post=82331"},{"taxonomy":"product_tag","embeddable":true,"href":"https:\/\/futllermo.com\/tienda\/wp-json\/wp\/v2\/product_tag?post=82331"}],"curies":[{"name":"wp","href":"https:\/\/api.w.org\/{rel}","templated":true}]}}