{"id":82294,"date":"2021-01-13T11:08:34","date_gmt":"2021-01-13T11:08:34","guid":{"rendered":"https:\/\/futllermo.com\/tienda\/producto\/ssc-napoli-t-shirt-rappresentanza-2019-2020-camiseta-hombre\/"},"modified":"2022-01-13T09:57:25","modified_gmt":"2022-01-13T09:57:25","slug":"ssc-napoli-t-shirt-rappresentanza-2019-2020-camiseta-hombre","status":"publish","type":"product","link":"https:\/\/futllermo.com\/tienda\/producto\/ssc-napoli-t-shirt-rappresentanza-2019-2020-camiseta-hombre\/","title":{"rendered":"SSC NAPOLI T-Shirt Rappresentanza 2019\/2020 Camiseta Hombre"},"content":{"rendered":"<p><!-- show up to 2 reviews by default --> <\/p>\n<p>Gara. Camiseta de manga corta para hombre. Corte ajustado. Manga corta, cuello realizado en canal\u00e9, inserciones fondo cuerpo y hombros y gr\u00e1ficos de l\u00edneas impresas. Logo Omini en el pecho y lettering SSC Napoli fabricados en gabardina y bordados, logotipo Team patch 3D de silicona bordado en el pecho y patrocinador fabricados con parches en gabardina bordados en el pecho. SSC Napoli <\/p>\n<p>Producto para aficionados del SSC Napoli temporada 19\/20<br \/>\nMaterial resistente y durable<br \/>\n60% Algod\u00f3n, 40% Poli\u00e9ster<br \/>\nManga corta<br \/>\nAyba 3 Napoli<br \/>\nLogotipo de Omini bordado en el pecho<br \/>\nAdecuada para coleccionar o regalar<br \/>\nLogotipo de SSC Napoli y patrocinadores imprimados en el pecho<br \/>\n<\/p>\n","protected":false},"excerpt":{"rendered":"<p>Producto para aficionados del SSC Napoli temporada 19\/20<br \/>\nMaterial resistente y durable<br \/>\n60% Algod\u00f3n, 40% Poli\u00e9ster<\/p>\n","protected":false},"featured_media":82296,"comment_status":"open","ping_status":"closed","template":"","meta":{"_kadence_starter_templates_imported_post":false,"_kad_post_transparent":"","_kad_post_title":"","_kad_post_layout":"","_kad_post_sidebar_id":"","_kad_post_content_style":"","_kad_post_vertical_padding":"","_kad_post_feature":"","_kad_post_feature_position":"","_kad_post_header":false,"_kad_post_footer":false},"product_brand":[],"product_cat":[450,451],"product_tag":[],"class_list":{"0":"post-82294","1":"product","2":"type-product","3":"status-publish","4":"has-post-thumbnail","6":"product_cat-futbol","7":"product_cat-camisetas","8":"pa_brand-marca-ssc-napoli","10":"first","11":"instock","12":"shipping-taxable","13":"purchasable","14":"product-type-simple","15":"entry","16":"content-bg","17":"loop-entry"},"_links":{"self":[{"href":"https:\/\/futllermo.com\/tienda\/wp-json\/wp\/v2\/product\/82294","targetHints":{"allow":["GET"]}}],"collection":[{"href":"https:\/\/futllermo.com\/tienda\/wp-json\/wp\/v2\/product"}],"about":[{"href":"https:\/\/futllermo.com\/tienda\/wp-json\/wp\/v2\/types\/product"}],"replies":[{"embeddable":true,"href":"https:\/\/futllermo.com\/tienda\/wp-json\/wp\/v2\/comments?post=82294"}],"wp:featuredmedia":[{"embeddable":true,"href":"https:\/\/futllermo.com\/tienda\/wp-json\/wp\/v2\/media\/82296"}],"wp:attachment":[{"href":"https:\/\/futllermo.com\/tienda\/wp-json\/wp\/v2\/media?parent=82294"}],"wp:term":[{"taxonomy":"product_brand","embeddable":true,"href":"https:\/\/futllermo.com\/tienda\/wp-json\/wp\/v2\/product_brand?post=82294"},{"taxonomy":"product_cat","embeddable":true,"href":"https:\/\/futllermo.com\/tienda\/wp-json\/wp\/v2\/product_cat?post=82294"},{"taxonomy":"product_tag","embeddable":true,"href":"https:\/\/futllermo.com\/tienda\/wp-json\/wp\/v2\/product_tag?post=82294"}],"curies":[{"name":"wp","href":"https:\/\/api.w.org\/{rel}","templated":true}]}}