{"id":82292,"date":"2021-01-13T11:08:32","date_gmt":"2021-01-13T11:08:32","guid":{"rendered":"https:\/\/futllermo.com\/tienda\/producto\/copa-u-c-sampdoria-1991-92-away-retro-football-shirt-camiseta-retro-con-cuello-de-futbol-hombre\/"},"modified":"2022-01-13T09:57:25","modified_gmt":"2022-01-13T09:57:25","slug":"copa-u-c-sampdoria-1991-92-away-retro-football-shirt-camiseta-retro-con-cuello-de-futbol-hombre","status":"publish","type":"product","link":"https:\/\/futllermo.com\/tienda\/producto\/copa-u-c-sampdoria-1991-92-away-retro-football-shirt-camiseta-retro-con-cuello-de-futbol-hombre\/","title":{"rendered":"Copa U. C. Sampdoria 1991-92 Away Retro Football Shirt Camiseta Retro con Cuello de f\u00fatbol. Hombre"},"content":{"rendered":"<p><!-- show up to 2 reviews by default --> <\/p>\n<p>COPA U. C. Sampdoria 1991-92 Away Retro Football Collar Camiseta Blanco Hombre Esta camiseta est\u00e1 hecha de material 100% poli\u00e9ster de alta calidad que es lo suficientemente c\u00f3modo y transpirable para satisfacer tus diversas necesidades deportivas, tambi\u00e9n mantiene la piel seca. Bordado con insignia de la bandera italiana. Viene en tama\u00f1o peque\u00f1o. <\/p>\n<p>Camiseta de f\u00fatbol para hombre con cuello retro y agradable a la piel<br \/>\nHecho de 100% poli\u00e9ster de alta calidad<br \/>\n100% Poli\u00e9ster<br \/>\nLavar a m\u00e1quina<br \/>\nU.C. Sampdoria 1991 &#8211; 92 Camiseta de f\u00fatbol retro<br \/>\nC\u00f3modo y transpirable para satisfacer tus diversas necesidades deportivas<br \/>\nBordado con insignia de bandera italiana<br \/>\nMuy c\u00f3modo de llevar<br \/>\n<\/p>\n","protected":false},"excerpt":{"rendered":"<p>Camiseta de f\u00fatbol para hombre con cuello retro y agradable a la piel<br \/>\nHecho de 100% poli\u00e9ster de alta calidad<br \/>\n100% Poli\u00e9ster<\/p>\n","protected":false},"featured_media":82293,"comment_status":"open","ping_status":"closed","template":"","meta":{"_kadence_starter_templates_imported_post":false,"_kad_post_transparent":"","_kad_post_title":"","_kad_post_layout":"","_kad_post_sidebar_id":"","_kad_post_content_style":"","_kad_post_vertical_padding":"","_kad_post_feature":"","_kad_post_feature_position":"","_kad_post_header":false,"_kad_post_footer":false},"product_brand":[],"product_cat":[450,451],"product_tag":[],"class_list":{"0":"post-82292","1":"product","2":"type-product","3":"status-publish","4":"has-post-thumbnail","6":"product_cat-futbol","7":"product_cat-camisetas","8":"pa_brand-marca-copa","10":"first","11":"instock","12":"shipping-taxable","13":"purchasable","14":"product-type-simple","15":"entry","16":"content-bg","17":"loop-entry"},"_links":{"self":[{"href":"https:\/\/futllermo.com\/tienda\/wp-json\/wp\/v2\/product\/82292","targetHints":{"allow":["GET"]}}],"collection":[{"href":"https:\/\/futllermo.com\/tienda\/wp-json\/wp\/v2\/product"}],"about":[{"href":"https:\/\/futllermo.com\/tienda\/wp-json\/wp\/v2\/types\/product"}],"replies":[{"embeddable":true,"href":"https:\/\/futllermo.com\/tienda\/wp-json\/wp\/v2\/comments?post=82292"}],"wp:featuredmedia":[{"embeddable":true,"href":"https:\/\/futllermo.com\/tienda\/wp-json\/wp\/v2\/media\/82293"}],"wp:attachment":[{"href":"https:\/\/futllermo.com\/tienda\/wp-json\/wp\/v2\/media?parent=82292"}],"wp:term":[{"taxonomy":"product_brand","embeddable":true,"href":"https:\/\/futllermo.com\/tienda\/wp-json\/wp\/v2\/product_brand?post=82292"},{"taxonomy":"product_cat","embeddable":true,"href":"https:\/\/futllermo.com\/tienda\/wp-json\/wp\/v2\/product_cat?post=82292"},{"taxonomy":"product_tag","embeddable":true,"href":"https:\/\/futllermo.com\/tienda\/wp-json\/wp\/v2\/product_tag?post=82292"}],"curies":[{"name":"wp","href":"https:\/\/api.w.org\/{rel}","templated":true}]}}