{"id":82286,"date":"2021-01-13T11:08:15","date_gmt":"2021-01-13T11:08:15","guid":{"rendered":"https:\/\/futllermo.com\/tienda\/producto\/deportivo-alaves-equipacion-de-juego-2a-camiseta-de-juego-20-21-unisex-adulto\/"},"modified":"2022-01-13T09:57:25","modified_gmt":"2022-01-13T09:57:25","slug":"deportivo-alaves-equipacion-de-juego-2a-camiseta-de-juego-20-21-unisex-adulto","status":"publish","type":"product","link":"https:\/\/futllermo.com\/tienda\/producto\/deportivo-alaves-equipacion-de-juego-2a-camiseta-de-juego-20-21-unisex-adulto\/","title":{"rendered":"DEPORTIVO ALAV\u00c9S Equipaci\u00f3n de Juego 2\u00aa Camiseta De Juego 20\/21 Unisex Adulto"},"content":{"rendered":"<p><!-- show up to 2 reviews by default --> <\/p>\n<p>Colecci\u00f3n oficial deportivo alav\u00e9s kelme 20-21, detalles de la marca en alta definici\u00f3n. Dise\u00f1o personalizado exclusivo. <\/p>\n<p>Tejido muy transpirable que evapora perfectamente el sudor<br \/>\nEscudo en novedoso material, muy flexible y suave<br \/>\n100% Poli\u00e9ster, 100% Poli\u00e9ster<br \/>\nEquipaci\u00f3n De Juego<br \/>\nRegular fit; medidas est\u00e1ndar<br \/>\n<\/p>\n","protected":false},"excerpt":{"rendered":"<p>Tejido muy transpirable que evapora perfectamente el sudor<br \/>\nEscudo en novedoso material, muy flexible y suave<br \/>\n100% Poli\u00e9ster, 100% Poli\u00e9ster<\/p>\n","protected":false},"featured_media":82287,"comment_status":"open","ping_status":"closed","template":"","meta":{"_kadence_starter_templates_imported_post":false,"_kad_post_transparent":"","_kad_post_title":"","_kad_post_layout":"","_kad_post_sidebar_id":"","_kad_post_content_style":"","_kad_post_vertical_padding":"","_kad_post_feature":"","_kad_post_feature_position":"","_kad_post_header":false,"_kad_post_footer":false},"product_brand":[],"product_cat":[450,451],"product_tag":[],"class_list":{"0":"post-82286","1":"product","2":"type-product","3":"status-publish","4":"has-post-thumbnail","6":"product_cat-futbol","7":"product_cat-camisetas","8":"pa_brand-marca-deportivo-alaves","10":"first","11":"instock","12":"shipping-taxable","13":"purchasable","14":"product-type-simple","15":"entry","16":"content-bg","17":"loop-entry"},"_links":{"self":[{"href":"https:\/\/futllermo.com\/tienda\/wp-json\/wp\/v2\/product\/82286","targetHints":{"allow":["GET"]}}],"collection":[{"href":"https:\/\/futllermo.com\/tienda\/wp-json\/wp\/v2\/product"}],"about":[{"href":"https:\/\/futllermo.com\/tienda\/wp-json\/wp\/v2\/types\/product"}],"replies":[{"embeddable":true,"href":"https:\/\/futllermo.com\/tienda\/wp-json\/wp\/v2\/comments?post=82286"}],"wp:featuredmedia":[{"embeddable":true,"href":"https:\/\/futllermo.com\/tienda\/wp-json\/wp\/v2\/media\/82287"}],"wp:attachment":[{"href":"https:\/\/futllermo.com\/tienda\/wp-json\/wp\/v2\/media?parent=82286"}],"wp:term":[{"taxonomy":"product_brand","embeddable":true,"href":"https:\/\/futllermo.com\/tienda\/wp-json\/wp\/v2\/product_brand?post=82286"},{"taxonomy":"product_cat","embeddable":true,"href":"https:\/\/futllermo.com\/tienda\/wp-json\/wp\/v2\/product_cat?post=82286"},{"taxonomy":"product_tag","embeddable":true,"href":"https:\/\/futllermo.com\/tienda\/wp-json\/wp\/v2\/product_tag?post=82286"}],"curies":[{"name":"wp","href":"https:\/\/api.w.org\/{rel}","templated":true}]}}