{"id":82275,"date":"2021-01-13T11:08:00","date_gmt":"2021-01-13T11:08:00","guid":{"rendered":"https:\/\/futllermo.com\/tienda\/producto\/nike-fc-barcelona-temporada-2020-21-fcb-m-nk-brt-strk-top-sscd5999-458-camiseta-unisex-adulto\/"},"modified":"2022-01-13T09:57:25","modified_gmt":"2022-01-13T09:57:25","slug":"nike-fc-barcelona-temporada-2020-21-fcb-m-nk-brt-strk-top-sscd5999-458-camiseta-unisex-adulto","status":"publish","type":"product","link":"https:\/\/futllermo.com\/tienda\/producto\/nike-fc-barcelona-temporada-2020-21-fcb-m-nk-brt-strk-top-sscd5999-458-camiseta-unisex-adulto\/","title":{"rendered":"NIKE FC Barcelona Temporada 2020\/21 &#8211; FCB M Nk BRT Strk Top Sscd5999-458 Camiseta Unisex Adulto"},"content":{"rendered":"<p><!-- show up to 2 reviews by default --> <\/p>\n<p>Camiseta que gracias a la tecnolog\u00eda dri fit te mantiene seco y fresco. El tejido transpirable y resistente para su m\u00e1xima libertad de movimiento. El estilo cl\u00e1sico de Nike garantiza un excelente ajuste y comodidad. Entrena a tu m\u00e1ximo rendimiento. <\/p>\n<p>Short sleeves<br \/>\nCrew-neck design<br \/>\n100% Poli\u00e9ster, 100% Poli\u00e9ster<br \/>\nFcb M NK BRT Strk Top Ss<br \/>\nBreathable fabric<br \/>\n<\/p>\n","protected":false},"excerpt":{"rendered":"<p>Short sleeves<br \/>\nCrew-neck design<br \/>\n100% Poli\u00e9ster, 100% Poli\u00e9ster<\/p>\n","protected":false},"featured_media":82277,"comment_status":"open","ping_status":"closed","template":"","meta":{"_kadence_starter_templates_imported_post":false,"_kad_post_transparent":"","_kad_post_title":"","_kad_post_layout":"","_kad_post_sidebar_id":"","_kad_post_content_style":"","_kad_post_vertical_padding":"","_kad_post_feature":"","_kad_post_feature_position":"","_kad_post_header":false,"_kad_post_footer":false},"product_brand":[],"product_cat":[450,451],"product_tag":[],"class_list":{"0":"post-82275","1":"product","2":"type-product","3":"status-publish","4":"has-post-thumbnail","6":"product_cat-futbol","7":"product_cat-camisetas","8":"pa_brand-visita-la-store-de-nike","10":"first","11":"instock","12":"shipping-taxable","13":"purchasable","14":"product-type-simple","15":"entry","16":"content-bg","17":"loop-entry"},"_links":{"self":[{"href":"https:\/\/futllermo.com\/tienda\/wp-json\/wp\/v2\/product\/82275","targetHints":{"allow":["GET"]}}],"collection":[{"href":"https:\/\/futllermo.com\/tienda\/wp-json\/wp\/v2\/product"}],"about":[{"href":"https:\/\/futllermo.com\/tienda\/wp-json\/wp\/v2\/types\/product"}],"replies":[{"embeddable":true,"href":"https:\/\/futllermo.com\/tienda\/wp-json\/wp\/v2\/comments?post=82275"}],"wp:featuredmedia":[{"embeddable":true,"href":"https:\/\/futllermo.com\/tienda\/wp-json\/wp\/v2\/media\/82277"}],"wp:attachment":[{"href":"https:\/\/futllermo.com\/tienda\/wp-json\/wp\/v2\/media?parent=82275"}],"wp:term":[{"taxonomy":"product_brand","embeddable":true,"href":"https:\/\/futllermo.com\/tienda\/wp-json\/wp\/v2\/product_brand?post=82275"},{"taxonomy":"product_cat","embeddable":true,"href":"https:\/\/futllermo.com\/tienda\/wp-json\/wp\/v2\/product_cat?post=82275"},{"taxonomy":"product_tag","embeddable":true,"href":"https:\/\/futllermo.com\/tienda\/wp-json\/wp\/v2\/product_tag?post=82275"}],"curies":[{"name":"wp","href":"https:\/\/api.w.org\/{rel}","templated":true}]}}