{"id":82263,"date":"2021-01-13T11:07:37","date_gmt":"2021-01-13T11:07:37","guid":{"rendered":"https:\/\/futllermo.com\/tienda\/producto\/puma-manchester-city-temporada-2020-21-home-shirt-replica-ss-kids-with-sp-camiseta-primera-equipacion-ninos\/"},"modified":"2022-01-13T09:57:24","modified_gmt":"2022-01-13T09:57:24","slug":"puma-manchester-city-temporada-2020-21-home-shirt-replica-ss-kids-with-sp-camiseta-primera-equipacion-ninos","status":"publish","type":"product","link":"https:\/\/futllermo.com\/tienda\/producto\/puma-manchester-city-temporada-2020-21-home-shirt-replica-ss-kids-with-sp-camiseta-primera-equipacion-ninos\/","title":{"rendered":"PUMA Manchester City Temporada 2020\/21 &#8211; Home Shirt Replica SS Kids with SP Camiseta Primera Equipaci\u00f3n Ni\u00f1os"},"content":{"rendered":"<p><!-- show up to 2 reviews by default --> <\/p>\n<p>Alardea de tu afici\u00f3n al club con esta camiseta de la 1.\u00aa equipaci\u00f3n de la colecci\u00f3n de r\u00e9plica oficial del Manchester City. Con estampados inspirados en los ic\u00f3nicos mosaicos del arte callejero de su ciudad y la tecnolog\u00eda de alto rendimiento dryCELL, para sentirte siempre seco y c\u00f3modo. &#8211; Corte normal &#8211; Medio cuello redondo acanalado &#8211; Construcci\u00f3n combinada con Formstrip PUMA en los hombros y el panel trasero &#8211; Escudo oficial del Manchester City tejido en relieve en la parte izquierda del pecho &#8211; Logotipo del PUMA en la parte derecha del pecho y en las mangas &#8211; Marca denominativa Manchester City en la parte trasera del cuello &#8211; Logotipo de ETIHAD en la parte frontal &#8211; Tejido texturizado &#8211; Poli\u00e9ster 100 % <\/p>\n<p>Corte normal<br \/>\nMedio cuello redondo acanalado<br \/>\n100% Poli\u00e9ster, 100% Poli\u00e9ster<br \/>\nCamiseta Oficial temporada 20\/21 Home Manchester City FC Replica ni\u00f1os con Sponsor Logo<br \/>\nConstrucci\u00f3n combinada con Formstrip PUMA en los hombros y el panel trasero<br \/>\nEscudo oficial del Manchester City tejido en relieve en la parte izquierda del pecho<br \/>\nLogotipo del PUMA en la parte derecha del pecho y en las mangas<br \/>\n<\/p>\n","protected":false},"excerpt":{"rendered":"<p>Corte normal<br \/>\nMedio cuello redondo acanalado<br \/>\n100% Poli\u00e9ster, 100% Poli\u00e9ster<\/p>\n","protected":false},"featured_media":82266,"comment_status":"open","ping_status":"closed","template":"","meta":{"_kadence_starter_templates_imported_post":false,"_kad_post_transparent":"","_kad_post_title":"","_kad_post_layout":"","_kad_post_sidebar_id":"","_kad_post_content_style":"","_kad_post_vertical_padding":"","_kad_post_feature":"","_kad_post_feature_position":"","_kad_post_header":false,"_kad_post_footer":false},"product_brand":[],"product_cat":[450,451],"product_tag":[],"class_list":{"0":"post-82263","1":"product","2":"type-product","3":"status-publish","4":"has-post-thumbnail","6":"product_cat-futbol","7":"product_cat-camisetas","8":"pa_brand-visita-la-store-de-puma","10":"first","11":"instock","12":"shipping-taxable","13":"purchasable","14":"product-type-simple","15":"entry","16":"content-bg","17":"loop-entry"},"_links":{"self":[{"href":"https:\/\/futllermo.com\/tienda\/wp-json\/wp\/v2\/product\/82263","targetHints":{"allow":["GET"]}}],"collection":[{"href":"https:\/\/futllermo.com\/tienda\/wp-json\/wp\/v2\/product"}],"about":[{"href":"https:\/\/futllermo.com\/tienda\/wp-json\/wp\/v2\/types\/product"}],"replies":[{"embeddable":true,"href":"https:\/\/futllermo.com\/tienda\/wp-json\/wp\/v2\/comments?post=82263"}],"wp:featuredmedia":[{"embeddable":true,"href":"https:\/\/futllermo.com\/tienda\/wp-json\/wp\/v2\/media\/82266"}],"wp:attachment":[{"href":"https:\/\/futllermo.com\/tienda\/wp-json\/wp\/v2\/media?parent=82263"}],"wp:term":[{"taxonomy":"product_brand","embeddable":true,"href":"https:\/\/futllermo.com\/tienda\/wp-json\/wp\/v2\/product_brand?post=82263"},{"taxonomy":"product_cat","embeddable":true,"href":"https:\/\/futllermo.com\/tienda\/wp-json\/wp\/v2\/product_cat?post=82263"},{"taxonomy":"product_tag","embeddable":true,"href":"https:\/\/futllermo.com\/tienda\/wp-json\/wp\/v2\/product_tag?post=82263"}],"curies":[{"name":"wp","href":"https:\/\/api.w.org\/{rel}","templated":true}]}}