{"id":82258,"date":"2021-01-13T11:07:26","date_gmt":"2021-01-13T11:07:26","guid":{"rendered":"https:\/\/futllermo.com\/tienda\/producto\/red-bull-salzburg-away-camiseta-20-21-hombres-official-merchandise\/"},"modified":"2022-01-13T09:57:24","modified_gmt":"2022-01-13T09:57:24","slug":"red-bull-salzburg-away-camiseta-20-21-hombres-official-merchandise","status":"publish","type":"product","link":"https:\/\/futllermo.com\/tienda\/producto\/red-bull-salzburg-away-camiseta-20-21-hombres-official-merchandise\/","title":{"rendered":"Red Bull Salzburg Away Camiseta 20\/21, Hombres &#8211; Official Merchandise"},"content":{"rendered":"<p><!-- show up to 2 reviews by default --> <\/p>\n<p>El doce veces campe\u00f3n austriaco y cinco veces ganador de la Copa de Austria FC Red Bull Salzburg es un club de f\u00fatbol de Wals cerca de Salzburgo. El club juega en la Bundesliga austr\u00edaca con sus partidos en casa en el Red Bull Arena. Los jugadores del equipo cuentan con el apoyo de fan\u00e1ticos fant\u00e1sticos, entrenadores fant\u00e1sticos y, por supuesto, Red Bull Energy.El resto de Red Bull Salzburg sportswear, clothing &amp; kit incluyen gorra, Sudadera con capucha, Camiseta, tank tops, Chaqueta y Llaveros para todos los Red Bull Salzburg aficionados.La mercanc\u00eda &amp; apparel es ideal para mujeres y hombres fans de futbol. Echa un vistazo en lo merchandise oficial de Red Bull Salzburg, que incluye ropa deportiva y accesorios. <\/p>\n<p>Red Bull Salzburg Away Camiseta 20\/21 te permite mostrar los colores de tu equipo, perfectos para mirar y hacer deporte. Anima a tus compa\u00f1eros de equipo &#8211; FC Salzburg Camiseta manga corta<br \/>\nEl doce veces campe\u00f3n austriaco y cinco veces ganador de la Copa de Austria FC Red Bull Salzburg es un club de f\u00fatbol de Wals cerca de Salzburgo. El club juega en la Bundesliga austr\u00edaca con sus partidos en casa en el Red Bull Arena. Los jugadores del equipo cuentan con el apoyo de fan\u00e1ticos fant\u00e1sticos, entrenadores fant\u00e1sticos y, por supuesto, Red Bull Energy.<br \/>\nPoli\u00e9ster<br \/>\nMangas Corta<br \/>\nEl resto de Red Bull Salzburg sportswear, clothing &amp; kit incluyen gorra, Sudadera con capucha, Camiseta, tank tops, Chaqueta y Llaveros para todos los Red Bull Salzburg aficionados.<br \/>\nLa mercanc\u00eda &amp; apparel es ideal para mujeres y hombres fans de futbol. Echa un vistazo en lo merchandise oficial de Red Bull Salzburg, que incluye ropa deportiva y accesorios.<br \/>\nPolyester<br \/>\n<\/p>\n","protected":false},"excerpt":{"rendered":"<p>Red Bull Salzburg Away Camiseta 20\/21 te permite mostrar los colores de tu equipo, perfectos para mirar y hacer deporte. Anima a tus compa\u00f1eros de equipo &#8211; FC Salzburg Camiseta manga corta<br \/>\nEl doce veces campe\u00f3n austriaco y cinco veces ganador de la Copa de Austria FC Red Bull Salzburg es un club de f\u00fatbol de Wals cerca de Salzburgo. El club juega en la Bundesliga austr\u00edaca con sus partidos en casa en el Red Bull Arena. Los jugadores del equipo cuentan con el apoyo de fan\u00e1ticos fant\u00e1sticos, entrenadores fant\u00e1sticos y, por supuesto, Red Bull Energy.<br \/>\nPoli\u00e9ster<\/p>\n","protected":false},"featured_media":82260,"comment_status":"open","ping_status":"closed","template":"","meta":{"_kadence_starter_templates_imported_post":false,"_kad_post_transparent":"","_kad_post_title":"","_kad_post_layout":"","_kad_post_sidebar_id":"","_kad_post_content_style":"","_kad_post_vertical_padding":"","_kad_post_feature":"","_kad_post_feature_position":"","_kad_post_header":false,"_kad_post_footer":false},"product_brand":[],"product_cat":[450,451],"product_tag":[],"class_list":{"0":"post-82258","1":"product","2":"type-product","3":"status-publish","4":"has-post-thumbnail","6":"product_cat-futbol","7":"product_cat-camisetas","8":"pa_brand-visita-la-store-de-red-bull","10":"first","11":"instock","12":"shipping-taxable","13":"purchasable","14":"product-type-simple","15":"entry","16":"content-bg","17":"loop-entry"},"_links":{"self":[{"href":"https:\/\/futllermo.com\/tienda\/wp-json\/wp\/v2\/product\/82258","targetHints":{"allow":["GET"]}}],"collection":[{"href":"https:\/\/futllermo.com\/tienda\/wp-json\/wp\/v2\/product"}],"about":[{"href":"https:\/\/futllermo.com\/tienda\/wp-json\/wp\/v2\/types\/product"}],"replies":[{"embeddable":true,"href":"https:\/\/futllermo.com\/tienda\/wp-json\/wp\/v2\/comments?post=82258"}],"wp:featuredmedia":[{"embeddable":true,"href":"https:\/\/futllermo.com\/tienda\/wp-json\/wp\/v2\/media\/82260"}],"wp:attachment":[{"href":"https:\/\/futllermo.com\/tienda\/wp-json\/wp\/v2\/media?parent=82258"}],"wp:term":[{"taxonomy":"product_brand","embeddable":true,"href":"https:\/\/futllermo.com\/tienda\/wp-json\/wp\/v2\/product_brand?post=82258"},{"taxonomy":"product_cat","embeddable":true,"href":"https:\/\/futllermo.com\/tienda\/wp-json\/wp\/v2\/product_cat?post=82258"},{"taxonomy":"product_tag","embeddable":true,"href":"https:\/\/futllermo.com\/tienda\/wp-json\/wp\/v2\/product_tag?post=82258"}],"curies":[{"name":"wp","href":"https:\/\/api.w.org\/{rel}","templated":true}]}}